{"id":8821,"date":"2020-05-15T12:48:54","date_gmt":"2020-05-15T10:48:54","guid":{"rendered":"https:\/\/c3zurich.ch\/?page_id=8821"},"modified":"2020-05-15T14:18:17","modified_gmt":"2020-05-15T12:18:17","slug":"in-kontakt-treten","status":"publish","type":"page","link":"https:\/\/c3zurich.ch\/de\/in-kontakt-treten\/","title":{"rendered":"In Kontakt treten"},"content":{"rendered":"\n<h1>\n\t\tWillkommen bei uns in der C3 Zurich!\n\t<\/h1>\n\t<p>Wenn du in der Gegend von Z\u00fcrich lebst und mehr \u00fcber Gottesdienste, Treffen unter der Woche und Connect Groups wissen m\u00f6chtest, dann lass uns das doch unten wissen und wir kommen miteinander ins Gespr\u00e4ch!<\/p>\n<br>\n<a href=\"https:\/\/c3zurich.churchcenter.com\/people\/forms\/134792\" data-open-in-church-center-modal=\"true\"><button>Clicke hier f\u00fcr Kontakt<\/button><\/a>\n\n\n\n<p><\/p>\n","protected":false},"excerpt":{"rendered":"<p>Willkommen bei uns in der C3 Zurich! Wenn du in der Gegend von Z\u00fcrich lebst und mehr \u00fcber Gottesdienste, Treffen unter der Woche und Connect Groups wissen m\u00f6chtest, dann lass uns das doch unten wissen und wir kommen miteinander ins Gespr\u00e4ch! Clicke hier f\u00fcr Kontakt<\/p>\n","protected":false},"author":9,"featured_media":0,"parent":0,"menu_order":0,"comment_status":"closed","ping_status":"closed","template":"my-templates\/no-title-template.php","meta":{"give_campaign_id":0,"inline_featured_image":false,"_monsterinsights_skip_tracking":false,"_monsterinsights_sitenote_active":false,"_monsterinsights_sitenote_note":"","_monsterinsights_sitenote_category":0,"_genesis_hide_title":false,"_genesis_hide_breadcrumbs":false,"_genesis_hide_singular_image":false,"_genesis_hide_footer_widgets":false,"_genesis_custom_body_class":"","_genesis_custom_post_class":"","_genesis_layout":"","footnotes":""},"class_list":{"0":"post-8821","1":"page","2":"type-page","3":"status-publish","5":"entry"},"yoast_head":"<!-- This site is optimized with the Yoast SEO plugin v27.2 - https:\/\/yoast.com\/product\/yoast-seo-wordpress\/ -->\n<title>In Kontakt treten | C3 Z\u00fcrich<\/title>\n<meta name=\"robots\" content=\"index, follow, max-snippet:-1, max-image-preview:large, max-video-preview:-1\" \/>\n<link rel=\"canonical\" href=\"https:\/\/c3zurich.ch\/de\/in-kontakt-treten\/\" \/>\n<meta property=\"og:locale\" content=\"de_DE\" \/>\n<meta property=\"og:type\" content=\"article\" \/>\n<meta property=\"og:title\" content=\"In Kontakt treten | C3 Z\u00fcrich\" \/>\n<meta property=\"og:description\" content=\"Willkommen bei uns in der C3 Zurich! Wenn du in der Gegend von Z\u00fcrich lebst und mehr \u00fcber Gottesdienste, Treffen unter der Woche und Connect Groups wissen m\u00f6chtest, dann lass uns das doch unten wissen und wir kommen miteinander ins Gespr\u00e4ch! Clicke hier f\u00fcr Kontakt\" \/>\n<meta property=\"og:url\" content=\"https:\/\/c3zurich.ch\/de\/in-kontakt-treten\/\" \/>\n<meta property=\"og:site_name\" content=\"C3 Z\u00fcrich\" \/>\n<meta property=\"article:publisher\" content=\"https:\/\/www.facebook.com\/C3Zurich\/\" \/>\n<meta property=\"article:modified_time\" content=\"2020-05-15T12:18:17+00:00\" \/>\n<meta property=\"og:image\" content=\"https:\/\/c3zurich.ch\/wp-content\/uploads\/2019\/11\/Community-Picture.jpg\" \/>\n\t<meta property=\"og:image:width\" content=\"2048\" \/>\n\t<meta property=\"og:image:height\" content=\"1365\" \/>\n\t<meta property=\"og:image:type\" content=\"image\/jpeg\" \/>\n<meta name=\"twitter:card\" content=\"summary_large_image\" \/>\n<meta name=\"twitter:site\" content=\"@c3zurich\" \/>\n<script type=\"application\/ld+json\" class=\"yoast-schema-graph\">{\"@context\":\"https:\/\/schema.org\",\"@graph\":[{\"@type\":\"WebPage\",\"@id\":\"https:\/\/c3zurich.ch\/de\/in-kontakt-treten\/\",\"url\":\"https:\/\/c3zurich.ch\/de\/in-kontakt-treten\/\",\"name\":\"In Kontakt treten | C3 Z\u00fcrich\",\"isPartOf\":{\"@id\":\"https:\/\/c3zurich.ch\/#website\"},\"datePublished\":\"2020-05-15T10:48:54+00:00\",\"dateModified\":\"2020-05-15T12:18:17+00:00\",\"inLanguage\":\"de-CH\",\"potentialAction\":[{\"@type\":\"ReadAction\",\"target\":[\"https:\/\/c3zurich.ch\/de\/in-kontakt-treten\/\"]}]},{\"@type\":\"WebSite\",\"@id\":\"https:\/\/c3zurich.ch\/#website\",\"url\":\"https:\/\/c3zurich.ch\/\",\"name\":\"C3 Zurich\",\"description\":\"Eine Glaubensgemeinschaft im Zentrum von Z\u00fcrich mit Gottesdiensten in Mundart und Englisch\",\"publisher\":{\"@id\":\"https:\/\/c3zurich.ch\/#organization\"},\"potentialAction\":[{\"@type\":\"SearchAction\",\"target\":{\"@type\":\"EntryPoint\",\"urlTemplate\":\"https:\/\/c3zurich.ch\/?s={search_term_string}\"},\"query-input\":{\"@type\":\"PropertyValueSpecification\",\"valueRequired\":true,\"valueName\":\"search_term_string\"}}],\"inLanguage\":\"de-CH\"},{\"@type\":\"Organization\",\"@id\":\"https:\/\/c3zurich.ch\/#organization\",\"name\":\"C3 Church Zurich\",\"alternateName\":\"C3 Zurich\",\"url\":\"https:\/\/c3zurich.ch\/\",\"logo\":{\"@type\":\"ImageObject\",\"inLanguage\":\"de-CH\",\"@id\":\"https:\/\/c3zurich.ch\/#\/schema\/logo\/image\/\",\"url\":\"https:\/\/c3zurich.ch\/wp-content\/uploads\/2019\/11\/Church-Worship-Scene.jpg\",\"contentUrl\":\"https:\/\/c3zurich.ch\/wp-content\/uploads\/2019\/11\/Church-Worship-Scene.jpg\",\"width\":2048,\"height\":1365,\"caption\":\"C3 Church Zurich\"},\"image\":{\"@id\":\"https:\/\/c3zurich.ch\/#\/schema\/logo\/image\/\"},\"sameAs\":[\"https:\/\/www.facebook.com\/C3Zurich\/\",\"https:\/\/x.com\/c3zurich\",\"https:\/\/www.instagram.com\/c3zurich\/\"]}]}<\/script>\n<!-- \/ Yoast SEO plugin. -->","yoast_head_json":{"title":"In Kontakt treten | C3 Z\u00fcrich","robots":{"index":"index","follow":"follow","max-snippet":"max-snippet:-1","max-image-preview":"max-image-preview:large","max-video-preview":"max-video-preview:-1"},"canonical":"https:\/\/c3zurich.ch\/de\/in-kontakt-treten\/","og_locale":"de_DE","og_type":"article","og_title":"In Kontakt treten | C3 Z\u00fcrich","og_description":"Willkommen bei uns in der C3 Zurich! Wenn du in der Gegend von Z\u00fcrich lebst und mehr \u00fcber Gottesdienste, Treffen unter der Woche und Connect Groups wissen m\u00f6chtest, dann lass uns das doch unten wissen und wir kommen miteinander ins Gespr\u00e4ch! Clicke hier f\u00fcr Kontakt","og_url":"https:\/\/c3zurich.ch\/de\/in-kontakt-treten\/","og_site_name":"C3 Z\u00fcrich","article_publisher":"https:\/\/www.facebook.com\/C3Zurich\/","article_modified_time":"2020-05-15T12:18:17+00:00","og_image":[{"width":2048,"height":1365,"url":"https:\/\/c3zurich.ch\/wp-content\/uploads\/2019\/11\/Community-Picture.jpg","type":"image\/jpeg"}],"twitter_card":"summary_large_image","twitter_site":"@c3zurich","schema":{"@context":"https:\/\/schema.org","@graph":[{"@type":"WebPage","@id":"https:\/\/c3zurich.ch\/de\/in-kontakt-treten\/","url":"https:\/\/c3zurich.ch\/de\/in-kontakt-treten\/","name":"In Kontakt treten | C3 Z\u00fcrich","isPartOf":{"@id":"https:\/\/c3zurich.ch\/#website"},"datePublished":"2020-05-15T10:48:54+00:00","dateModified":"2020-05-15T12:18:17+00:00","inLanguage":"de-CH","potentialAction":[{"@type":"ReadAction","target":["https:\/\/c3zurich.ch\/de\/in-kontakt-treten\/"]}]},{"@type":"WebSite","@id":"https:\/\/c3zurich.ch\/#website","url":"https:\/\/c3zurich.ch\/","name":"C3 Zurich","description":"Eine Glaubensgemeinschaft im Zentrum von Z\u00fcrich mit Gottesdiensten in Mundart und Englisch","publisher":{"@id":"https:\/\/c3zurich.ch\/#organization"},"potentialAction":[{"@type":"SearchAction","target":{"@type":"EntryPoint","urlTemplate":"https:\/\/c3zurich.ch\/?s={search_term_string}"},"query-input":{"@type":"PropertyValueSpecification","valueRequired":true,"valueName":"search_term_string"}}],"inLanguage":"de-CH"},{"@type":"Organization","@id":"https:\/\/c3zurich.ch\/#organization","name":"C3 Church Zurich","alternateName":"C3 Zurich","url":"https:\/\/c3zurich.ch\/","logo":{"@type":"ImageObject","inLanguage":"de-CH","@id":"https:\/\/c3zurich.ch\/#\/schema\/logo\/image\/","url":"https:\/\/c3zurich.ch\/wp-content\/uploads\/2019\/11\/Church-Worship-Scene.jpg","contentUrl":"https:\/\/c3zurich.ch\/wp-content\/uploads\/2019\/11\/Church-Worship-Scene.jpg","width":2048,"height":1365,"caption":"C3 Church Zurich"},"image":{"@id":"https:\/\/c3zurich.ch\/#\/schema\/logo\/image\/"},"sameAs":["https:\/\/www.facebook.com\/C3Zurich\/","https:\/\/x.com\/c3zurich","https:\/\/www.instagram.com\/c3zurich\/"]}]}},"campaignId":"","_links":{"self":[{"href":"https:\/\/c3zurich.ch\/de\/wp-json\/wp\/v2\/pages\/8821","targetHints":{"allow":["GET"]}}],"collection":[{"href":"https:\/\/c3zurich.ch\/de\/wp-json\/wp\/v2\/pages"}],"about":[{"href":"https:\/\/c3zurich.ch\/de\/wp-json\/wp\/v2\/types\/page"}],"author":[{"embeddable":true,"href":"https:\/\/c3zurich.ch\/de\/wp-json\/wp\/v2\/users\/9"}],"replies":[{"embeddable":true,"href":"https:\/\/c3zurich.ch\/de\/wp-json\/wp\/v2\/comments?post=8821"}],"version-history":[{"count":10,"href":"https:\/\/c3zurich.ch\/de\/wp-json\/wp\/v2\/pages\/8821\/revisions"}],"predecessor-version":[{"id":8846,"href":"https:\/\/c3zurich.ch\/de\/wp-json\/wp\/v2\/pages\/8821\/revisions\/8846"}],"wp:attachment":[{"href":"https:\/\/c3zurich.ch\/de\/wp-json\/wp\/v2\/media?parent=8821"}],"curies":[{"name":"wp","href":"https:\/\/api.w.org\/{rel}","templated":true}]}}