{"id":8376,"date":"2019-05-10T14:35:27","date_gmt":"2019-05-10T12:35:27","guid":{"rendered":"https:\/\/c3zurich.ch\/?page_id=8376"},"modified":"2023-01-28T19:08:19","modified_gmt":"2023-01-28T18:08:19","slug":"gebet","status":"publish","type":"page","link":"https:\/\/c3zurich.ch\/de\/gebet\/","title":{"rendered":"Gebetsdienst"},"content":{"rendered":"\n<h2>\n\t\tGebetsdienst\n\t<\/h2>\n\t<h2>Wir glauben an die Kraft des Gebets<\/h2>\n<p>Als C3 Z\u00fcrich glauben wir an die Kraft des Gebets. Wir haben ein Gebetsdienst-Team, das sonntags nach dem Gottesdienst gerne pers\u00f6nlich mit Besucherinnen und Besuchern betet.<\/p>\n<p>Aber Gebet endet hier nicht. Wir m\u00f6chten durch die Woche hindurch f\u00fcr dich beten, wo auch immer du dich befindest. Wenn du einen Gebetswunsch hast, das du unserem Gebets-Team anvertrauen m\u00f6chtest, dann teile uns gerne dein Anliegen und deine Mail-Adresse mit, damit wir dich allenfalls kontaktieren k\u00f6nnen.<\/p>\n<p>Wenn du es w\u00fcnschst, behandeln wir dein Anliegen vertraulich.<br \/>Deine Mail-Adresse verwenden wir nicht f\u00fcr andere Zwecke.<\/p>\n\n","protected":false},"excerpt":{"rendered":"<p>Gebetsdienst Wir glauben an die Kraft des Gebets Als C3 Z\u00fcrich glauben wir an die Kraft des Gebets. Wir haben ein Gebetsdienst-Team, das sonntags nach dem Gottesdienst gerne pers\u00f6nlich mit Besucherinnen und Besuchern betet. Aber Gebet endet hier nicht. Wir m\u00f6chten durch die Woche hindurch f\u00fcr dich beten, wo auch immer du dich befindest. Wenn [&hellip;]<\/p>\n","protected":false},"author":10,"featured_media":8389,"parent":0,"menu_order":0,"comment_status":"closed","ping_status":"closed","template":"my-templates\/no-title-template.php","meta":{"give_campaign_id":0,"inline_featured_image":false,"_monsterinsights_skip_tracking":false,"_monsterinsights_sitenote_active":false,"_monsterinsights_sitenote_note":"","_monsterinsights_sitenote_category":0,"_genesis_hide_title":false,"_genesis_hide_breadcrumbs":false,"_genesis_hide_singular_image":false,"_genesis_hide_footer_widgets":false,"_genesis_custom_body_class":"","_genesis_custom_post_class":"","_genesis_layout":"","footnotes":""},"class_list":{"0":"post-8376","1":"page","2":"type-page","3":"status-publish","4":"has-post-thumbnail","6":"entry"},"yoast_head":"<!-- This site is optimized with the Yoast SEO plugin v27.2 - https:\/\/yoast.com\/product\/yoast-seo-wordpress\/ -->\n<title>Gebetsdienst | C3 Z\u00fcrich<\/title>\n<meta name=\"description\" content=\"Wir glauben an die Kraft des Gebets und machen wertvolle Erfahrungen damit. Unser Gebets-Team betet gerne nach dem Gottesdienst und in der Woche f\u00fcr dich.\" \/>\n<meta name=\"robots\" content=\"index, follow, max-snippet:-1, max-image-preview:large, max-video-preview:-1\" \/>\n<link rel=\"canonical\" href=\"https:\/\/c3zurich.ch\/de\/gebet\/\" \/>\n<meta property=\"og:locale\" content=\"de_DE\" \/>\n<meta property=\"og:type\" content=\"article\" \/>\n<meta property=\"og:title\" content=\"Gebetsdienst | C3 Z\u00fcrich\" \/>\n<meta property=\"og:description\" content=\"Wir glauben an die Kraft des Gebets und machen wertvolle Erfahrungen damit. Unser Gebets-Team betet gerne nach dem Gottesdienst und in der Woche f\u00fcr dich.\" \/>\n<meta property=\"og:url\" content=\"https:\/\/c3zurich.ch\/de\/gebet\/\" \/>\n<meta property=\"og:site_name\" content=\"C3 Z\u00fcrich\" \/>\n<meta property=\"article:publisher\" content=\"https:\/\/www.facebook.com\/C3Zurich\/\" \/>\n<meta property=\"article:modified_time\" content=\"2023-01-28T18:08:19+00:00\" \/>\n<meta property=\"og:image\" content=\"https:\/\/c3zurich.ch\/wp-content\/uploads\/2019\/05\/prayer-ministry-team.jpg\" \/>\n\t<meta property=\"og:image:width\" content=\"3000\" \/>\n\t<meta property=\"og:image:height\" content=\"2001\" \/>\n\t<meta property=\"og:image:type\" content=\"image\/jpeg\" \/>\n<meta name=\"twitter:card\" content=\"summary_large_image\" \/>\n<meta name=\"twitter:site\" content=\"@c3zurich\" \/>\n<meta name=\"twitter:label1\" content=\"Gesch\u00e4tzte Lesezeit\" \/>\n\t<meta name=\"twitter:data1\" content=\"1\u00a0Minute\" \/>\n<script type=\"application\/ld+json\" class=\"yoast-schema-graph\">{\"@context\":\"https:\/\/schema.org\",\"@graph\":[{\"@type\":\"WebPage\",\"@id\":\"https:\/\/c3zurich.ch\/de\/gebet\/\",\"url\":\"https:\/\/c3zurich.ch\/de\/gebet\/\",\"name\":\"Gebetsdienst | C3 Z\u00fcrich\",\"isPartOf\":{\"@id\":\"https:\/\/c3zurich.ch\/#website\"},\"primaryImageOfPage\":{\"@id\":\"https:\/\/c3zurich.ch\/de\/gebet\/#primaryimage\"},\"image\":{\"@id\":\"https:\/\/c3zurich.ch\/de\/gebet\/#primaryimage\"},\"thumbnailUrl\":\"https:\/\/c3zurich.ch\/wp-content\/uploads\/2019\/05\/prayer-ministry-team.jpg\",\"datePublished\":\"2019-05-10T12:35:27+00:00\",\"dateModified\":\"2023-01-28T18:08:19+00:00\",\"description\":\"Wir glauben an die Kraft des Gebets und machen wertvolle Erfahrungen damit. Unser Gebets-Team betet gerne nach dem Gottesdienst und in der Woche f\u00fcr dich.\",\"inLanguage\":\"de-CH\",\"potentialAction\":[{\"@type\":\"ReadAction\",\"target\":[\"https:\/\/c3zurich.ch\/de\/gebet\/\"]}]},{\"@type\":\"ImageObject\",\"inLanguage\":\"de-CH\",\"@id\":\"https:\/\/c3zurich.ch\/de\/gebet\/#primaryimage\",\"url\":\"https:\/\/c3zurich.ch\/wp-content\/uploads\/2019\/05\/prayer-ministry-team.jpg\",\"contentUrl\":\"https:\/\/c3zurich.ch\/wp-content\/uploads\/2019\/05\/prayer-ministry-team.jpg\",\"width\":3000,\"height\":2001},{\"@type\":\"WebSite\",\"@id\":\"https:\/\/c3zurich.ch\/#website\",\"url\":\"https:\/\/c3zurich.ch\/\",\"name\":\"C3 Zurich\",\"description\":\"Eine Glaubensgemeinschaft im Zentrum von Z\u00fcrich mit Gottesdiensten in Mundart und Englisch\",\"publisher\":{\"@id\":\"https:\/\/c3zurich.ch\/#organization\"},\"potentialAction\":[{\"@type\":\"SearchAction\",\"target\":{\"@type\":\"EntryPoint\",\"urlTemplate\":\"https:\/\/c3zurich.ch\/?s={search_term_string}\"},\"query-input\":{\"@type\":\"PropertyValueSpecification\",\"valueRequired\":true,\"valueName\":\"search_term_string\"}}],\"inLanguage\":\"de-CH\"},{\"@type\":\"Organization\",\"@id\":\"https:\/\/c3zurich.ch\/#organization\",\"name\":\"C3 Church Zurich\",\"alternateName\":\"C3 Zurich\",\"url\":\"https:\/\/c3zurich.ch\/\",\"logo\":{\"@type\":\"ImageObject\",\"inLanguage\":\"de-CH\",\"@id\":\"https:\/\/c3zurich.ch\/#\/schema\/logo\/image\/\",\"url\":\"https:\/\/c3zurich.ch\/wp-content\/uploads\/2019\/11\/Church-Worship-Scene.jpg\",\"contentUrl\":\"https:\/\/c3zurich.ch\/wp-content\/uploads\/2019\/11\/Church-Worship-Scene.jpg\",\"width\":2048,\"height\":1365,\"caption\":\"C3 Church Zurich\"},\"image\":{\"@id\":\"https:\/\/c3zurich.ch\/#\/schema\/logo\/image\/\"},\"sameAs\":[\"https:\/\/www.facebook.com\/C3Zurich\/\",\"https:\/\/x.com\/c3zurich\",\"https:\/\/www.instagram.com\/c3zurich\/\"]}]}<\/script>\n<!-- \/ Yoast SEO plugin. -->","yoast_head_json":{"title":"Gebetsdienst | C3 Z\u00fcrich","description":"Wir glauben an die Kraft des Gebets und machen wertvolle Erfahrungen damit. Unser Gebets-Team betet gerne nach dem Gottesdienst und in der Woche f\u00fcr dich.","robots":{"index":"index","follow":"follow","max-snippet":"max-snippet:-1","max-image-preview":"max-image-preview:large","max-video-preview":"max-video-preview:-1"},"canonical":"https:\/\/c3zurich.ch\/de\/gebet\/","og_locale":"de_DE","og_type":"article","og_title":"Gebetsdienst | C3 Z\u00fcrich","og_description":"Wir glauben an die Kraft des Gebets und machen wertvolle Erfahrungen damit. Unser Gebets-Team betet gerne nach dem Gottesdienst und in der Woche f\u00fcr dich.","og_url":"https:\/\/c3zurich.ch\/de\/gebet\/","og_site_name":"C3 Z\u00fcrich","article_publisher":"https:\/\/www.facebook.com\/C3Zurich\/","article_modified_time":"2023-01-28T18:08:19+00:00","og_image":[{"width":3000,"height":2001,"url":"https:\/\/c3zurich.ch\/wp-content\/uploads\/2019\/05\/prayer-ministry-team.jpg","type":"image\/jpeg"}],"twitter_card":"summary_large_image","twitter_site":"@c3zurich","twitter_misc":{"Gesch\u00e4tzte Lesezeit":"1\u00a0Minute"},"schema":{"@context":"https:\/\/schema.org","@graph":[{"@type":"WebPage","@id":"https:\/\/c3zurich.ch\/de\/gebet\/","url":"https:\/\/c3zurich.ch\/de\/gebet\/","name":"Gebetsdienst | C3 Z\u00fcrich","isPartOf":{"@id":"https:\/\/c3zurich.ch\/#website"},"primaryImageOfPage":{"@id":"https:\/\/c3zurich.ch\/de\/gebet\/#primaryimage"},"image":{"@id":"https:\/\/c3zurich.ch\/de\/gebet\/#primaryimage"},"thumbnailUrl":"https:\/\/c3zurich.ch\/wp-content\/uploads\/2019\/05\/prayer-ministry-team.jpg","datePublished":"2019-05-10T12:35:27+00:00","dateModified":"2023-01-28T18:08:19+00:00","description":"Wir glauben an die Kraft des Gebets und machen wertvolle Erfahrungen damit. Unser Gebets-Team betet gerne nach dem Gottesdienst und in der Woche f\u00fcr dich.","inLanguage":"de-CH","potentialAction":[{"@type":"ReadAction","target":["https:\/\/c3zurich.ch\/de\/gebet\/"]}]},{"@type":"ImageObject","inLanguage":"de-CH","@id":"https:\/\/c3zurich.ch\/de\/gebet\/#primaryimage","url":"https:\/\/c3zurich.ch\/wp-content\/uploads\/2019\/05\/prayer-ministry-team.jpg","contentUrl":"https:\/\/c3zurich.ch\/wp-content\/uploads\/2019\/05\/prayer-ministry-team.jpg","width":3000,"height":2001},{"@type":"WebSite","@id":"https:\/\/c3zurich.ch\/#website","url":"https:\/\/c3zurich.ch\/","name":"C3 Zurich","description":"Eine Glaubensgemeinschaft im Zentrum von Z\u00fcrich mit Gottesdiensten in Mundart und Englisch","publisher":{"@id":"https:\/\/c3zurich.ch\/#organization"},"potentialAction":[{"@type":"SearchAction","target":{"@type":"EntryPoint","urlTemplate":"https:\/\/c3zurich.ch\/?s={search_term_string}"},"query-input":{"@type":"PropertyValueSpecification","valueRequired":true,"valueName":"search_term_string"}}],"inLanguage":"de-CH"},{"@type":"Organization","@id":"https:\/\/c3zurich.ch\/#organization","name":"C3 Church Zurich","alternateName":"C3 Zurich","url":"https:\/\/c3zurich.ch\/","logo":{"@type":"ImageObject","inLanguage":"de-CH","@id":"https:\/\/c3zurich.ch\/#\/schema\/logo\/image\/","url":"https:\/\/c3zurich.ch\/wp-content\/uploads\/2019\/11\/Church-Worship-Scene.jpg","contentUrl":"https:\/\/c3zurich.ch\/wp-content\/uploads\/2019\/11\/Church-Worship-Scene.jpg","width":2048,"height":1365,"caption":"C3 Church Zurich"},"image":{"@id":"https:\/\/c3zurich.ch\/#\/schema\/logo\/image\/"},"sameAs":["https:\/\/www.facebook.com\/C3Zurich\/","https:\/\/x.com\/c3zurich","https:\/\/www.instagram.com\/c3zurich\/"]}]}},"campaignId":"","_links":{"self":[{"href":"https:\/\/c3zurich.ch\/de\/wp-json\/wp\/v2\/pages\/8376","targetHints":{"allow":["GET"]}}],"collection":[{"href":"https:\/\/c3zurich.ch\/de\/wp-json\/wp\/v2\/pages"}],"about":[{"href":"https:\/\/c3zurich.ch\/de\/wp-json\/wp\/v2\/types\/page"}],"author":[{"embeddable":true,"href":"https:\/\/c3zurich.ch\/de\/wp-json\/wp\/v2\/users\/10"}],"replies":[{"embeddable":true,"href":"https:\/\/c3zurich.ch\/de\/wp-json\/wp\/v2\/comments?post=8376"}],"version-history":[{"count":19,"href":"https:\/\/c3zurich.ch\/de\/wp-json\/wp\/v2\/pages\/8376\/revisions"}],"predecessor-version":[{"id":10719,"href":"https:\/\/c3zurich.ch\/de\/wp-json\/wp\/v2\/pages\/8376\/revisions\/10719"}],"wp:featuredmedia":[{"embeddable":true,"href":"https:\/\/c3zurich.ch\/de\/wp-json\/wp\/v2\/media\/8389"}],"wp:attachment":[{"href":"https:\/\/c3zurich.ch\/de\/wp-json\/wp\/v2\/media?parent=8376"}],"curies":[{"name":"wp","href":"https:\/\/api.w.org\/{rel}","templated":true}]}}