{"id":6025,"date":"2018-08-04T14:54:11","date_gmt":"2018-08-04T12:54:11","guid":{"rendered":"http:\/\/c3.staging1.laurencariscooks.com\/?page_id=6025\/"},"modified":"2019-11-08T20:48:25","modified_gmt":"2019-11-08T19:48:25","slug":"connect","status":"publish","type":"page","link":"https:\/\/c3zurich.ch\/de\/connect\/","title":{"rendered":"Connect Groups"},"content":{"rendered":"<h1>Connect Groups<\/h1>\n<h2>\n\t\tVERBINDE DEINEN SONNTAG MIT DEINEM ALLTAG<br \/>\n\t<\/h2>\n<p>\tAls Gemeinde legen wir viel Wert auf pers\u00f6nliche Kontakte in unseren \u00abConnect Groups\u00bb,<br \/>\ndie sich in der Woche treffen.<br \/>\n\tDie Connect-Gruppen bilden neben den Gottesdiensten das Herzst\u00fcck unserer Gemeinde: hier treffen wir uns w\u00f6chentlich zum Essen, Trinken und Lachen. In kleinem Kreis erz\u00e4hlen TeilnehmerInnen aus ihrem Leben, beten und lesen gemeinsam in der Bibel \u2013 und\u00a0kn\u00fcpfen Beziehungen. Diese Gruppen sind eine gute M\u00f6glichkeit, gemeinsame Zeit zu erleben, Leben zu teilen und unseren Glauben authentisch zu leben.<\/p>\n<p>Da sich unsere Gruppen an verschiedenen Tagen der Woche treffen, wirst du sicher etwas Passendes f\u00fcr dich finden. Unsere Gruppen bestehen aus maximal 12 TeilnehmerInnen, damit wir eine pers\u00f6nliche Atmosph\u00e4re pflegen k\u00f6nnen.<\/p>\n<p>\t<a href=\"https:\/\/c3zurich.churchcenter.com\/groups\/connect-groups\/\" target=\"_blank\"><button>Finde deine Connect Group<\/button><\/a><\/p>\n","protected":false},"excerpt":{"rendered":"<p>Connect Groups VERBINDE DEINEN SONNTAG MIT DEINEM ALLTAG Als Gemeinde legen wir viel Wert auf pers\u00f6nliche Kontakte in unseren \u00abConnect Groups\u00bb, die sich in der Woche treffen. Die Connect-Gruppen bilden neben den Gottesdiensten das Herzst\u00fcck unserer Gemeinde: hier treffen wir uns w\u00f6chentlich zum Essen, Trinken und Lachen. In kleinem Kreis erz\u00e4hlen TeilnehmerInnen aus ihrem Leben, [&hellip;]<\/p>\n","protected":false},"author":2,"featured_media":0,"parent":0,"menu_order":0,"comment_status":"closed","ping_status":"closed","template":"my-templates\/no-title-template.php","meta":{"give_campaign_id":0,"inline_featured_image":false,"_monsterinsights_skip_tracking":false,"_monsterinsights_sitenote_active":false,"_monsterinsights_sitenote_note":"","_monsterinsights_sitenote_category":0,"_genesis_hide_title":false,"_genesis_hide_breadcrumbs":false,"_genesis_hide_singular_image":false,"_genesis_hide_footer_widgets":false,"_genesis_custom_body_class":"","_genesis_custom_post_class":"","_genesis_layout":"","footnotes":""},"class_list":{"0":"post-6025","1":"page","2":"type-page","3":"status-publish","5":"entry"},"yoast_head":"<!-- This site is optimized with the Yoast SEO plugin v27.2 - https:\/\/yoast.com\/product\/yoast-seo-wordpress\/ -->\n<title>Connect Groups | C3 Z\u00fcrich<\/title>\n<meta name=\"description\" content=\"Unsere \u00abConnect Groups\u00bb sind eine tolle M\u00f6glichkeit, zusammen Zeit zu verbringen, Leben zu teilen und unseren Glauben authentisch zu leben.\" \/>\n<meta name=\"robots\" content=\"index, follow, max-snippet:-1, max-image-preview:large, max-video-preview:-1\" \/>\n<link rel=\"canonical\" href=\"https:\/\/c3zurich.ch\/de\/connect\/\" \/>\n<meta property=\"og:locale\" content=\"de_DE\" \/>\n<meta property=\"og:type\" content=\"article\" \/>\n<meta property=\"og:title\" content=\"Connect Groups | C3 Z\u00fcrich\" \/>\n<meta property=\"og:description\" content=\"Unsere \u00abConnect Groups\u00bb sind eine tolle M\u00f6glichkeit, zusammen Zeit zu verbringen, Leben zu teilen und unseren Glauben authentisch zu leben.\" \/>\n<meta property=\"og:url\" content=\"https:\/\/c3zurich.ch\/de\/connect\/\" \/>\n<meta property=\"og:site_name\" content=\"C3 Z\u00fcrich\" \/>\n<meta property=\"article:publisher\" content=\"https:\/\/www.facebook.com\/C3Zurich\/\" \/>\n<meta property=\"article:modified_time\" content=\"2019-11-08T19:48:25+00:00\" \/>\n<meta property=\"og:image\" content=\"https:\/\/c3zurich.ch\/wp-content\/uploads\/2019\/11\/Community-Picture.jpg\" \/>\n\t<meta property=\"og:image:width\" content=\"2048\" \/>\n\t<meta property=\"og:image:height\" content=\"1365\" \/>\n\t<meta property=\"og:image:type\" content=\"image\/jpeg\" \/>\n<meta name=\"twitter:card\" content=\"summary_large_image\" \/>\n<meta name=\"twitter:site\" content=\"@c3zurich\" \/>\n<meta name=\"twitter:label1\" content=\"Gesch\u00e4tzte Lesezeit\" \/>\n\t<meta name=\"twitter:data1\" content=\"1\u00a0Minute\" \/>\n<script type=\"application\/ld+json\" class=\"yoast-schema-graph\">{\"@context\":\"https:\/\/schema.org\",\"@graph\":[{\"@type\":\"WebPage\",\"@id\":\"https:\/\/c3zurich.ch\/de\/connect\/\",\"url\":\"https:\/\/c3zurich.ch\/de\/connect\/\",\"name\":\"Connect Groups | C3 Z\u00fcrich\",\"isPartOf\":{\"@id\":\"https:\/\/c3zurich.ch\/#website\"},\"datePublished\":\"2018-08-04T12:54:11+00:00\",\"dateModified\":\"2019-11-08T19:48:25+00:00\",\"description\":\"Unsere \u00abConnect Groups\u00bb sind eine tolle M\u00f6glichkeit, zusammen Zeit zu verbringen, Leben zu teilen und unseren Glauben authentisch zu leben.\",\"inLanguage\":\"de-CH\",\"potentialAction\":[{\"@type\":\"ReadAction\",\"target\":[\"https:\/\/c3zurich.ch\/de\/connect\/\"]}]},{\"@type\":\"WebSite\",\"@id\":\"https:\/\/c3zurich.ch\/#website\",\"url\":\"https:\/\/c3zurich.ch\/\",\"name\":\"C3 Zurich\",\"description\":\"Eine Glaubensgemeinschaft im Zentrum von Z\u00fcrich mit Gottesdiensten in Mundart und Englisch\",\"publisher\":{\"@id\":\"https:\/\/c3zurich.ch\/#organization\"},\"potentialAction\":[{\"@type\":\"SearchAction\",\"target\":{\"@type\":\"EntryPoint\",\"urlTemplate\":\"https:\/\/c3zurich.ch\/?s={search_term_string}\"},\"query-input\":{\"@type\":\"PropertyValueSpecification\",\"valueRequired\":true,\"valueName\":\"search_term_string\"}}],\"inLanguage\":\"de-CH\"},{\"@type\":\"Organization\",\"@id\":\"https:\/\/c3zurich.ch\/#organization\",\"name\":\"C3 Church Zurich\",\"alternateName\":\"C3 Zurich\",\"url\":\"https:\/\/c3zurich.ch\/\",\"logo\":{\"@type\":\"ImageObject\",\"inLanguage\":\"de-CH\",\"@id\":\"https:\/\/c3zurich.ch\/#\/schema\/logo\/image\/\",\"url\":\"https:\/\/c3zurich.ch\/wp-content\/uploads\/2019\/11\/Church-Worship-Scene.jpg\",\"contentUrl\":\"https:\/\/c3zurich.ch\/wp-content\/uploads\/2019\/11\/Church-Worship-Scene.jpg\",\"width\":2048,\"height\":1365,\"caption\":\"C3 Church Zurich\"},\"image\":{\"@id\":\"https:\/\/c3zurich.ch\/#\/schema\/logo\/image\/\"},\"sameAs\":[\"https:\/\/www.facebook.com\/C3Zurich\/\",\"https:\/\/x.com\/c3zurich\",\"https:\/\/www.instagram.com\/c3zurich\/\"]}]}<\/script>\n<!-- \/ Yoast SEO plugin. -->","yoast_head_json":{"title":"Connect Groups | C3 Z\u00fcrich","description":"Unsere \u00abConnect Groups\u00bb sind eine tolle M\u00f6glichkeit, zusammen Zeit zu verbringen, Leben zu teilen und unseren Glauben authentisch zu leben.","robots":{"index":"index","follow":"follow","max-snippet":"max-snippet:-1","max-image-preview":"max-image-preview:large","max-video-preview":"max-video-preview:-1"},"canonical":"https:\/\/c3zurich.ch\/de\/connect\/","og_locale":"de_DE","og_type":"article","og_title":"Connect Groups | C3 Z\u00fcrich","og_description":"Unsere \u00abConnect Groups\u00bb sind eine tolle M\u00f6glichkeit, zusammen Zeit zu verbringen, Leben zu teilen und unseren Glauben authentisch zu leben.","og_url":"https:\/\/c3zurich.ch\/de\/connect\/","og_site_name":"C3 Z\u00fcrich","article_publisher":"https:\/\/www.facebook.com\/C3Zurich\/","article_modified_time":"2019-11-08T19:48:25+00:00","og_image":[{"width":2048,"height":1365,"url":"https:\/\/c3zurich.ch\/wp-content\/uploads\/2019\/11\/Community-Picture.jpg","type":"image\/jpeg"}],"twitter_card":"summary_large_image","twitter_site":"@c3zurich","twitter_misc":{"Gesch\u00e4tzte Lesezeit":"1\u00a0Minute"},"schema":{"@context":"https:\/\/schema.org","@graph":[{"@type":"WebPage","@id":"https:\/\/c3zurich.ch\/de\/connect\/","url":"https:\/\/c3zurich.ch\/de\/connect\/","name":"Connect Groups | C3 Z\u00fcrich","isPartOf":{"@id":"https:\/\/c3zurich.ch\/#website"},"datePublished":"2018-08-04T12:54:11+00:00","dateModified":"2019-11-08T19:48:25+00:00","description":"Unsere \u00abConnect Groups\u00bb sind eine tolle M\u00f6glichkeit, zusammen Zeit zu verbringen, Leben zu teilen und unseren Glauben authentisch zu leben.","inLanguage":"de-CH","potentialAction":[{"@type":"ReadAction","target":["https:\/\/c3zurich.ch\/de\/connect\/"]}]},{"@type":"WebSite","@id":"https:\/\/c3zurich.ch\/#website","url":"https:\/\/c3zurich.ch\/","name":"C3 Zurich","description":"Eine Glaubensgemeinschaft im Zentrum von Z\u00fcrich mit Gottesdiensten in Mundart und Englisch","publisher":{"@id":"https:\/\/c3zurich.ch\/#organization"},"potentialAction":[{"@type":"SearchAction","target":{"@type":"EntryPoint","urlTemplate":"https:\/\/c3zurich.ch\/?s={search_term_string}"},"query-input":{"@type":"PropertyValueSpecification","valueRequired":true,"valueName":"search_term_string"}}],"inLanguage":"de-CH"},{"@type":"Organization","@id":"https:\/\/c3zurich.ch\/#organization","name":"C3 Church Zurich","alternateName":"C3 Zurich","url":"https:\/\/c3zurich.ch\/","logo":{"@type":"ImageObject","inLanguage":"de-CH","@id":"https:\/\/c3zurich.ch\/#\/schema\/logo\/image\/","url":"https:\/\/c3zurich.ch\/wp-content\/uploads\/2019\/11\/Church-Worship-Scene.jpg","contentUrl":"https:\/\/c3zurich.ch\/wp-content\/uploads\/2019\/11\/Church-Worship-Scene.jpg","width":2048,"height":1365,"caption":"C3 Church Zurich"},"image":{"@id":"https:\/\/c3zurich.ch\/#\/schema\/logo\/image\/"},"sameAs":["https:\/\/www.facebook.com\/C3Zurich\/","https:\/\/x.com\/c3zurich","https:\/\/www.instagram.com\/c3zurich\/"]}]}},"campaignId":"","_links":{"self":[{"href":"https:\/\/c3zurich.ch\/de\/wp-json\/wp\/v2\/pages\/6025","targetHints":{"allow":["GET"]}}],"collection":[{"href":"https:\/\/c3zurich.ch\/de\/wp-json\/wp\/v2\/pages"}],"about":[{"href":"https:\/\/c3zurich.ch\/de\/wp-json\/wp\/v2\/types\/page"}],"author":[{"embeddable":true,"href":"https:\/\/c3zurich.ch\/de\/wp-json\/wp\/v2\/users\/2"}],"replies":[{"embeddable":true,"href":"https:\/\/c3zurich.ch\/de\/wp-json\/wp\/v2\/comments?post=6025"}],"version-history":[{"count":8,"href":"https:\/\/c3zurich.ch\/de\/wp-json\/wp\/v2\/pages\/6025\/revisions"}],"predecessor-version":[{"id":8555,"href":"https:\/\/c3zurich.ch\/de\/wp-json\/wp\/v2\/pages\/6025\/revisions\/8555"}],"wp:attachment":[{"href":"https:\/\/c3zurich.ch\/de\/wp-json\/wp\/v2\/media?parent=6025"}],"curies":[{"name":"wp","href":"https:\/\/api.w.org\/{rel}","templated":true}]}}