{"id":6010,"date":"2018-08-04T14:38:15","date_gmt":"2018-08-04T12:38:15","guid":{"rendered":"http:\/\/c3.staging1.laurencariscooks.com\/?page_id=6010\/"},"modified":"2026-03-28T07:25:06","modified_gmt":"2026-03-28T06:25:06","slug":"kindergottesdienste","status":"publish","type":"page","link":"https:\/\/c3zurich.ch\/de\/kindergottesdienste\/","title":{"rendered":"Kids und Teens"},"content":{"rendered":"\n<h1>\n\t\t\tKinder\t<\/h1>\n<h2>\n\t\t\tKINDERGOTTESDIENST F\u00dcR KLEINKINDER UND SCHULKINDER\t<\/h2>\n\tJeden Sonntag gibt&#8217;s in der C3 Zurich West ein komplettes Kids-<br \/>\nProgramm fu\u0308r alle 2 bis 12 J\u00e4hrigen &#8211; plus einen sicheren Stillraum fu\u0308r Babys. In C3 Zurich South bieten wir Programme fu\u0308r Kinder von 0 bis 12 Jahren an. Wir lieben es zu sehen, wie bei den Kids der Funke u\u0308berspringt, wenn sie lernen, entdecken und in jedem Schritt wachsen. Deshalb richten wir jedes Altersprogramm genau auf die Lernstile, die Entwicklung und die Bedu\u0308rfnisse der jeweiligen Gruppe aus.\n<p>Wir beten daf\u00fcr, dass unsere C3 Kids Gott kennenlernen, seine Liebe erfahren und ein gutes Fundament mit Gott bauen k\u00f6nnen.<\/p>\n<p>Wir glauben, dass viel Kraft darin liegt, in die n\u00e4chste Generation zu investieren und den Kindern Raum f\u00fcr Kreativit\u00e4t und Begegnungen zu bieten; so kann ihre einzigartige und wundersch\u00f6ne Identit\u00e4t in Jesus Christus wachsen. Die C3-Kinder sind S\u00f6hne und T\u00f6chter des h\u00f6chsten K\u00f6nigs &#8211; jedes Kind hat eine Hoffnung, Zukunft und die kraftvolle Gnade \u00fcber seinem Leben und, nicht zuletzt: eine Berufung f\u00fcr unsere Stadt und Welt.<\/p>\n<p>Wenn Sie das erste Mal zu C3ZH kommen und Kinder haben, w\u00fcrden wir uns freuen, wenn Sie uns Bescheid geben. So k\u00f6nnen wir Ihnen und Ihren Kindern helfen, den richtigen Platz am Sonntag zu finden.<\/p>\n\t\t\t<a href=\"mailto:esther@c3zurich.ch\"  target=\"_self\">\n\t\t\t\t\t\t\tKONTAKTIERE UNSERE KIDS 2-12\n\t\t\t\t\t<\/a>\n<h2>\n\t\t\tAltesgruppen\t<\/h2>\n\t\t<ul>\n\t\t<li><blockquote><h2>Little Stars<\/h2>\n<h2>F\u00fcr 2-4 j\u00e4hrige Kinder<\/h2>\n<p>Sobald ein Kleinkind sich auch ohne die Begleitung der Eltern wohl f\u00fchlt, ist es in dieser Gruppe herzlich willkommen. In dieser Gruppe wird viel gespielt, es werden biblische Geschichten erz\u00e4hlt und Lieder gesungen.\u00a0<\/p>\n<p>&nbsp;<\/p>\n<\/blockquote><\/li>\t\t<li><blockquote><h2>Treasury Kids<\/h2>\n<h2>F\u00fcr 4-8 j\u00e4hrige Kinder (1. Kindergarten bis 2. Klasse)<\/h2>\n<p>Sobald dein Kind basteln, in einem geleiteten Kreis zuh\u00f6ren und in kleinen Gruppen \u00fcber ein Thema sprechen kann, darf es in die Primargruppe kommen. In dieser Gruppe singen und beten wir auch zusammen.<\/p>\n<p>&nbsp;<\/p>\n<\/blockquote><\/li>\t\t<li><blockquote><h2>Kids Club<\/h2>\n<h2>F\u00fcr 8-12 j\u00e4hrige Kinder (3. bis 6. Klasse)<\/h2>\n<p>Eine gemeinschaftsorientierte Gruppe, die darauf abzielt, Kindern Werkzeuge zu geben, um ihre eigene Bibel zu lesen, Gott in erh\u00f6rten Gebeten zu erleben und sich gegenseitig durch authentische Freundschaften zu unterst\u00fctzen. Kinder sind bereit f\u00fcr diese Gruppe, wenn sie in der Lage sind, gemeinsam zu schreiben, zu lesen, zu diskutieren und zu beten.<\/p>\n<p>&nbsp;<\/p>\n<\/blockquote><\/li>\t\t\t<\/ul>\n\n","protected":false},"excerpt":{"rendered":"<p>Kinder KINDERGOTTESDIENST F\u00dcR KLEINKINDER UND SCHULKINDER Jeden Sonntag gibt&#8217;s in der C3 Zurich West ein komplettes Kids- Programm fu\u0308r alle 2 bis 12 J\u00e4hrigen &#8211; plus einen sicheren Stillraum fu\u0308r Babys. In C3 Zurich South bieten wir Programme fu\u0308r Kinder von 0 bis 12 Jahren an. Wir lieben es zu sehen, wie bei den Kids [&hellip;]<\/p>\n","protected":false},"author":2,"featured_media":0,"parent":0,"menu_order":0,"comment_status":"closed","ping_status":"closed","template":"my-templates\/no-title-template.php","meta":{"give_campaign_id":0,"inline_featured_image":false,"_monsterinsights_skip_tracking":false,"_monsterinsights_sitenote_active":false,"_monsterinsights_sitenote_note":"","_monsterinsights_sitenote_category":0,"_genesis_hide_title":false,"_genesis_hide_breadcrumbs":false,"_genesis_hide_singular_image":false,"_genesis_hide_footer_widgets":false,"_genesis_custom_body_class":"","_genesis_custom_post_class":"","_genesis_layout":"","footnotes":""},"class_list":{"0":"post-6010","1":"page","2":"type-page","3":"status-publish","5":"entry","6":"has-post-thumbnail"},"yoast_head":"<!-- This site is optimized with the Yoast SEO plugin v27.2 - https:\/\/yoast.com\/product\/yoast-seo-wordpress\/ -->\n<title>Kids und Teens | C3 Z\u00fcrich<\/title>\n<meta name=\"description\" content=\"Jeden Sonntag bieten wir in der C3 Z\u00fcrich ein Kinderprogramm f\u00fcr 1- bis 13-j\u00e4hrige Kinder sowie einen sicheren Babyraum f\u00fcr die ganz Kleinen an.\" \/>\n<meta name=\"robots\" content=\"index, follow, max-snippet:-1, max-image-preview:large, max-video-preview:-1\" \/>\n<link rel=\"canonical\" href=\"https:\/\/c3zurich.ch\/de\/kindergottesdienste\/\" \/>\n<meta property=\"og:locale\" content=\"de_DE\" \/>\n<meta property=\"og:type\" content=\"article\" \/>\n<meta property=\"og:title\" content=\"C3-Z\u00fcrich-Kindergottesdienste\" \/>\n<meta property=\"og:description\" content=\"Jeden Sonntag bieten wir in der C3 Z\u00fcrich ein Kinderprogramm f\u00fcr 1- bis 13-j\u00e4hrige Kinder sowie einen sicheren Babyraum f\u00fcr die ganz Kleinen an.\" \/>\n<meta property=\"og:url\" content=\"https:\/\/c3zurich.ch\/de\/kindergottesdienste\/\" \/>\n<meta property=\"og:site_name\" content=\"C3 Z\u00fcrich\" \/>\n<meta property=\"article:publisher\" content=\"https:\/\/www.facebook.com\/C3Zurich\/\" \/>\n<meta property=\"article:modified_time\" content=\"2026-03-28T06:25:06+00:00\" \/>\n<meta property=\"og:image\" content=\"https:\/\/c3zurich.ch\/wp-content\/uploads\/2019\/11\/Community-Picture.jpg\" \/>\n\t<meta property=\"og:image:width\" content=\"2048\" \/>\n\t<meta property=\"og:image:height\" content=\"1365\" \/>\n\t<meta property=\"og:image:type\" content=\"image\/jpeg\" \/>\n<meta name=\"twitter:card\" content=\"summary_large_image\" \/>\n<meta name=\"twitter:site\" content=\"@c3zurich\" \/>\n<meta name=\"twitter:label1\" content=\"Gesch\u00e4tzte Lesezeit\" \/>\n\t<meta name=\"twitter:data1\" content=\"2\u00a0Minuten\" \/>\n<script type=\"application\/ld+json\" class=\"yoast-schema-graph\">{\"@context\":\"https:\/\/schema.org\",\"@graph\":[{\"@type\":\"WebPage\",\"@id\":\"https:\/\/c3zurich.ch\/de\/kindergottesdienste\/\",\"url\":\"https:\/\/c3zurich.ch\/de\/kindergottesdienste\/\",\"name\":\"Kids und Teens | C3 Z\u00fcrich\",\"isPartOf\":{\"@id\":\"https:\/\/c3zurich.ch\/#website\"},\"datePublished\":\"2018-08-04T12:38:15+00:00\",\"dateModified\":\"2026-03-28T06:25:06+00:00\",\"description\":\"Jeden Sonntag bieten wir in der C3 Z\u00fcrich ein Kinderprogramm f\u00fcr 1- bis 13-j\u00e4hrige Kinder sowie einen sicheren Babyraum f\u00fcr die ganz Kleinen an.\",\"inLanguage\":\"de-CH\",\"potentialAction\":[{\"@type\":\"ReadAction\",\"target\":[\"https:\/\/c3zurich.ch\/de\/kindergottesdienste\/\"]}]},{\"@type\":\"WebSite\",\"@id\":\"https:\/\/c3zurich.ch\/#website\",\"url\":\"https:\/\/c3zurich.ch\/\",\"name\":\"C3 Zurich\",\"description\":\"Eine Glaubensgemeinschaft im Zentrum von Z\u00fcrich mit Gottesdiensten in Mundart und Englisch\",\"publisher\":{\"@id\":\"https:\/\/c3zurich.ch\/#organization\"},\"potentialAction\":[{\"@type\":\"SearchAction\",\"target\":{\"@type\":\"EntryPoint\",\"urlTemplate\":\"https:\/\/c3zurich.ch\/?s={search_term_string}\"},\"query-input\":{\"@type\":\"PropertyValueSpecification\",\"valueRequired\":true,\"valueName\":\"search_term_string\"}}],\"inLanguage\":\"de-CH\"},{\"@type\":\"Organization\",\"@id\":\"https:\/\/c3zurich.ch\/#organization\",\"name\":\"C3 Church Zurich\",\"alternateName\":\"C3 Zurich\",\"url\":\"https:\/\/c3zurich.ch\/\",\"logo\":{\"@type\":\"ImageObject\",\"inLanguage\":\"de-CH\",\"@id\":\"https:\/\/c3zurich.ch\/#\/schema\/logo\/image\/\",\"url\":\"https:\/\/c3zurich.ch\/wp-content\/uploads\/2019\/11\/Church-Worship-Scene.jpg\",\"contentUrl\":\"https:\/\/c3zurich.ch\/wp-content\/uploads\/2019\/11\/Church-Worship-Scene.jpg\",\"width\":2048,\"height\":1365,\"caption\":\"C3 Church Zurich\"},\"image\":{\"@id\":\"https:\/\/c3zurich.ch\/#\/schema\/logo\/image\/\"},\"sameAs\":[\"https:\/\/www.facebook.com\/C3Zurich\/\",\"https:\/\/x.com\/c3zurich\",\"https:\/\/www.instagram.com\/c3zurich\/\"]}]}<\/script>\n<!-- \/ Yoast SEO plugin. -->","yoast_head_json":{"title":"Kids und Teens | C3 Z\u00fcrich","description":"Jeden Sonntag bieten wir in der C3 Z\u00fcrich ein Kinderprogramm f\u00fcr 1- bis 13-j\u00e4hrige Kinder sowie einen sicheren Babyraum f\u00fcr die ganz Kleinen an.","robots":{"index":"index","follow":"follow","max-snippet":"max-snippet:-1","max-image-preview":"max-image-preview:large","max-video-preview":"max-video-preview:-1"},"canonical":"https:\/\/c3zurich.ch\/de\/kindergottesdienste\/","og_locale":"de_DE","og_type":"article","og_title":"C3-Z\u00fcrich-Kindergottesdienste","og_description":"Jeden Sonntag bieten wir in der C3 Z\u00fcrich ein Kinderprogramm f\u00fcr 1- bis 13-j\u00e4hrige Kinder sowie einen sicheren Babyraum f\u00fcr die ganz Kleinen an.","og_url":"https:\/\/c3zurich.ch\/de\/kindergottesdienste\/","og_site_name":"C3 Z\u00fcrich","article_publisher":"https:\/\/www.facebook.com\/C3Zurich\/","article_modified_time":"2026-03-28T06:25:06+00:00","og_image":[{"width":2048,"height":1365,"url":"https:\/\/c3zurich.ch\/wp-content\/uploads\/2019\/11\/Community-Picture.jpg","type":"image\/jpeg"}],"twitter_card":"summary_large_image","twitter_site":"@c3zurich","twitter_misc":{"Gesch\u00e4tzte Lesezeit":"2\u00a0Minuten"},"schema":{"@context":"https:\/\/schema.org","@graph":[{"@type":"WebPage","@id":"https:\/\/c3zurich.ch\/de\/kindergottesdienste\/","url":"https:\/\/c3zurich.ch\/de\/kindergottesdienste\/","name":"Kids und Teens | C3 Z\u00fcrich","isPartOf":{"@id":"https:\/\/c3zurich.ch\/#website"},"datePublished":"2018-08-04T12:38:15+00:00","dateModified":"2026-03-28T06:25:06+00:00","description":"Jeden Sonntag bieten wir in der C3 Z\u00fcrich ein Kinderprogramm f\u00fcr 1- bis 13-j\u00e4hrige Kinder sowie einen sicheren Babyraum f\u00fcr die ganz Kleinen an.","inLanguage":"de-CH","potentialAction":[{"@type":"ReadAction","target":["https:\/\/c3zurich.ch\/de\/kindergottesdienste\/"]}]},{"@type":"WebSite","@id":"https:\/\/c3zurich.ch\/#website","url":"https:\/\/c3zurich.ch\/","name":"C3 Zurich","description":"Eine Glaubensgemeinschaft im Zentrum von Z\u00fcrich mit Gottesdiensten in Mundart und Englisch","publisher":{"@id":"https:\/\/c3zurich.ch\/#organization"},"potentialAction":[{"@type":"SearchAction","target":{"@type":"EntryPoint","urlTemplate":"https:\/\/c3zurich.ch\/?s={search_term_string}"},"query-input":{"@type":"PropertyValueSpecification","valueRequired":true,"valueName":"search_term_string"}}],"inLanguage":"de-CH"},{"@type":"Organization","@id":"https:\/\/c3zurich.ch\/#organization","name":"C3 Church Zurich","alternateName":"C3 Zurich","url":"https:\/\/c3zurich.ch\/","logo":{"@type":"ImageObject","inLanguage":"de-CH","@id":"https:\/\/c3zurich.ch\/#\/schema\/logo\/image\/","url":"https:\/\/c3zurich.ch\/wp-content\/uploads\/2019\/11\/Church-Worship-Scene.jpg","contentUrl":"https:\/\/c3zurich.ch\/wp-content\/uploads\/2019\/11\/Church-Worship-Scene.jpg","width":2048,"height":1365,"caption":"C3 Church Zurich"},"image":{"@id":"https:\/\/c3zurich.ch\/#\/schema\/logo\/image\/"},"sameAs":["https:\/\/www.facebook.com\/C3Zurich\/","https:\/\/x.com\/c3zurich","https:\/\/www.instagram.com\/c3zurich\/"]}]}},"campaignId":"","_links":{"self":[{"href":"https:\/\/c3zurich.ch\/de\/wp-json\/wp\/v2\/pages\/6010","targetHints":{"allow":["GET"]}}],"collection":[{"href":"https:\/\/c3zurich.ch\/de\/wp-json\/wp\/v2\/pages"}],"about":[{"href":"https:\/\/c3zurich.ch\/de\/wp-json\/wp\/v2\/types\/page"}],"author":[{"embeddable":true,"href":"https:\/\/c3zurich.ch\/de\/wp-json\/wp\/v2\/users\/2"}],"replies":[{"embeddable":true,"href":"https:\/\/c3zurich.ch\/de\/wp-json\/wp\/v2\/comments?post=6010"}],"version-history":[{"count":12,"href":"https:\/\/c3zurich.ch\/de\/wp-json\/wp\/v2\/pages\/6010\/revisions"}],"predecessor-version":[{"id":13589,"href":"https:\/\/c3zurich.ch\/de\/wp-json\/wp\/v2\/pages\/6010\/revisions\/13589"}],"wp:attachment":[{"href":"https:\/\/c3zurich.ch\/de\/wp-json\/wp\/v2\/media?parent=6010"}],"curies":[{"name":"wp","href":"https:\/\/api.w.org\/{rel}","templated":true}]}}