{"id":6004,"date":"2018-08-04T14:23:39","date_gmt":"2018-08-04T12:23:39","guid":{"rendered":"http:\/\/c3.staging1.laurencariscooks.com\/?page_id=6004\/"},"modified":"2025-11-16T21:03:12","modified_gmt":"2025-11-16T20:03:12","slug":"kontakt","status":"publish","type":"page","link":"https:\/\/c3zurich.ch\/de\/kontakt\/","title":{"rendered":"Kontakt C3 Z\u00fcrich und FAQ"},"content":{"rendered":"\n<h2>\n\t\t\tKontakt\t<\/h2>\n<h2>\n\t\t\tNimm Kontakt mit uns auf\t<\/h2>\nWir freuen uns sehr, dass Sie hier sind! Haben Sie eine Frage, ben\u00f6tigen Sie weitere Informationen oder m\u00f6chten Sie ein aktiver Teil unserer Gemeinde werden? Kein Problem! F\u00fcllen Sie das untenstehende Formular aus*, um uns mitzuteilen, an was Sie interessiert sind.\n\t\t\t<a href=\"https:\/\/c3zurich.ch\/de\/gottesdienste\/\" target=\"_blank\" rel=\"noopener\">\n\t\t\t\t\t\t\tZum ersten Mal hier? Entdecken Sie unsere Sonntagsgottesdienste\n\t\t\t\t\t<\/a>\n\t<!-- Begin MailChimp Signup Form -->\n<link href=\"\/\/cdn-images.mailchimp.com\/embedcode\/classic-10_7.css\" rel=\"stylesheet\" type=\"text\/css\"\/>\n<style type=\"text\/css\">\n    #mc_embed_signup{background:#fff; clear:left; font:14px Helvetica,Arial,sans-serif; padding:20px; border-radius: 10px; box-shadow: 0 0 10px rgba(0,0,0,0.1);}\n    #mc_embed_signup_popup {\n        display: none;\n        position: fixed;\n        top: 50%;\n        left: 50%;\n        transform: translate(-50%, -50%);\n        z-index: 1000;\n        width: 100%;\n        max-width: 500px;\n        background-color: white;\n        padding: 20px;\n        border-radius: 10px;\n        box-shadow: 0px 0px 15px rgba(0,0,0,0.3);\n    }\n    #overlay {\n        position: fixed;\n        top: 0;\n        left: 0;\n        width: 100%;\n        height: 100%;\n        background: rgba(0, 0, 0, 0.6);\n        z-index: 999;\n        display: none;\n    }\n    .subscribe-button {\n        padding: 15px 20px; \/* top: 15px, right: 20px, bottom: 15px, left: 20px *\/\n        font-size: 16px;\n        background-color: transparent;\n        color: #1c1d1f; \/* text color *\/\n        border: 2px solid #1c1d1f; \/* solid border with 2px width *\/\n        border-radius: 0px; \/* no border radius *\/\n        cursor: pointer;\n        display: inline-block;\n        text-align: center;\n        margin: 0 auto;\n        display: block; \/* centers the button *\/\n        transition: all 0.3s ease; \/* smooth transition for hover effects *\/\n        letter-spacing: 1.5px; \/* spacing between letters *\/\n    }\n    .subscribe-button:hover {\n        color: #ffffff; \/* text color on hover *\/\n        background-color: #1c1d1f; \/* background color on hover *\/\n        border-color: #1c1d1f; \/* border color on hover *\/\n    }\n<\/style>\n<!-- Trigger Button -->\n<button onclick=\"toggleForm()\">M\u00f6chten Sie in Kontakt bleiben? Abonnieren Sie den C3 Z\u00fcrich Newsletter<\/button>\n<!-- Overlay -->\n<!-- MailChimp Form -->\n        <form action=\"https:\/\/c3zurich.us5.list-manage.com\/subscribe\/post?u=9d8ca76b68de98066b9744aaf&amp;id=fd1a4db5bf\" method=\"post\" id=\"mc-embedded-subscribe-form\" name=\"mc-embedded-subscribe-form\" target=\"_blank\" novalidate>\n                * indicates required\n                    <label for=\"mce-FNAME\">First Name \/ Vornamen  *<\/label>\n                    <input type=\"text\" value=\"\" name=\"FNAME\" id=\"mce-FNAME\"\/>\n                    <label for=\"mce-LNAME\">Last Name  *<\/label>\n                    <input type=\"text\" value=\"\" name=\"LNAME\" id=\"mce-LNAME\"\/>\n                    <label for=\"mce-EMAIL\">Email  *<\/label>\n                    <input type=\"email\" value=\"\" name=\"EMAIL\" id=\"mce-EMAIL\"\/>\n                    <strong>LANGUAGE \/ SPRACHE <\/strong>\n                    <ul>\n                        <li><input type=\"checkbox\" value=\"4\" name=\"group[1013][4]\" id=\"mce-group[1013]-1013-0\"\/><label for=\"mce-group[1013]-1013-0\">English<\/label><\/li>\n                        <li><input type=\"checkbox\" value=\"8\" name=\"group[1013][8]\" id=\"mce-group[1013]-1013-1\"\/><label for=\"mce-group[1013]-1013-1\">Deutsch<\/label><\/li>\n                    <\/ul>\n                <!-- real people should not fill this in and expect good things - do not remove this or risk form bot signups-->\n                <input type=\"text\" name=\"b_9d8ca76b68de98066b9744aaf_fd1a4db5bf\" tabindex=\"-1\" value=\"\"\/>\n                <input type=\"submit\" value=\"Subscribe\" name=\"subscribe\" id=\"mc-embedded-subscribe\"\/>\n        <\/form>\n<!--End mc_embed_signup-->\n\t<p>Durch das Ausf\u00fcllen dieses Formulars stimmen Sie der Datenschutzerkl\u00e4rung zu (Ihre E-Mail-Adresse wird nicht weitergegeben). Details finden Sie unter c3zurich.ch\/privacy-policy\/<\/p>\n\t<h2 align=\"center\">H\u00e4ufig gestellte Fragen<\/h2>\n\t\t\t\t\t<a href=\"#\"  id=\"fl-accordion--label-0\" tabindex=\"0\" aria-controls=\"fl-accordion--panel-0\">In welcher Sprache findet der Gottestienst statt?<\/a>\n\t\t\t\t\t\t\t\t\t\t\t<a href=\"#\" id=\"fl-accordion--icon-0\"  tabindex=\"0\"><i title=\"Expand\">Expand<\/i><\/a>\n\t\t\t\t\tUnsere Gottesdienste finden auf Schweizerdeutsch und Englisch statt. Wir \u00fcbersetzen simultan.<br \/>\n<strong>Die meisten unserer Lobpreislieder sind Englisch.<\/strong>\n\t\t\t\t\t<a href=\"#\"  id=\"fl-accordion--label-1\" tabindex=\"0\" aria-controls=\"fl-accordion--panel-1\">Habt Ihr ein Kinderprogramm?<\/a>\n\t\t\t\t\t\t\t\t\t\t\t<a href=\"#\" id=\"fl-accordion--icon-1\"  tabindex=\"0\"><i title=\"Expand\">Expand<\/i><\/a>\n\t\t\t\t\t<p>Ja! Wir lieben es, Kinder aus allen Altersgruppen in unserer Kirche zu unterst\u00fctzen und bieten mehrere altersgerechte Gruppen an. <a href=\"\/de\/kindergottesdienste\" target=\"_blank\" rel=\"noopener\">Klick hier, um mehr \u00fcber unsere Kid&#8217;s Ministry zu erfahren.<\/a><\/p>\n\t\t\t\t\t<a href=\"#\"  id=\"fl-accordion--label-2\" tabindex=\"0\" aria-controls=\"fl-accordion--panel-2\">Was kann ich von einem Gottesdienst erwarten?<\/a>\n\t\t\t\t\t\t\t\t\t\t\t<a href=\"#\" id=\"fl-accordion--icon-2\"  tabindex=\"0\"><i title=\"Expand\">Expand<\/i><\/a>\n<p>Bei unseren Gottesdiensten beginnen wir mit leidenschaftlichem Lobpreis, der Ihren Geist erhebt und Sie mit Gott verbindet. Darauf folgt eine inspirierende und einf\u00fchlsame Predigt, die auf der Bibel basiert und darauf abzielt, Sie zu ermutigen und zu st\u00e4rken. W\u00e4hrend des gesamten Gottesdienstes erleben Sie eine warme und einladende Gemeinschaft, die bereit ist, Sie zu unterst\u00fctzen und mit Ihnen in Verbindung zu treten. Jeder Gottesdienst ist eine Gelegenheit, im Glauben zu wachsen und bedeutungsvolle Beziehungen aufzubauen.<\/p>\n4o mini\n\t\t\t\t\t<a href=\"#\"  id=\"fl-accordion--label-3\" tabindex=\"0\" aria-controls=\"fl-accordion--panel-3\">Was soll ich anziehen?<\/a>\n\t\t\t\t\t\t\t\t\t\t\t<a href=\"#\" id=\"fl-accordion--icon-3\"  tabindex=\"0\"><i title=\"Expand\">Expand<\/i><\/a>\n\t\t\t\t\t<p>Kleiden Sie sich gerne bequem und l\u00e4ssig. Wir m\u00f6chten, dass Sie sich entspannt und wohlf\u00fchlen, w\u00e4hrend Sie sich auf den Gottesdienst und die Gemeinschaft konzentrieren. Ob Sie in Jeans oder in einem formelleren Outfit kommen, Sie werden genauso willkommen gehei\u00dfen, wie Sie sind.<\/p>\n\t\t\t\t\t<a href=\"#\"  id=\"fl-accordion--label-4\" tabindex=\"0\" aria-controls=\"fl-accordion--panel-4\">Was ist die Vision eurer Kirche? <\/a>\n\t\t\t\t\t\t\t\t\t\t\t<a href=\"#\" id=\"fl-accordion--icon-4\"  tabindex=\"0\"><i title=\"Expand\">Expand<\/i><\/a>\n\t\t\t\t\t<p>C3 Z\u00fcrich steht f\u00fcr Christian City Church (Christliche Stadtkirche) Z\u00fcrich. Wir sind eine multikulturelle Gemeinschaft im Herzen Z\u00fcrichs, wo wir eine Verbindung mit Gott wie auch untereinander pflegen. Gemeinsam w\u00fcnschen wir uns, eine liebende, authentische Beziehung mit Gott als auch untereinander leben zu k\u00f6nnen &#8211; wir haben erlebt, wie wundervoll dies ist, und sind \u00fcberzeugt, dass es auch dein Leben ver\u00e4ndern kann.<\/p>\n<p>Unsere \u00abPhilosophie\u00bb ist einfach: Gott lieben, Menschen lieben und das Leben lieben. Wir glauben, dass die Kirche der Ort ist, wohin du so kommen kannst, wie du bist. Alle sind willkommen. Unser Ziel ist es, mehrere Gottesdienste mit jeweils 100 bis 200 Besuchern im Grossraum Z\u00fcrich anzubieten.<\/p>\n\t\t\t\t\t<a href=\"#\"  id=\"fl-accordion--label-5\" tabindex=\"0\" aria-controls=\"fl-accordion--panel-5\">K\u00f6nnt ihr mich\/uns finanziell unterst\u00fctzen?<\/a>\n\t\t\t\t\t\t\t\t\t\t\t<a href=\"#\" id=\"fl-accordion--icon-5\"  tabindex=\"0\"><i title=\"Expand\">Expand<\/i><\/a>\n\t\t\t\t\tAls Gemeinschaft haben wir unsere Unterst\u00fctzung an bed\u00fcrftige Menschen ausgesprochen: durch pers\u00f6nliche Treffen, per\u00f6nliche Finanzen, Essen, Schutz, Kleidung und pers\u00f6nliche Unterst\u00fctzung.<br \/>\nAls Verein bietet C3 Zurich keine finanzielle Unterst\u00fctzung an, da wir bereits weltweit<br \/>\nandere lokale Kirchen und wohlt\u00e4tige Organisationen unterst\u00fctzen.\n\t\t\t\t\t<a href=\"#\"  id=\"fl-accordion--label-6\" tabindex=\"0\" aria-controls=\"fl-accordion--panel-6\">Wo kann ich an den Gottesdiensten der C3 Zu\u0308rich teilnehmen?<\/a>\n\t\t\t\t\t\t\t\t\t\t\t<a href=\"#\" id=\"fl-accordion--icon-6\"  tabindex=\"0\"><i title=\"Expand\">Expand<\/i><\/a>\n\t\t\t\t\t<p>C3 Zu\u0308rich hat zwei Standorte, einen im Kreis 5 und einen in der N\u00e4he von Zu\u0308rich Enge. Mehr Infos findest du <a href=\"https:\/\/c3zurich.ch\/de\/gottesdienste\/\">hier.<\/a><\/p>\n\t\t\t\t\t<a href=\"#\"  id=\"fl-accordion--label-7\" tabindex=\"0\" aria-controls=\"fl-accordion--panel-7\">Was ist der Unterschied zwischen den beiden Standorten?<\/a>\n\t\t\t\t\t\t\t\t\t\t\t<a href=\"#\" id=\"fl-accordion--icon-7\"  tabindex=\"0\"><i title=\"Expand\">Expand<\/i><\/a>\n\t\t\t\t\t<p>C3 Zu\u0308rich ist eine Kirche und eine gemeinsame Community, die sonntags an zwei Standorten Gottesdienste anbietet. Mehr u\u0308ber die verschiedenen Angebote findest du <a href=\"https:\/\/c3zurich.ch\/de\/gottesdienste\/\">hier.<\/a><\/p>\n\n","protected":false},"excerpt":{"rendered":"<p>Kontakt Nimm Kontakt mit uns auf Wir freuen uns sehr, dass Sie hier sind! Haben Sie eine Frage, ben\u00f6tigen Sie weitere Informationen oder m\u00f6chten Sie ein aktiver Teil unserer Gemeinde werden? Kein Problem! F\u00fcllen Sie das untenstehende Formular aus*, um uns mitzuteilen, an was Sie interessiert sind. Zum ersten Mal hier? Entdecken Sie unsere Sonntagsgottesdienste [&hellip;]<\/p>\n","protected":false},"author":2,"featured_media":0,"parent":0,"menu_order":0,"comment_status":"open","ping_status":"closed","template":"my-templates\/no-title-template.php","meta":{"give_campaign_id":0,"inline_featured_image":false,"_monsterinsights_skip_tracking":false,"_monsterinsights_sitenote_active":false,"_monsterinsights_sitenote_note":"","_monsterinsights_sitenote_category":0,"_genesis_hide_title":false,"_genesis_hide_breadcrumbs":false,"_genesis_hide_singular_image":false,"_genesis_hide_footer_widgets":false,"_genesis_custom_body_class":"","_genesis_custom_post_class":"","_genesis_layout":"","footnotes":""},"class_list":{"0":"post-6004","1":"page","2":"type-page","3":"status-publish","5":"entry","6":"has-post-thumbnail"},"yoast_head":"<!-- This site is optimized with the Yoast SEO plugin v27.2 - https:\/\/yoast.com\/product\/yoast-seo-wordpress\/ -->\n<title>Kontakt C3 Z\u00fcrich und FAQ | C3 Z\u00fcrich<\/title>\n<meta name=\"description\" content=\"Hast du eine Frage oder brauchst du mehr Informationen? Sehr gern! Sende uns eine Nachricht und wir werden uns so bald wie m\u00f6glich bei dir melden.\" \/>\n<meta name=\"robots\" content=\"index, follow, max-snippet:-1, max-image-preview:large, max-video-preview:-1\" \/>\n<link rel=\"canonical\" href=\"https:\/\/c3zurich.ch\/de\/kontakt\/\" \/>\n<meta property=\"og:locale\" content=\"de_DE\" \/>\n<meta property=\"og:type\" content=\"article\" \/>\n<meta property=\"og:title\" content=\"Kontakt C3 Z\u00fcrich und FAQ\" \/>\n<meta property=\"og:description\" content=\"Hast du eine Frage oder brauchst du mehr Informationen? Gern! Sende uns eine Nachricht - ein Teammitglied wird sich so bald wie m\u00f6glich bei dir melden.\" \/>\n<meta property=\"og:url\" content=\"https:\/\/c3zurich.ch\/de\/kontakt\/\" \/>\n<meta property=\"og:site_name\" content=\"C3 Z\u00fcrich\" \/>\n<meta property=\"article:publisher\" content=\"https:\/\/www.facebook.com\/C3Zurich\/\" \/>\n<meta property=\"article:modified_time\" content=\"2025-11-16T20:03:12+00:00\" \/>\n<meta property=\"og:image\" content=\"https:\/\/c3zurich.ch\/wp-content\/uploads\/2019\/11\/Community-Picture.jpg\" \/>\n\t<meta property=\"og:image:width\" content=\"2048\" \/>\n\t<meta property=\"og:image:height\" content=\"1365\" \/>\n\t<meta property=\"og:image:type\" content=\"image\/jpeg\" \/>\n<meta name=\"twitter:card\" content=\"summary_large_image\" \/>\n<meta name=\"twitter:site\" content=\"@c3zurich\" \/>\n<meta name=\"twitter:label1\" content=\"Gesch\u00e4tzte Lesezeit\" \/>\n\t<meta name=\"twitter:data1\" content=\"3\u00a0Minuten\" \/>\n<script type=\"application\/ld+json\" class=\"yoast-schema-graph\">{\"@context\":\"https:\/\/schema.org\",\"@graph\":[{\"@type\":\"WebPage\",\"@id\":\"https:\/\/c3zurich.ch\/de\/kontakt\/\",\"url\":\"https:\/\/c3zurich.ch\/de\/kontakt\/\",\"name\":\"Kontakt C3 Z\u00fcrich und FAQ | C3 Z\u00fcrich\",\"isPartOf\":{\"@id\":\"https:\/\/c3zurich.ch\/#website\"},\"datePublished\":\"2018-08-04T12:23:39+00:00\",\"dateModified\":\"2025-11-16T20:03:12+00:00\",\"description\":\"Hast du eine Frage oder brauchst du mehr Informationen? Sehr gern! Sende uns eine Nachricht und wir werden uns so bald wie m\u00f6glich bei dir melden.\",\"inLanguage\":\"de-CH\",\"potentialAction\":[{\"@type\":\"ReadAction\",\"target\":[\"https:\/\/c3zurich.ch\/de\/kontakt\/\"]}]},{\"@type\":\"WebSite\",\"@id\":\"https:\/\/c3zurich.ch\/#website\",\"url\":\"https:\/\/c3zurich.ch\/\",\"name\":\"C3 Zurich\",\"description\":\"Eine Glaubensgemeinschaft im Zentrum von Z\u00fcrich mit Gottesdiensten in Mundart und Englisch\",\"publisher\":{\"@id\":\"https:\/\/c3zurich.ch\/#organization\"},\"potentialAction\":[{\"@type\":\"SearchAction\",\"target\":{\"@type\":\"EntryPoint\",\"urlTemplate\":\"https:\/\/c3zurich.ch\/?s={search_term_string}\"},\"query-input\":{\"@type\":\"PropertyValueSpecification\",\"valueRequired\":true,\"valueName\":\"search_term_string\"}}],\"inLanguage\":\"de-CH\"},{\"@type\":\"Organization\",\"@id\":\"https:\/\/c3zurich.ch\/#organization\",\"name\":\"C3 Church Zurich\",\"alternateName\":\"C3 Zurich\",\"url\":\"https:\/\/c3zurich.ch\/\",\"logo\":{\"@type\":\"ImageObject\",\"inLanguage\":\"de-CH\",\"@id\":\"https:\/\/c3zurich.ch\/#\/schema\/logo\/image\/\",\"url\":\"https:\/\/c3zurich.ch\/wp-content\/uploads\/2019\/11\/Church-Worship-Scene.jpg\",\"contentUrl\":\"https:\/\/c3zurich.ch\/wp-content\/uploads\/2019\/11\/Church-Worship-Scene.jpg\",\"width\":2048,\"height\":1365,\"caption\":\"C3 Church Zurich\"},\"image\":{\"@id\":\"https:\/\/c3zurich.ch\/#\/schema\/logo\/image\/\"},\"sameAs\":[\"https:\/\/www.facebook.com\/C3Zurich\/\",\"https:\/\/x.com\/c3zurich\",\"https:\/\/www.instagram.com\/c3zurich\/\"]}]}<\/script>\n<!-- \/ Yoast SEO plugin. -->","yoast_head_json":{"title":"Kontakt C3 Z\u00fcrich und FAQ | C3 Z\u00fcrich","description":"Hast du eine Frage oder brauchst du mehr Informationen? Sehr gern! Sende uns eine Nachricht und wir werden uns so bald wie m\u00f6glich bei dir melden.","robots":{"index":"index","follow":"follow","max-snippet":"max-snippet:-1","max-image-preview":"max-image-preview:large","max-video-preview":"max-video-preview:-1"},"canonical":"https:\/\/c3zurich.ch\/de\/kontakt\/","og_locale":"de_DE","og_type":"article","og_title":"Kontakt C3 Z\u00fcrich und FAQ","og_description":"Hast du eine Frage oder brauchst du mehr Informationen? Gern! Sende uns eine Nachricht - ein Teammitglied wird sich so bald wie m\u00f6glich bei dir melden.","og_url":"https:\/\/c3zurich.ch\/de\/kontakt\/","og_site_name":"C3 Z\u00fcrich","article_publisher":"https:\/\/www.facebook.com\/C3Zurich\/","article_modified_time":"2025-11-16T20:03:12+00:00","og_image":[{"width":2048,"height":1365,"url":"https:\/\/c3zurich.ch\/wp-content\/uploads\/2019\/11\/Community-Picture.jpg","type":"image\/jpeg"}],"twitter_card":"summary_large_image","twitter_site":"@c3zurich","twitter_misc":{"Gesch\u00e4tzte Lesezeit":"3\u00a0Minuten"},"schema":{"@context":"https:\/\/schema.org","@graph":[{"@type":"WebPage","@id":"https:\/\/c3zurich.ch\/de\/kontakt\/","url":"https:\/\/c3zurich.ch\/de\/kontakt\/","name":"Kontakt C3 Z\u00fcrich und FAQ | C3 Z\u00fcrich","isPartOf":{"@id":"https:\/\/c3zurich.ch\/#website"},"datePublished":"2018-08-04T12:23:39+00:00","dateModified":"2025-11-16T20:03:12+00:00","description":"Hast du eine Frage oder brauchst du mehr Informationen? Sehr gern! Sende uns eine Nachricht und wir werden uns so bald wie m\u00f6glich bei dir melden.","inLanguage":"de-CH","potentialAction":[{"@type":"ReadAction","target":["https:\/\/c3zurich.ch\/de\/kontakt\/"]}]},{"@type":"WebSite","@id":"https:\/\/c3zurich.ch\/#website","url":"https:\/\/c3zurich.ch\/","name":"C3 Zurich","description":"Eine Glaubensgemeinschaft im Zentrum von Z\u00fcrich mit Gottesdiensten in Mundart und Englisch","publisher":{"@id":"https:\/\/c3zurich.ch\/#organization"},"potentialAction":[{"@type":"SearchAction","target":{"@type":"EntryPoint","urlTemplate":"https:\/\/c3zurich.ch\/?s={search_term_string}"},"query-input":{"@type":"PropertyValueSpecification","valueRequired":true,"valueName":"search_term_string"}}],"inLanguage":"de-CH"},{"@type":"Organization","@id":"https:\/\/c3zurich.ch\/#organization","name":"C3 Church Zurich","alternateName":"C3 Zurich","url":"https:\/\/c3zurich.ch\/","logo":{"@type":"ImageObject","inLanguage":"de-CH","@id":"https:\/\/c3zurich.ch\/#\/schema\/logo\/image\/","url":"https:\/\/c3zurich.ch\/wp-content\/uploads\/2019\/11\/Church-Worship-Scene.jpg","contentUrl":"https:\/\/c3zurich.ch\/wp-content\/uploads\/2019\/11\/Church-Worship-Scene.jpg","width":2048,"height":1365,"caption":"C3 Church Zurich"},"image":{"@id":"https:\/\/c3zurich.ch\/#\/schema\/logo\/image\/"},"sameAs":["https:\/\/www.facebook.com\/C3Zurich\/","https:\/\/x.com\/c3zurich","https:\/\/www.instagram.com\/c3zurich\/"]}]}},"campaignId":"","_links":{"self":[{"href":"https:\/\/c3zurich.ch\/de\/wp-json\/wp\/v2\/pages\/6004","targetHints":{"allow":["GET"]}}],"collection":[{"href":"https:\/\/c3zurich.ch\/de\/wp-json\/wp\/v2\/pages"}],"about":[{"href":"https:\/\/c3zurich.ch\/de\/wp-json\/wp\/v2\/types\/page"}],"author":[{"embeddable":true,"href":"https:\/\/c3zurich.ch\/de\/wp-json\/wp\/v2\/users\/2"}],"replies":[{"embeddable":true,"href":"https:\/\/c3zurich.ch\/de\/wp-json\/wp\/v2\/comments?post=6004"}],"version-history":[{"count":22,"href":"https:\/\/c3zurich.ch\/de\/wp-json\/wp\/v2\/pages\/6004\/revisions"}],"predecessor-version":[{"id":13025,"href":"https:\/\/c3zurich.ch\/de\/wp-json\/wp\/v2\/pages\/6004\/revisions\/13025"}],"wp:attachment":[{"href":"https:\/\/c3zurich.ch\/de\/wp-json\/wp\/v2\/media?parent=6004"}],"curies":[{"name":"wp","href":"https:\/\/api.w.org\/{rel}","templated":true}]}}