{"id":5987,"date":"2018-08-04T13:24:00","date_gmt":"2018-08-04T11:24:00","guid":{"rendered":"http:\/\/c3.staging1.laurencariscooks.com\/?page_id=5987\/"},"modified":"2025-12-14T18:43:52","modified_gmt":"2025-12-14T17:43:52","slug":"gottesdienste","status":"publish","type":"page","link":"https:\/\/c3zurich.ch\/de\/gottesdienste\/","title":{"rendered":"Gottesdienst"},"content":{"rendered":"\n<h2>\n\t\t\tGottesdienst Sonntag\t<\/h2>\n<p>Wir m\u00f6chten eine Atmosph\u00e4re schaffen, in der du leicht eine Beziehung zu Gott und den Menschen aufbauen kannst. Bei unseren Gottesdiensten steht Jesus im Mittelpunkt und sie sollen Menschen aufbauen, also auch dich.<\/p>\n\t\t\t<a href=\"#locations\" target=\"_self\">\n\t\t\t\t\t\t\tErfahren\n\t\t\t\t\t<\/a>\n<h3>\n\t\t\tDU KANNST AN <u>ZWEI STANDORTEN<\/u> TEILNEHMEN\t<\/h3>\n\t\t\t\t\t<h2>C3ZH West<br \/> Kreis 5<\/h2> Jeden Sonntag <br \/>10:15 Uhr <ul role=\"list\"><li role=\"listitem\"> Live-Gottesdienst<\/li><li role=\"listitem\">Live-Predigt<\/li><li role=\"listitem\"> Programm fu\u0308r Kinder von 2 bis 4 Jahren, Baby Raum<\/li><li role=\"listitem\">Programm fu\u0308r Kinder von 5 bis 12 Jahren<\/li><li role=\"listitem\">Programm fu\u0308r Teens<\/li><li role=\"listitem\">Bleib danach gern fu\u0308r Gemeinschaft und Snacks<\/li><\/ul>\n\t\t\t<a href=\"#west-directions\" target=\"_self\">\n\t\t\t\t\t\tFindest du uns\n\t\t\t\t\t<\/a>\n\t\t\t\t\t<h2>C3ZH South <br \/>Enge<\/h2> Jeden Sonntag <br \/>10:30 Uhr <ul role=\"list\"><li role=\"listitem\">Live-Gottesdienst<\/li><li role=\"listitem\">Predigt live gestreamt von unserem Standort West<\/li><li role=\"listitem\">Programm fu\u0308r Kinder von 2 bis 4 Jahren, Baby Raum<\/li><li role=\"listitem\">Programm fu\u0308r Kinder von 5 bis 12 Jahren<\/li><li role=\"listitem\">Kein Programm fu\u0308r Teens<\/li><li role=\"listitem\">Bleib danach gern fu\u0308r Gemeinschaft und Snacks<\/li><\/ul>\n\t\t\t<a href=\"#south-directions\" target=\"_self\">\n\t\t\t\t\t\tFindest du uns\n\t\t\t\t\t<\/a>\n<h2>\n\t\t\tSO FINDEST DU UNS:\t<\/h2>\n<h3>\n\t\t\tC3 Zurich West\t<\/h3>\n\t<iframe src=\"https:\/\/www.google.com\/maps\/embed\/v1\/place?q=C3+Zurich%2C+Pfingstweidstrasse+101%2C+8005+Z%C3%BCrich&#038;key=AIzaSyD09zQ9PNDNNy9TadMuzRV_UsPUoWKntt8\" aria-hidden=\"true\"><\/iframe>\n\t\t\t\t\t\t\t\t\t\t<a href=\"#\" id=\"fl-accordion--icon-0\"  tabindex=\"0\"><i>Expand<\/i><\/a>\n\t\t\t\t\t<a href=\"#\"  id=\"fl-accordion--label-0\" tabindex=\"0\" aria-controls=\"fl-accordion--panel-0\">MIT \u00d6FFENTLICHEN VERKEHRSMITTELN<\/a>\n\t\t\t\t\t<h5><strong>AB HARDBR\u00dcCKE<\/strong><\/h5>\n<p>Tram 51 bis Toni-Areal<\/p>\n<h5>AB Z<strong>\u00dcRICH HB<\/strong><\/h5>\n<p>Tram 51 bis Toni-Areal<\/p>\n<p>Betrete das Geb\u00e4ude durch den Migros-Eingang und folge der Beschilderung \u201eSalsarica &amp; Bananenreiferei&#187;. Das Begr\u00fcssungsteam steht draussen bereit, um dir den Weg zu weisen.<\/p>\n<p>PLANE DEINE ROUTE\u00a0<strong><a href=\"https:\/\/www.sbb.ch\/de\/home.html\" rel=\"noopener\">HIER<\/a><\/strong><\/p>\n<p>KLICKE\u00a0<a href=\"https:\/\/c3zurich.ch\/wp-content\/uploads\/2023\/08\/C3-Walking-Guide-2023.pdf\"><strong>HIER<\/strong><\/a>\u00a0F\u00dcR EINE WEGBESCHREIBUNG<\/p>\n\t\t\t\t\t\t\t\t\t\t<a href=\"#\" id=\"fl-accordion--icon-1\"  tabindex=\"0\"><i>Expand<\/i><\/a>\n\t\t\t\t\t<a href=\"#\"  id=\"fl-accordion--label-1\" tabindex=\"0\" aria-controls=\"fl-accordion--panel-1\">BY CAR<\/a>\n\t\t\t\t\t<h5><strong>GPS-Adresse: Bananenreiferei, Pfingstweidstrasse 101, 8005 Z\u00fcrich<\/strong><\/h5>\n<p>Parkpl\u00e4tze stehen auf dem Migros-Parkdeck zur Verf\u00fcgung, das \u00fcber die Pfingstweidstrasse erreichbar ist (achten Sie auf die Wendeltreppe).<\/p>\n<p>1 Stunde ist gratis, danach geb\u00fchrenpflichtig von 6-18 Uhr Montag-Sonntag 1\/2h CHF 1.50 \/ 18-6h alle 1\/2h CHF 0.70<\/p>\n<h3>\n\t\t\tC3 Zurich South\t<\/h3>\n\t<iframe src=\"https:\/\/www.google.com\/maps\/embed\/v1\/place?q=C3+Church+Zurich+South%2C+Lessingstrasse+5%2C+8002+Z%C3%BCrich%2C+Switzerland&#038;key=AIzaSyD09zQ9PNDNNy9TadMuzRV_UsPUoWKntt8\" aria-hidden=\"true\"><\/iframe>\n\t\t\t\t\t\t\t\t\t\t<a href=\"#\" id=\"fl-accordion--icon-0\"  tabindex=\"0\"><i>Expand<\/i><\/a>\n\t\t\t\t\t<a href=\"#\"  id=\"fl-accordion--label-0\" tabindex=\"0\" aria-controls=\"fl-accordion--panel-0\">MIT \u00d6FFENTLICHEN VERKEHRSMITTELN<\/a>\n\t\t\t\t\t<p>Tram 5, 13 und 17 bis Waffenplatzstrasse und 3 Minuten zu Fuss<\/p>\n<p>Bus 66, 72, 200 und 210 bis Sihlcity Nord und 4 Minuten zu Fuss<\/p>\n<p>Bus 89 bis Sihlcity und 5 Minuten zu Fuss<\/p>\n<p>Zug S4 bis Saalsporthalle (Sihlcity) und 5 Minuten zu Fuss<\/p>\n<p>Verschiedene Zu\u0308ge bis Bahnhof Enge und dann zu Fuss oder mit dem Tram 5, 13 oder 17<\/p>\n<p>PLANE DEINE ROUTE\u00a0<strong><a href=\"https:\/\/www.sbb.ch\/de\/home.html\" rel=\"noopener\">HIER<\/a><\/strong><\/p>\n<p><a href=\"https:\/\/c3zurich.ch\/wp-content\/uploads\/2023\/08\/C3-Walking-Guide-2023.pdf\"><strong>KLICKE HIER<\/strong><\/a>\u00a0F\u00dcR EINE WEGBESCHREIBUNG<\/p>\n\t\t\t\t\t\t\t\t\t\t<a href=\"#\" id=\"fl-accordion--icon-1\"  tabindex=\"0\"><i>Expand<\/i><\/a>\n\t\t\t\t\t<a href=\"#\"  id=\"fl-accordion--label-1\" tabindex=\"0\" aria-controls=\"fl-accordion--panel-1\">Mit dem Auto<\/a>\n\t\t\t\t\t<p>Parkpl\u00e4tze stehen im Einkaufszentrum Sihlcity zur Verfu\u0308gung<\/p>\n<p>1 Stunde CHF 3,50, 2 Stunden CHF 4,50, 3 Stunden CHF 6,00, usw.<\/p>\n<p>In den angrenzenden Strassen gibt es blaue und weisse Zonen, die sonntags kostenlos sind. Allerdings kann es schwierig sein, freie Pl\u00e4tze zu finden.<\/p>\n<h2>\n\t\t\tSIE K\u00d6NNEN NICHT PERS\u00d6NLICH DABEI SEIN?\t<\/h2>\n\t<p>Nehmen Sie an unserem Online-Gottesdienst auf unserem <a href=\"https:\/\/www.youtube.com\/@C3Zurich\">YouTube-Kanal<\/a> teil<\/p>\n<h2>\n\t\t\tAlle wichtigen Informationen\t<\/h2>\n\t<h4>Kids &amp; Teens Programm<\/h4>\n\t<p>Vom Kleinkind bis zu den Teenies &#8211; wir haben Lobpreis und Sonntagschule f\u00fcr jede Altersstufe<\/p>\n\t\t\t<a href=\"\/de\/kindergottesdienste\/\" target=\"_self\">\n\t\t\t\t\t\t\tMehr\n\t\t\t\t\t<\/a>\n\t<h4>\u00dcbersetzung<\/h4>\n\t<p>Alle unsere Gottesdienste sind zweisprachig auf Englisch und Schweizerdeutsch<\/p>\n\t<img decoding=\"async\" src=\"https:\/\/img.icons8.com\/ios\/50\/000000\/play-button-circled--v1.png\"\/>\n\t<h4>Kirche online<\/h4>\n\t<p>Wir streamen live auf YouTube jeden Sonntag unseren Gottesdienst<\/p>\n\t\t\t<a href=\"\/de\/kirche-online\/\" target=\"_self\">\n\t\t\t\t\t\t\tSchau es jetzt an\n\t\t\t\t\t<\/a>\n\t<p>Connect Groups<\/p>\n\t<p>Erlebe Kirche auch unter der Woche in einer Connectgroup<\/p>\n\t\t\t<a href=\"https:\/\/c3zurich.churchcenter.com\/groups\/connect-groups\" target=\"_self\">\n\t\t\t\t\t\t\tMehr\n\t\t\t\t\t<\/a>\n\n","protected":false},"excerpt":{"rendered":"<p>Gottesdienst Sonntag Wir m\u00f6chten eine Atmosph\u00e4re schaffen, in der du leicht eine Beziehung zu Gott und den Menschen aufbauen kannst. Bei unseren Gottesdiensten steht Jesus im Mittelpunkt und sie sollen Menschen aufbauen, also auch dich. Erfahren DU KANNST AN ZWEI STANDORTEN TEILNEHMEN C3ZH West Kreis 5 Jeden Sonntag 10:15 Uhr Live-Gottesdienst Live-Predigt Programm fu\u0308r Kinder [&hellip;]<\/p>\n","protected":false},"author":2,"featured_media":10247,"parent":0,"menu_order":0,"comment_status":"closed","ping_status":"closed","template":"my-templates\/no-title-template.php","meta":{"give_campaign_id":0,"inline_featured_image":false,"_monsterinsights_skip_tracking":false,"_monsterinsights_sitenote_active":false,"_monsterinsights_sitenote_note":"","_monsterinsights_sitenote_category":0,"_genesis_hide_title":false,"_genesis_hide_breadcrumbs":false,"_genesis_hide_singular_image":false,"_genesis_hide_footer_widgets":false,"_genesis_custom_body_class":"","_genesis_custom_post_class":"","_genesis_layout":"","footnotes":""},"class_list":{"0":"post-5987","1":"page","2":"type-page","3":"status-publish","4":"has-post-thumbnail","6":"entry"},"yoast_head":"<!-- This site is optimized with the Yoast SEO plugin v27.2 - https:\/\/yoast.com\/product\/yoast-seo-wordpress\/ -->\n<title>Gottesdienst | C3 Z\u00fcrich<\/title>\n<meta name=\"robots\" content=\"index, follow, max-snippet:-1, max-image-preview:large, max-video-preview:-1\" \/>\n<link rel=\"canonical\" href=\"https:\/\/c3zurich.ch\/de\/gottesdienste\/\" \/>\n<meta property=\"og:locale\" content=\"de_DE\" \/>\n<meta property=\"og:type\" content=\"article\" \/>\n<meta property=\"og:title\" content=\"Gottesdienst | C3 Z\u00fcrich\" \/>\n<meta property=\"og:description\" content=\"Gottesdienst Sonntag Wir m\u00f6chten eine Atmosph\u00e4re schaffen, in der du leicht eine Beziehung zu Gott und den Menschen aufbauen kannst. Bei unseren Gottesdiensten steht Jesus im Mittelpunkt und sie sollen Menschen aufbauen, also auch dich. Erfahren DU KANNST AN ZWEI STANDORTEN TEILNEHMEN C3ZH West Kreis 5 Jeden Sonntag 10:15 Uhr Live-Gottesdienst Live-Predigt Programm fu\u0308r Kinder [&hellip;]\" \/>\n<meta property=\"og:url\" content=\"https:\/\/c3zurich.ch\/de\/gottesdienste\/\" \/>\n<meta property=\"og:site_name\" content=\"C3 Z\u00fcrich\" \/>\n<meta property=\"article:publisher\" content=\"https:\/\/www.facebook.com\/C3Zurich\/\" \/>\n<meta property=\"article:modified_time\" content=\"2025-12-14T17:43:52+00:00\" \/>\n<meta property=\"og:image\" content=\"https:\/\/c3zurich.ch\/wp-content\/uploads\/2022\/03\/cropped-2.png\" \/>\n\t<meta property=\"og:image:width\" content=\"512\" \/>\n\t<meta property=\"og:image:height\" content=\"512\" \/>\n\t<meta property=\"og:image:type\" content=\"image\/png\" \/>\n<meta name=\"twitter:card\" content=\"summary_large_image\" \/>\n<meta name=\"twitter:site\" content=\"@c3zurich\" \/>\n<meta name=\"twitter:label1\" content=\"Gesch\u00e4tzte Lesezeit\" \/>\n\t<meta name=\"twitter:data1\" content=\"3\u00a0Minuten\" \/>\n<script type=\"application\/ld+json\" class=\"yoast-schema-graph\">{\"@context\":\"https:\/\/schema.org\",\"@graph\":[{\"@type\":\"WebPage\",\"@id\":\"https:\/\/c3zurich.ch\/de\/gottesdienste\/\",\"url\":\"https:\/\/c3zurich.ch\/de\/gottesdienste\/\",\"name\":\"Gottesdienst | C3 Z\u00fcrich\",\"isPartOf\":{\"@id\":\"https:\/\/c3zurich.ch\/#website\"},\"primaryImageOfPage\":{\"@id\":\"https:\/\/c3zurich.ch\/de\/gottesdienste\/#primaryimage\"},\"image\":{\"@id\":\"https:\/\/c3zurich.ch\/de\/gottesdienste\/#primaryimage\"},\"thumbnailUrl\":\"https:\/\/c3zurich.ch\/wp-content\/uploads\/2022\/03\/cropped-2.png\",\"datePublished\":\"2018-08-04T11:24:00+00:00\",\"dateModified\":\"2025-12-14T17:43:52+00:00\",\"inLanguage\":\"de-CH\",\"potentialAction\":[{\"@type\":\"ReadAction\",\"target\":[\"https:\/\/c3zurich.ch\/de\/gottesdienste\/\"]}]},{\"@type\":\"ImageObject\",\"inLanguage\":\"de-CH\",\"@id\":\"https:\/\/c3zurich.ch\/de\/gottesdienste\/#primaryimage\",\"url\":\"https:\/\/c3zurich.ch\/wp-content\/uploads\/2022\/03\/cropped-2.png\",\"contentUrl\":\"https:\/\/c3zurich.ch\/wp-content\/uploads\/2022\/03\/cropped-2.png\",\"width\":512,\"height\":512},{\"@type\":\"WebSite\",\"@id\":\"https:\/\/c3zurich.ch\/#website\",\"url\":\"https:\/\/c3zurich.ch\/\",\"name\":\"C3 Zurich\",\"description\":\"Eine Glaubensgemeinschaft im Zentrum von Z\u00fcrich mit Gottesdiensten in Mundart und Englisch\",\"publisher\":{\"@id\":\"https:\/\/c3zurich.ch\/#organization\"},\"potentialAction\":[{\"@type\":\"SearchAction\",\"target\":{\"@type\":\"EntryPoint\",\"urlTemplate\":\"https:\/\/c3zurich.ch\/?s={search_term_string}\"},\"query-input\":{\"@type\":\"PropertyValueSpecification\",\"valueRequired\":true,\"valueName\":\"search_term_string\"}}],\"inLanguage\":\"de-CH\"},{\"@type\":\"Organization\",\"@id\":\"https:\/\/c3zurich.ch\/#organization\",\"name\":\"C3 Church Zurich\",\"alternateName\":\"C3 Zurich\",\"url\":\"https:\/\/c3zurich.ch\/\",\"logo\":{\"@type\":\"ImageObject\",\"inLanguage\":\"de-CH\",\"@id\":\"https:\/\/c3zurich.ch\/#\/schema\/logo\/image\/\",\"url\":\"https:\/\/c3zurich.ch\/wp-content\/uploads\/2019\/11\/Church-Worship-Scene.jpg\",\"contentUrl\":\"https:\/\/c3zurich.ch\/wp-content\/uploads\/2019\/11\/Church-Worship-Scene.jpg\",\"width\":2048,\"height\":1365,\"caption\":\"C3 Church Zurich\"},\"image\":{\"@id\":\"https:\/\/c3zurich.ch\/#\/schema\/logo\/image\/\"},\"sameAs\":[\"https:\/\/www.facebook.com\/C3Zurich\/\",\"https:\/\/x.com\/c3zurich\",\"https:\/\/www.instagram.com\/c3zurich\/\"]}]}<\/script>\n<!-- \/ Yoast SEO plugin. -->","yoast_head_json":{"title":"Gottesdienst | C3 Z\u00fcrich","robots":{"index":"index","follow":"follow","max-snippet":"max-snippet:-1","max-image-preview":"max-image-preview:large","max-video-preview":"max-video-preview:-1"},"canonical":"https:\/\/c3zurich.ch\/de\/gottesdienste\/","og_locale":"de_DE","og_type":"article","og_title":"Gottesdienst | C3 Z\u00fcrich","og_description":"Gottesdienst Sonntag Wir m\u00f6chten eine Atmosph\u00e4re schaffen, in der du leicht eine Beziehung zu Gott und den Menschen aufbauen kannst. Bei unseren Gottesdiensten steht Jesus im Mittelpunkt und sie sollen Menschen aufbauen, also auch dich. Erfahren DU KANNST AN ZWEI STANDORTEN TEILNEHMEN C3ZH West Kreis 5 Jeden Sonntag 10:15 Uhr Live-Gottesdienst Live-Predigt Programm fu\u0308r Kinder [&hellip;]","og_url":"https:\/\/c3zurich.ch\/de\/gottesdienste\/","og_site_name":"C3 Z\u00fcrich","article_publisher":"https:\/\/www.facebook.com\/C3Zurich\/","article_modified_time":"2025-12-14T17:43:52+00:00","og_image":[{"width":512,"height":512,"url":"https:\/\/c3zurich.ch\/wp-content\/uploads\/2022\/03\/cropped-2.png","type":"image\/png"}],"twitter_card":"summary_large_image","twitter_site":"@c3zurich","twitter_misc":{"Gesch\u00e4tzte Lesezeit":"3\u00a0Minuten"},"schema":{"@context":"https:\/\/schema.org","@graph":[{"@type":"WebPage","@id":"https:\/\/c3zurich.ch\/de\/gottesdienste\/","url":"https:\/\/c3zurich.ch\/de\/gottesdienste\/","name":"Gottesdienst | C3 Z\u00fcrich","isPartOf":{"@id":"https:\/\/c3zurich.ch\/#website"},"primaryImageOfPage":{"@id":"https:\/\/c3zurich.ch\/de\/gottesdienste\/#primaryimage"},"image":{"@id":"https:\/\/c3zurich.ch\/de\/gottesdienste\/#primaryimage"},"thumbnailUrl":"https:\/\/c3zurich.ch\/wp-content\/uploads\/2022\/03\/cropped-2.png","datePublished":"2018-08-04T11:24:00+00:00","dateModified":"2025-12-14T17:43:52+00:00","inLanguage":"de-CH","potentialAction":[{"@type":"ReadAction","target":["https:\/\/c3zurich.ch\/de\/gottesdienste\/"]}]},{"@type":"ImageObject","inLanguage":"de-CH","@id":"https:\/\/c3zurich.ch\/de\/gottesdienste\/#primaryimage","url":"https:\/\/c3zurich.ch\/wp-content\/uploads\/2022\/03\/cropped-2.png","contentUrl":"https:\/\/c3zurich.ch\/wp-content\/uploads\/2022\/03\/cropped-2.png","width":512,"height":512},{"@type":"WebSite","@id":"https:\/\/c3zurich.ch\/#website","url":"https:\/\/c3zurich.ch\/","name":"C3 Zurich","description":"Eine Glaubensgemeinschaft im Zentrum von Z\u00fcrich mit Gottesdiensten in Mundart und Englisch","publisher":{"@id":"https:\/\/c3zurich.ch\/#organization"},"potentialAction":[{"@type":"SearchAction","target":{"@type":"EntryPoint","urlTemplate":"https:\/\/c3zurich.ch\/?s={search_term_string}"},"query-input":{"@type":"PropertyValueSpecification","valueRequired":true,"valueName":"search_term_string"}}],"inLanguage":"de-CH"},{"@type":"Organization","@id":"https:\/\/c3zurich.ch\/#organization","name":"C3 Church Zurich","alternateName":"C3 Zurich","url":"https:\/\/c3zurich.ch\/","logo":{"@type":"ImageObject","inLanguage":"de-CH","@id":"https:\/\/c3zurich.ch\/#\/schema\/logo\/image\/","url":"https:\/\/c3zurich.ch\/wp-content\/uploads\/2019\/11\/Church-Worship-Scene.jpg","contentUrl":"https:\/\/c3zurich.ch\/wp-content\/uploads\/2019\/11\/Church-Worship-Scene.jpg","width":2048,"height":1365,"caption":"C3 Church Zurich"},"image":{"@id":"https:\/\/c3zurich.ch\/#\/schema\/logo\/image\/"},"sameAs":["https:\/\/www.facebook.com\/C3Zurich\/","https:\/\/x.com\/c3zurich","https:\/\/www.instagram.com\/c3zurich\/"]}]}},"campaignId":"","_links":{"self":[{"href":"https:\/\/c3zurich.ch\/de\/wp-json\/wp\/v2\/pages\/5987","targetHints":{"allow":["GET"]}}],"collection":[{"href":"https:\/\/c3zurich.ch\/de\/wp-json\/wp\/v2\/pages"}],"about":[{"href":"https:\/\/c3zurich.ch\/de\/wp-json\/wp\/v2\/types\/page"}],"author":[{"embeddable":true,"href":"https:\/\/c3zurich.ch\/de\/wp-json\/wp\/v2\/users\/2"}],"replies":[{"embeddable":true,"href":"https:\/\/c3zurich.ch\/de\/wp-json\/wp\/v2\/comments?post=5987"}],"version-history":[{"count":68,"href":"https:\/\/c3zurich.ch\/de\/wp-json\/wp\/v2\/pages\/5987\/revisions"}],"predecessor-version":[{"id":13138,"href":"https:\/\/c3zurich.ch\/de\/wp-json\/wp\/v2\/pages\/5987\/revisions\/13138"}],"wp:featuredmedia":[{"embeddable":true,"href":"https:\/\/c3zurich.ch\/de\/wp-json\/wp\/v2\/media\/10247"}],"wp:attachment":[{"href":"https:\/\/c3zurich.ch\/de\/wp-json\/wp\/v2\/media?parent=5987"}],"curies":[{"name":"wp","href":"https:\/\/api.w.org\/{rel}","templated":true}]}}