{"id":5976,"date":"2018-08-04T13:21:45","date_gmt":"2018-08-04T11:21:45","guid":{"rendered":"http:\/\/c3.staging1.laurencariscooks.com\/?page_id=5976\/"},"modified":"2025-11-16T21:57:26","modified_gmt":"2025-11-16T20:57:26","slug":"unserepastoren","status":"publish","type":"page","link":"https:\/\/c3zurich.ch\/de\/unserepastoren\/","title":{"rendered":"Unsere Pastoren"},"content":{"rendered":"\n<h1>\n\t\t\tUnsere Pastoren\t<\/h1>\n\t\t\t\t<img decoding=\"async\" src=\"https:\/\/c3zurich.ch\/wp-content\/uploads\/2024\/01\/2-1.jpeg\" alt=\"2\" itemprop=\"image\" height=\"1512\" width=\"2268\" title=\"2\" onerror=\"this.style.display='none'\" loading=\"lazy\" \/>\n<h2>\n\t\t\tSimon &#038; Sara Spalinger Senior Pastors, C3 Zurich\t<\/h2>\n\t<p>Simon und Sara wurden beide 1981 geboren. Einer von ihnen ist ein paar Tage \u00e4lter und h\u00e4lt sich fu\u0308r ein kleines bisschen weiser! Simon wuchs als Kind von Missionaren in Peru auf, w\u00e4hrend Sara in einem kleinen Dorf ausserhalb von Zu\u0308rich aufwuchs.<\/p>\n<p>Kurz nach ihrer Hochzeit besuchten sie das C3 Church Bible College in Sydney, wo ihr Traum, eine Kirche in Zu\u0308rich zu gru\u0308nden, begann. Im Januar 2012 gru\u0308ndeten sie zusammen mit einer Gruppe von Freunden C3 Zu\u0308rich, und heute ist C3 Zu\u0308rich eine Kirche mit mehreren Standorten in ganz Zu\u0308rich.<\/p>\n<p>Sie sind jetzt die leitenden Pastoren von C3 Zu\u0308rich und die Standortpastoren von C3 Zu\u0308rich West.<\/p>\n<h2>\n\t\t\tBen &#038; Lauren Short Location Pastors, C3 Zurich South\t<\/h2>\n\t<p>Lauren und Ben sind in England geboren und lernten sich im Alter von 5 Jahren in der gleichen Musikgruppe kennen<\/p>\n<p>2014 zogen sie in die Schweiz und fanden schnell ein Zuhause in der C3 Zu\u0308rich. Im Laufe der Jahre haben sie in fast jedem Team mitgearbeitet und leiten seit acht Jahren das Produktionsteam.<\/p>\n<p>Sie freuen sich nun sehr darauf, als Standortpastoren der C3 Zu\u0308rich Su\u0308d das Reich Gottes in Zu\u0308rich weiter zu bauen!<\/p>\n\t<h3>IHR GR\u00d6SSTER stolz<\/h3>\n\tIhre vier Kinder<br \/>\nElia, Sean, Lisa und Ruben\n\t<h3>IHRE GR\u00d6SSTE Herausforderung<\/h3>\n\tMit allen Kids am Sonntag p\u00fcnktlich<br \/>\nzum Gottesdienst aufzubrechen.\n\t<h3>IHR GR\u00d6SSTER traum<\/h3>\n\t<p>Eine leidenschaftliche Kirche zu bauen, die weiter w\u00e4chst und das Zentrum von Z\u00fcrich positiv mitpr\u00e4gt.<\/p>\n<h2>\n\t\t\tLeitungsteam\t<\/h2>\n\t<p>Gemeinsam mit Simon und Sara arbeitet ein engagiertes Team, das C3 Z\u00fcrich dienen und weiter entwickeln will.<\/p>\n\n","protected":false},"excerpt":{"rendered":"<p>Unsere Pastoren Simon &#038; Sara Spalinger Senior Pastors, C3 Zurich Simon und Sara wurden beide 1981 geboren. Einer von ihnen ist ein paar Tage \u00e4lter und h\u00e4lt sich fu\u0308r ein kleines bisschen weiser! Simon wuchs als Kind von Missionaren in Peru auf, w\u00e4hrend Sara in einem kleinen Dorf ausserhalb von Zu\u0308rich aufwuchs. Kurz nach ihrer [&hellip;]<\/p>\n","protected":false},"author":2,"featured_media":0,"parent":0,"menu_order":0,"comment_status":"open","ping_status":"closed","template":"my-templates\/no-title-template.php","meta":{"give_campaign_id":0,"inline_featured_image":false,"_monsterinsights_skip_tracking":false,"_monsterinsights_sitenote_active":false,"_monsterinsights_sitenote_note":"","_monsterinsights_sitenote_category":0,"_genesis_hide_title":false,"_genesis_hide_breadcrumbs":false,"_genesis_hide_singular_image":false,"_genesis_hide_footer_widgets":false,"_genesis_custom_body_class":"","_genesis_custom_post_class":"","_genesis_layout":"","footnotes":""},"class_list":{"0":"post-5976","1":"page","2":"type-page","3":"status-publish","5":"entry","6":"has-post-thumbnail"},"yoast_head":"<!-- This site is optimized with the Yoast SEO plugin v27.2 - https:\/\/yoast.com\/product\/yoast-seo-wordpress\/ -->\n<title>Unsere Pastoren | C3 Z\u00fcrich<\/title>\n<meta name=\"description\" content=\"Das Leitungsteam der C3 Z\u00fcrich besteht aus dem Pastoren-Ehepaar Simon und Sara und Spalinger sowie drei drei Ehepaaren, die das \u00abExecutive Team\u00bb bilden.\" \/>\n<meta name=\"robots\" content=\"noindex, nofollow\" \/>\n<meta property=\"og:locale\" content=\"de_DE\" \/>\n<meta property=\"og:type\" content=\"article\" \/>\n<meta property=\"og:title\" content=\"Unsere Pastoren | C3 Z\u00fcrich\" \/>\n<meta property=\"og:description\" content=\"Das Leitungsteam der C3 Z\u00fcrich besteht aus dem Pastoren-Ehepaar Simon und Sara und Spalinger sowie drei drei Ehepaaren, die das \u00abExecutive Team\u00bb bilden.\" \/>\n<meta property=\"og:url\" content=\"https:\/\/c3zurich.ch\/de\/unserepastoren\/\" \/>\n<meta property=\"og:site_name\" content=\"C3 Z\u00fcrich\" \/>\n<meta property=\"article:publisher\" content=\"https:\/\/www.facebook.com\/C3Zurich\/\" \/>\n<meta property=\"article:modified_time\" content=\"2025-11-16T20:57:26+00:00\" \/>\n<meta property=\"og:image\" content=\"https:\/\/c3zurich.ch\/wp-content\/uploads\/2024\/01\/2-1.jpeg\" \/>\n<meta name=\"twitter:card\" content=\"summary_large_image\" \/>\n<meta name=\"twitter:site\" content=\"@c3zurich\" \/>\n<meta name=\"twitter:label1\" content=\"Gesch\u00e4tzte Lesezeit\" \/>\n\t<meta name=\"twitter:data1\" content=\"2\u00a0Minuten\" \/>\n<script type=\"application\/ld+json\" class=\"yoast-schema-graph\">{\"@context\":\"https:\/\/schema.org\",\"@graph\":[{\"@type\":\"WebPage\",\"@id\":\"https:\/\/c3zurich.ch\/de\/unserepastoren\/\",\"url\":\"https:\/\/c3zurich.ch\/de\/unserepastoren\/\",\"name\":\"Unsere Pastoren | C3 Z\u00fcrich\",\"isPartOf\":{\"@id\":\"https:\/\/c3zurich.ch\/#website\"},\"primaryImageOfPage\":{\"@id\":\"https:\/\/c3zurich.ch\/de\/unserepastoren\/#primaryimage\"},\"image\":{\"@id\":\"https:\/\/c3zurich.ch\/de\/unserepastoren\/#primaryimage\"},\"thumbnailUrl\":\"https:\/\/c3zurich.ch\/wp-content\/uploads\/2024\/01\/2-1.jpeg\",\"datePublished\":\"2018-08-04T11:21:45+00:00\",\"dateModified\":\"2025-11-16T20:57:26+00:00\",\"description\":\"Das Leitungsteam der C3 Z\u00fcrich besteht aus dem Pastoren-Ehepaar Simon und Sara und Spalinger sowie drei drei Ehepaaren, die das \u00abExecutive Team\u00bb bilden.\",\"inLanguage\":\"de-CH\",\"potentialAction\":[{\"@type\":\"ReadAction\",\"target\":[\"https:\/\/c3zurich.ch\/de\/unserepastoren\/\"]}]},{\"@type\":\"ImageObject\",\"inLanguage\":\"de-CH\",\"@id\":\"https:\/\/c3zurich.ch\/de\/unserepastoren\/#primaryimage\",\"url\":\"https:\/\/c3zurich.ch\/wp-content\/uploads\/2024\/01\/2-1.jpeg\",\"contentUrl\":\"https:\/\/c3zurich.ch\/wp-content\/uploads\/2024\/01\/2-1.jpeg\"},{\"@type\":\"WebSite\",\"@id\":\"https:\/\/c3zurich.ch\/#website\",\"url\":\"https:\/\/c3zurich.ch\/\",\"name\":\"C3 Zurich\",\"description\":\"Eine Glaubensgemeinschaft im Zentrum von Z\u00fcrich mit Gottesdiensten in Mundart und Englisch\",\"publisher\":{\"@id\":\"https:\/\/c3zurich.ch\/#organization\"},\"potentialAction\":[{\"@type\":\"SearchAction\",\"target\":{\"@type\":\"EntryPoint\",\"urlTemplate\":\"https:\/\/c3zurich.ch\/?s={search_term_string}\"},\"query-input\":{\"@type\":\"PropertyValueSpecification\",\"valueRequired\":true,\"valueName\":\"search_term_string\"}}],\"inLanguage\":\"de-CH\"},{\"@type\":\"Organization\",\"@id\":\"https:\/\/c3zurich.ch\/#organization\",\"name\":\"C3 Church Zurich\",\"alternateName\":\"C3 Zurich\",\"url\":\"https:\/\/c3zurich.ch\/\",\"logo\":{\"@type\":\"ImageObject\",\"inLanguage\":\"de-CH\",\"@id\":\"https:\/\/c3zurich.ch\/#\/schema\/logo\/image\/\",\"url\":\"https:\/\/c3zurich.ch\/wp-content\/uploads\/2019\/11\/Church-Worship-Scene.jpg\",\"contentUrl\":\"https:\/\/c3zurich.ch\/wp-content\/uploads\/2019\/11\/Church-Worship-Scene.jpg\",\"width\":2048,\"height\":1365,\"caption\":\"C3 Church Zurich\"},\"image\":{\"@id\":\"https:\/\/c3zurich.ch\/#\/schema\/logo\/image\/\"},\"sameAs\":[\"https:\/\/www.facebook.com\/C3Zurich\/\",\"https:\/\/x.com\/c3zurich\",\"https:\/\/www.instagram.com\/c3zurich\/\"]}]}<\/script>\n<!-- \/ Yoast SEO plugin. -->","yoast_head_json":{"title":"Unsere Pastoren | C3 Z\u00fcrich","description":"Das Leitungsteam der C3 Z\u00fcrich besteht aus dem Pastoren-Ehepaar Simon und Sara und Spalinger sowie drei drei Ehepaaren, die das \u00abExecutive Team\u00bb bilden.","robots":{"index":"noindex","follow":"nofollow"},"og_locale":"de_DE","og_type":"article","og_title":"Unsere Pastoren | C3 Z\u00fcrich","og_description":"Das Leitungsteam der C3 Z\u00fcrich besteht aus dem Pastoren-Ehepaar Simon und Sara und Spalinger sowie drei drei Ehepaaren, die das \u00abExecutive Team\u00bb bilden.","og_url":"https:\/\/c3zurich.ch\/de\/unserepastoren\/","og_site_name":"C3 Z\u00fcrich","article_publisher":"https:\/\/www.facebook.com\/C3Zurich\/","article_modified_time":"2025-11-16T20:57:26+00:00","og_image":[{"url":"https:\/\/c3zurich.ch\/wp-content\/uploads\/2024\/01\/2-1.jpeg","type":"","width":"","height":""}],"twitter_card":"summary_large_image","twitter_site":"@c3zurich","twitter_misc":{"Gesch\u00e4tzte Lesezeit":"2\u00a0Minuten"},"schema":{"@context":"https:\/\/schema.org","@graph":[{"@type":"WebPage","@id":"https:\/\/c3zurich.ch\/de\/unserepastoren\/","url":"https:\/\/c3zurich.ch\/de\/unserepastoren\/","name":"Unsere Pastoren | C3 Z\u00fcrich","isPartOf":{"@id":"https:\/\/c3zurich.ch\/#website"},"primaryImageOfPage":{"@id":"https:\/\/c3zurich.ch\/de\/unserepastoren\/#primaryimage"},"image":{"@id":"https:\/\/c3zurich.ch\/de\/unserepastoren\/#primaryimage"},"thumbnailUrl":"https:\/\/c3zurich.ch\/wp-content\/uploads\/2024\/01\/2-1.jpeg","datePublished":"2018-08-04T11:21:45+00:00","dateModified":"2025-11-16T20:57:26+00:00","description":"Das Leitungsteam der C3 Z\u00fcrich besteht aus dem Pastoren-Ehepaar Simon und Sara und Spalinger sowie drei drei Ehepaaren, die das \u00abExecutive Team\u00bb bilden.","inLanguage":"de-CH","potentialAction":[{"@type":"ReadAction","target":["https:\/\/c3zurich.ch\/de\/unserepastoren\/"]}]},{"@type":"ImageObject","inLanguage":"de-CH","@id":"https:\/\/c3zurich.ch\/de\/unserepastoren\/#primaryimage","url":"https:\/\/c3zurich.ch\/wp-content\/uploads\/2024\/01\/2-1.jpeg","contentUrl":"https:\/\/c3zurich.ch\/wp-content\/uploads\/2024\/01\/2-1.jpeg"},{"@type":"WebSite","@id":"https:\/\/c3zurich.ch\/#website","url":"https:\/\/c3zurich.ch\/","name":"C3 Zurich","description":"Eine Glaubensgemeinschaft im Zentrum von Z\u00fcrich mit Gottesdiensten in Mundart und Englisch","publisher":{"@id":"https:\/\/c3zurich.ch\/#organization"},"potentialAction":[{"@type":"SearchAction","target":{"@type":"EntryPoint","urlTemplate":"https:\/\/c3zurich.ch\/?s={search_term_string}"},"query-input":{"@type":"PropertyValueSpecification","valueRequired":true,"valueName":"search_term_string"}}],"inLanguage":"de-CH"},{"@type":"Organization","@id":"https:\/\/c3zurich.ch\/#organization","name":"C3 Church Zurich","alternateName":"C3 Zurich","url":"https:\/\/c3zurich.ch\/","logo":{"@type":"ImageObject","inLanguage":"de-CH","@id":"https:\/\/c3zurich.ch\/#\/schema\/logo\/image\/","url":"https:\/\/c3zurich.ch\/wp-content\/uploads\/2019\/11\/Church-Worship-Scene.jpg","contentUrl":"https:\/\/c3zurich.ch\/wp-content\/uploads\/2019\/11\/Church-Worship-Scene.jpg","width":2048,"height":1365,"caption":"C3 Church Zurich"},"image":{"@id":"https:\/\/c3zurich.ch\/#\/schema\/logo\/image\/"},"sameAs":["https:\/\/www.facebook.com\/C3Zurich\/","https:\/\/x.com\/c3zurich","https:\/\/www.instagram.com\/c3zurich\/"]}]}},"campaignId":"","_links":{"self":[{"href":"https:\/\/c3zurich.ch\/de\/wp-json\/wp\/v2\/pages\/5976","targetHints":{"allow":["GET"]}}],"collection":[{"href":"https:\/\/c3zurich.ch\/de\/wp-json\/wp\/v2\/pages"}],"about":[{"href":"https:\/\/c3zurich.ch\/de\/wp-json\/wp\/v2\/types\/page"}],"author":[{"embeddable":true,"href":"https:\/\/c3zurich.ch\/de\/wp-json\/wp\/v2\/users\/2"}],"replies":[{"embeddable":true,"href":"https:\/\/c3zurich.ch\/de\/wp-json\/wp\/v2\/comments?post=5976"}],"version-history":[{"count":28,"href":"https:\/\/c3zurich.ch\/de\/wp-json\/wp\/v2\/pages\/5976\/revisions"}],"predecessor-version":[{"id":13042,"href":"https:\/\/c3zurich.ch\/de\/wp-json\/wp\/v2\/pages\/5976\/revisions\/13042"}],"wp:attachment":[{"href":"https:\/\/c3zurich.ch\/de\/wp-json\/wp\/v2\/media?parent=5976"}],"curies":[{"name":"wp","href":"https:\/\/api.w.org\/{rel}","templated":true}]}}