{"id":5943,"date":"2018-08-04T12:16:20","date_gmt":"2018-08-04T10:16:20","guid":{"rendered":"http:\/\/c3.staging1.laurencariscooks.com\/?page_id=5943\/"},"modified":"2026-03-30T09:28:21","modified_gmt":"2026-03-30T07:28:21","slug":"welcome-to-c3-zurich","status":"publish","type":"page","link":"https:\/\/c3zurich.ch\/de\/","title":{"rendered":"Willkommen in der C3 Z\u00fcrich"},"content":{"rendered":"\n<h1>\n\t\t\tHerzlich willkommen bei <br \/>C3 Z\u00fcrich\t<\/h1>\n<h3>\n\t\t\tBesuchen Sie unseren n\u00e4chsten Sonntagsgottesdienst:\t<\/h3>\n\t<p>C3 Zurich WEST (Kreis 5): <span class=\"formatting-hp\" style=\"text-transform: uppercase; font-weight: 700; font-size: 19px;\">Sonntag 3. Mai, 10:15<\/span><span class=\"location-hp\"><a href=\"\/de\/sunday-services#find-us\">C3 Z\u00fcrich West (Kreis 5)<\/a> und <a href=\"https:\/\/www.youtube.com\/@C3Zurich\" target=\"_blank\">Online<\/a><\/span><\/p>\n<section dir=\"auto\" data-turn-id=\"request-WEB:9502b212-e44c-409a-a6f7-c3808b16e25e-0\" data-testid=\"conversation-turn-2\" data-scroll-anchor=\"true\" data-turn=\"assistant\">\nC3 Z\u00fcrich SOUTH (Enge):\u00a0<span class=\"formatting-hp\" style=\"text-transform: uppercase; font-weight: 700; font-size: 19px;\">Sonntag 3. Mai, 10:30<\/span><span class=\"location-hp\"><a href=\"\/de\/sunday-services#find-us\">C3 Z\u00fcrich S\u00fcd (Enge)<\/a> und <a href=\"https:\/\/www.youtube.com\/@C3Zurich\" target=\"_blank\">Online<\/a><\/span>\n<\/section>\n\t\t\t<a href=\"\/de\/gottesdienste\/#find-us\"  target=\"_self\">\n\t\t\t\t\t\t\tPLANE DEINEN BESUCH\n\t\t\t\t\t<\/a>\n<h2>\n\t\t\tAlle wichtigen Informationen\t<\/h2>\n\t<h4>Kids Programm<\/h4>\n\t<p>Wir haben Lobpreis und Sonntagschule f\u00fcr jede Altersstufe<\/p>\n\t\t\t<a href=\"\/de\/kindergottesdienste\/\"  target=\"_self\">\n\t\t\t\t\t\t\tMehr\n\t\t\t\t\t<\/a>\n\t<h4>\u00dcbersetzung<\/h4>\n\t<p>Alle unsere Gottesdienste sind zweisprachig auf Englisch und Schweizerdeutsch<\/p>\n\t<img decoding=\"async\" src=\"https:\/\/img.icons8.com\/ios\/50\/000000\/play-button-circled--v1.png\"\/>\n\t<h4>Kirche online<\/h4>\n\t<p>Wir streamen live auf YouTube jeden Sonntag unseren Gottesdienst<\/p>\n\t\t\t<a href=\"\/de\/kirche-online\/\"  target=\"_self\">\n\t\t\t\t\t\t\tSchau es jetzt an\n\t\t\t\t\t<\/a>\n\t<p>Connect Groups<\/p>\n\t<p>Erlebe Kirche auch unter der Woche in einer Connectgroup<\/p>\n\t\t\t<a href=\"https:\/\/c3zurich.churchcenter.com\/groups\/connect-groups\"  target=\"_self\">\n\t\t\t\t\t\t\tMehr\n\t\t\t\t\t<\/a>\n\n","protected":false},"excerpt":{"rendered":"<p>Herzlich willkommen bei C3 Z\u00fcrich Besuchen Sie unseren n\u00e4chsten Sonntagsgottesdienst: C3 Zurich WEST (Kreis 5): C3 Z\u00fcrich SOUTH (Enge):\u00a0 PLANE DEINEN BESUCH Alle wichtigen Informationen Kids Programm Wir haben Lobpreis und Sonntagschule f\u00fcr jede Altersstufe Mehr \u00dcbersetzung Alle unsere Gottesdienste sind zweisprachig auf Englisch und Schweizerdeutsch Kirche online Wir streamen live auf YouTube jeden Sonntag [&hellip;]<\/p>\n","protected":false},"author":2,"featured_media":8541,"parent":0,"menu_order":0,"comment_status":"closed","ping_status":"closed","template":"my-templates\/no-title-template.php","meta":{"give_campaign_id":0,"inline_featured_image":false,"_monsterinsights_skip_tracking":false,"_monsterinsights_sitenote_active":false,"_monsterinsights_sitenote_note":"","_monsterinsights_sitenote_category":0,"_genesis_hide_title":false,"_genesis_hide_breadcrumbs":false,"_genesis_hide_singular_image":false,"_genesis_hide_footer_widgets":false,"_genesis_custom_body_class":"","_genesis_custom_post_class":"","_genesis_layout":"","footnotes":""},"class_list":{"0":"post-5943","1":"page","2":"type-page","3":"status-publish","4":"has-post-thumbnail","6":"entry"},"yoast_head":"<!-- This site is optimized with the Yoast SEO plugin v27.2 - https:\/\/yoast.com\/product\/yoast-seo-wordpress\/ -->\n<title>Eine englisch- und schweizerdeutschsprachige Kirche in Z\u00fcrich<\/title>\n<meta name=\"description\" content=\"Wir sind eine internationale Gemeinde mitten in Z\u00fcrich mit zwei Standorten im Kreis 5 und in Enge. Komm doch diesen Sonntag vorbei!\" \/>\n<meta name=\"robots\" content=\"index, follow, max-snippet:-1, max-image-preview:large, max-video-preview:-1\" \/>\n<link rel=\"canonical\" href=\"https:\/\/c3zurich.ch\/de\/\" \/>\n<meta property=\"og:locale\" content=\"de_DE\" \/>\n<meta property=\"og:type\" content=\"article\" \/>\n<meta property=\"og:title\" content=\"Eine englisch- und schweizerdeutschsprachige Kirche in Z\u00fcrich\" \/>\n<meta property=\"og:description\" content=\"Komm, wie du bist, zum n\u00e4chsten Gottesdienst am n\u00e4chsten Sonntag um 10.15 Uhr - wir freuen uns auf dich!\" \/>\n<meta property=\"og:url\" content=\"https:\/\/c3zurich.ch\/de\/\" \/>\n<meta property=\"og:site_name\" content=\"C3 Z\u00fcrich\" \/>\n<meta property=\"article:publisher\" content=\"https:\/\/www.facebook.com\/C3Zurich\/\" \/>\n<meta property=\"article:modified_time\" content=\"2026-03-30T07:28:21+00:00\" \/>\n<meta property=\"og:image\" content=\"https:\/\/c3zurich.ch\/wp-content\/uploads\/2018\/08\/Facebook-Sharing-Template.jpg\" \/>\n\t<meta property=\"og:image:width\" content=\"1200\" \/>\n\t<meta property=\"og:image:height\" content=\"630\" \/>\n\t<meta property=\"og:image:type\" content=\"image\/jpeg\" \/>\n<meta name=\"twitter:card\" content=\"summary_large_image\" \/>\n<meta name=\"twitter:title\" content=\"C3 Z\u00fcrich - Besuchen Sie Uns F\u00fcr Unser N\u00e4chstes Sonntagsgottesdienst!\" \/>\n<meta name=\"twitter:description\" content=\"Wir sind eine eine Gemeinschaft von Glaube, Hoffnung und Liebe zu Gott und zu Menschen, im Zentrum von Z\u00fcrich. Wir freuen uns dich zu treffen und dich willkommen zu heissen!\" \/>\n<meta name=\"twitter:image\" content=\"https:\/\/c3zurich.ch\/wp-content\/uploads\/2018\/08\/Twitter-Sharing-Template.jpg\" \/>\n<meta name=\"twitter:site\" content=\"@c3zurich\" \/>\n<meta name=\"twitter:label1\" content=\"Gesch\u00e4tzte Lesezeit\" \/>\n\t<meta name=\"twitter:data1\" content=\"1\u00a0Minute\" \/>\n<script type=\"application\/ld+json\" class=\"yoast-schema-graph\">{\"@context\":\"https:\/\/schema.org\",\"@graph\":[{\"@type\":\"WebPage\",\"@id\":\"https:\/\/c3zurich.ch\/de\/\",\"url\":\"https:\/\/c3zurich.ch\/de\/\",\"name\":\"Eine englisch- und schweizerdeutschsprachige Kirche in Z\u00fcrich\",\"isPartOf\":{\"@id\":\"https:\/\/c3zurich.ch\/#website\"},\"primaryImageOfPage\":{\"@id\":\"https:\/\/c3zurich.ch\/de\/#primaryimage\"},\"image\":{\"@id\":\"https:\/\/c3zurich.ch\/de\/#primaryimage\"},\"thumbnailUrl\":\"https:\/\/c3zurich.ch\/wp-content\/uploads\/2019\/11\/Church-Worship-Scene.jpg\",\"datePublished\":\"2018-08-04T10:16:20+00:00\",\"dateModified\":\"2026-03-30T07:28:21+00:00\",\"description\":\"Wir sind eine internationale Gemeinde mitten in Z\u00fcrich mit zwei Standorten im Kreis 5 und in Enge. Komm doch diesen Sonntag vorbei!\",\"inLanguage\":\"de-CH\",\"potentialAction\":[{\"@type\":\"ReadAction\",\"target\":[\"https:\/\/c3zurich.ch\/de\/\"]}]},{\"@type\":\"ImageObject\",\"inLanguage\":\"de-CH\",\"@id\":\"https:\/\/c3zurich.ch\/de\/#primaryimage\",\"url\":\"https:\/\/c3zurich.ch\/wp-content\/uploads\/2019\/11\/Church-Worship-Scene.jpg\",\"contentUrl\":\"https:\/\/c3zurich.ch\/wp-content\/uploads\/2019\/11\/Church-Worship-Scene.jpg\",\"width\":2048,\"height\":1365},{\"@type\":\"WebSite\",\"@id\":\"https:\/\/c3zurich.ch\/#website\",\"url\":\"https:\/\/c3zurich.ch\/\",\"name\":\"C3 Zurich\",\"description\":\"Eine Glaubensgemeinschaft im Zentrum von Z\u00fcrich mit Gottesdiensten in Mundart und Englisch\",\"publisher\":{\"@id\":\"https:\/\/c3zurich.ch\/#organization\"},\"potentialAction\":[{\"@type\":\"SearchAction\",\"target\":{\"@type\":\"EntryPoint\",\"urlTemplate\":\"https:\/\/c3zurich.ch\/?s={search_term_string}\"},\"query-input\":{\"@type\":\"PropertyValueSpecification\",\"valueRequired\":true,\"valueName\":\"search_term_string\"}}],\"inLanguage\":\"de-CH\"},{\"@type\":\"Organization\",\"@id\":\"https:\/\/c3zurich.ch\/#organization\",\"name\":\"C3 Church Zurich\",\"alternateName\":\"C3 Zurich\",\"url\":\"https:\/\/c3zurich.ch\/\",\"logo\":{\"@type\":\"ImageObject\",\"inLanguage\":\"de-CH\",\"@id\":\"https:\/\/c3zurich.ch\/#\/schema\/logo\/image\/\",\"url\":\"https:\/\/c3zurich.ch\/wp-content\/uploads\/2019\/11\/Church-Worship-Scene.jpg\",\"contentUrl\":\"https:\/\/c3zurich.ch\/wp-content\/uploads\/2019\/11\/Church-Worship-Scene.jpg\",\"width\":2048,\"height\":1365,\"caption\":\"C3 Church Zurich\"},\"image\":{\"@id\":\"https:\/\/c3zurich.ch\/#\/schema\/logo\/image\/\"},\"sameAs\":[\"https:\/\/www.facebook.com\/C3Zurich\/\",\"https:\/\/x.com\/c3zurich\",\"https:\/\/www.instagram.com\/c3zurich\/\"]}]}<\/script>\n<!-- \/ Yoast SEO plugin. -->","yoast_head_json":{"title":"Eine englisch- und schweizerdeutschsprachige Kirche in Z\u00fcrich","description":"Wir sind eine internationale Gemeinde mitten in Z\u00fcrich mit zwei Standorten im Kreis 5 und in Enge. Komm doch diesen Sonntag vorbei!","robots":{"index":"index","follow":"follow","max-snippet":"max-snippet:-1","max-image-preview":"max-image-preview:large","max-video-preview":"max-video-preview:-1"},"canonical":"https:\/\/c3zurich.ch\/de\/","og_locale":"de_DE","og_type":"article","og_title":"Eine englisch- und schweizerdeutschsprachige Kirche in Z\u00fcrich","og_description":"Komm, wie du bist, zum n\u00e4chsten Gottesdienst am n\u00e4chsten Sonntag um 10.15 Uhr - wir freuen uns auf dich!","og_url":"https:\/\/c3zurich.ch\/de\/","og_site_name":"C3 Z\u00fcrich","article_publisher":"https:\/\/www.facebook.com\/C3Zurich\/","article_modified_time":"2026-03-30T07:28:21+00:00","og_image":[{"width":1200,"height":630,"url":"https:\/\/c3zurich.ch\/wp-content\/uploads\/2018\/08\/Facebook-Sharing-Template.jpg","type":"image\/jpeg"}],"twitter_card":"summary_large_image","twitter_title":"C3 Z\u00fcrich - Besuchen Sie Uns F\u00fcr Unser N\u00e4chstes Sonntagsgottesdienst!","twitter_description":"Wir sind eine eine Gemeinschaft von Glaube, Hoffnung und Liebe zu Gott und zu Menschen, im Zentrum von Z\u00fcrich. Wir freuen uns dich zu treffen und dich willkommen zu heissen!","twitter_image":"https:\/\/c3zurich.ch\/wp-content\/uploads\/2018\/08\/Twitter-Sharing-Template.jpg","twitter_site":"@c3zurich","twitter_misc":{"Gesch\u00e4tzte Lesezeit":"1\u00a0Minute"},"schema":{"@context":"https:\/\/schema.org","@graph":[{"@type":"WebPage","@id":"https:\/\/c3zurich.ch\/de\/","url":"https:\/\/c3zurich.ch\/de\/","name":"Eine englisch- und schweizerdeutschsprachige Kirche in Z\u00fcrich","isPartOf":{"@id":"https:\/\/c3zurich.ch\/#website"},"primaryImageOfPage":{"@id":"https:\/\/c3zurich.ch\/de\/#primaryimage"},"image":{"@id":"https:\/\/c3zurich.ch\/de\/#primaryimage"},"thumbnailUrl":"https:\/\/c3zurich.ch\/wp-content\/uploads\/2019\/11\/Church-Worship-Scene.jpg","datePublished":"2018-08-04T10:16:20+00:00","dateModified":"2026-03-30T07:28:21+00:00","description":"Wir sind eine internationale Gemeinde mitten in Z\u00fcrich mit zwei Standorten im Kreis 5 und in Enge. Komm doch diesen Sonntag vorbei!","inLanguage":"de-CH","potentialAction":[{"@type":"ReadAction","target":["https:\/\/c3zurich.ch\/de\/"]}]},{"@type":"ImageObject","inLanguage":"de-CH","@id":"https:\/\/c3zurich.ch\/de\/#primaryimage","url":"https:\/\/c3zurich.ch\/wp-content\/uploads\/2019\/11\/Church-Worship-Scene.jpg","contentUrl":"https:\/\/c3zurich.ch\/wp-content\/uploads\/2019\/11\/Church-Worship-Scene.jpg","width":2048,"height":1365},{"@type":"WebSite","@id":"https:\/\/c3zurich.ch\/#website","url":"https:\/\/c3zurich.ch\/","name":"C3 Zurich","description":"Eine Glaubensgemeinschaft im Zentrum von Z\u00fcrich mit Gottesdiensten in Mundart und Englisch","publisher":{"@id":"https:\/\/c3zurich.ch\/#organization"},"potentialAction":[{"@type":"SearchAction","target":{"@type":"EntryPoint","urlTemplate":"https:\/\/c3zurich.ch\/?s={search_term_string}"},"query-input":{"@type":"PropertyValueSpecification","valueRequired":true,"valueName":"search_term_string"}}],"inLanguage":"de-CH"},{"@type":"Organization","@id":"https:\/\/c3zurich.ch\/#organization","name":"C3 Church Zurich","alternateName":"C3 Zurich","url":"https:\/\/c3zurich.ch\/","logo":{"@type":"ImageObject","inLanguage":"de-CH","@id":"https:\/\/c3zurich.ch\/#\/schema\/logo\/image\/","url":"https:\/\/c3zurich.ch\/wp-content\/uploads\/2019\/11\/Church-Worship-Scene.jpg","contentUrl":"https:\/\/c3zurich.ch\/wp-content\/uploads\/2019\/11\/Church-Worship-Scene.jpg","width":2048,"height":1365,"caption":"C3 Church Zurich"},"image":{"@id":"https:\/\/c3zurich.ch\/#\/schema\/logo\/image\/"},"sameAs":["https:\/\/www.facebook.com\/C3Zurich\/","https:\/\/x.com\/c3zurich","https:\/\/www.instagram.com\/c3zurich\/"]}]}},"campaignId":"","_links":{"self":[{"href":"https:\/\/c3zurich.ch\/de\/wp-json\/wp\/v2\/pages\/5943","targetHints":{"allow":["GET"]}}],"collection":[{"href":"https:\/\/c3zurich.ch\/de\/wp-json\/wp\/v2\/pages"}],"about":[{"href":"https:\/\/c3zurich.ch\/de\/wp-json\/wp\/v2\/types\/page"}],"author":[{"embeddable":true,"href":"https:\/\/c3zurich.ch\/de\/wp-json\/wp\/v2\/users\/2"}],"replies":[{"embeddable":true,"href":"https:\/\/c3zurich.ch\/de\/wp-json\/wp\/v2\/comments?post=5943"}],"version-history":[{"count":14,"href":"https:\/\/c3zurich.ch\/de\/wp-json\/wp\/v2\/pages\/5943\/revisions"}],"predecessor-version":[{"id":13606,"href":"https:\/\/c3zurich.ch\/de\/wp-json\/wp\/v2\/pages\/5943\/revisions\/13606"}],"wp:featuredmedia":[{"embeddable":true,"href":"https:\/\/c3zurich.ch\/de\/wp-json\/wp\/v2\/media\/8541"}],"wp:attachment":[{"href":"https:\/\/c3zurich.ch\/de\/wp-json\/wp\/v2\/media?parent=5943"}],"curies":[{"name":"wp","href":"https:\/\/api.w.org\/{rel}","templated":true}]}}