{"id":5863,"date":"2014-12-16T11:52:47","date_gmt":"2014-12-16T10:52:47","guid":{"rendered":"http:\/\/c3.staging1.laurencariscooks.com\/give\/"},"modified":"2026-01-23T16:52:09","modified_gmt":"2026-01-23T15:52:09","slug":"spenden","status":"publish","type":"page","link":"https:\/\/c3zurich.ch\/de\/spenden\/","title":{"rendered":"Spenden"},"content":{"rendered":"\n<h1>\n\t\t\tSpenden\t<\/h1>\n<h2>\n\t\t\tBAU DAS HAUS GOTTES\t<\/h2>\n\t<p>Wir glauben, dass es eine Art ist, Gott zu ehren, wenn wir einen Teil unseres Geldes spenden. F\u00fcr uns ist das eine praktische M\u00f6glichkeit, Gott praktisch zu lieben, zu ehren und seine F\u00fcrsorge zu erleben. Jede Spende hilft uns dabei, das Haus Gottes und die Gemeinde vor Ort aufzubauen.<\/p>\n<figure itemscope itemtype=\"https:\/\/schema.org\/ImageObject\">\n\t\t\t\t<img decoding=\"async\" src=\"https:\/\/c3zurich.ch\/wp-content\/uploads\/2026\/01\/2.jpg\" alt=\"2\" height=\"1000\" width=\"1500\" title=\"2\" onerror=\"this.style.display='none'\" loading=\"lazy\" \/>\n\t<\/figure>\n<h2>\n\t\t\tBank\u00fcberweisung\t<\/h2>\n\t<p>Einmalige oder wiederkehrende Spende (Dauerauftrag). Alle Infos dazu findest du auf dieser Seite.<\/p>\n\t\t\t<a href=\"\/bank-transfer\"  target=\"_self\">\n\t\t\t\t\t\t\tJetzt spenden\n\t\t\t\t\t<\/a>\n<figure itemscope itemtype=\"https:\/\/schema.org\/ImageObject\">\n\t\t\t\t<img decoding=\"async\" src=\"https:\/\/c3zurich.ch\/wp-content\/uploads\/2026\/01\/1.jpg\" alt=\"1\" height=\"1000\" width=\"1500\" title=\"1\" onerror=\"this.style.display='none'\" loading=\"lazy\" \/>\n\t<\/figure>\n<h2>\n\t\t\tTwint\t<\/h2>\n\t<p>Hier kannst du \u00fcber TWINT spenden. Die Zahlung wird sicher von TWINT abgewickelt.<\/p>\n\t\t\t<a href=\"\/twint-donation\"  target=\"_self\">\n\t\t\t\t\t\t\tJetzt twinten\n\t\t\t\t\t<\/a>\n<figure itemscope itemtype=\"https:\/\/schema.org\/ImageObject\">\n\t\t\t\t<img decoding=\"async\" src=\"https:\/\/c3zurich.ch\/wp-content\/uploads\/2026\/01\/3.jpg\" alt=\"3\" height=\"1000\" width=\"1500\" title=\"3\" onerror=\"this.style.display='none'\" loading=\"lazy\" \/>\n\t<\/figure>\n<h2>\n\t\t\tKreditkarte\t<\/h2>\n\t<p>Du kannst per Kreditkarte oder anderen Online-Methoden zahlen. Die Zahlungen werden \u00fcber unseren sicheren Online-Partner abgewickelt.<\/p>\n\t\t\t<a href=\"\/online-donation\"  target=\"_self\">\n\t\t\t\t\t\t\tJetzt spenden\n\t\t\t\t\t<\/a>\n<figure itemscope itemtype=\"https:\/\/schema.org\/ImageObject\">\n\t\t\t\t<img decoding=\"async\" src=\"https:\/\/c3zurich.ch\/wp-content\/uploads\/2026\/01\/2.jpg\" alt=\"2\" height=\"1000\" width=\"1500\" title=\"2\" onerror=\"this.style.display='none'\" loading=\"lazy\" \/>\n\t<\/figure>\n<h2>\n\t\t\tVision Builders\t<\/h2>\n\t<p>Hier findest du Infos zu unseren aktuellen Vision Builders-Kampagnen. Wenn du f\u00fcr diesen Bereich spenden m\u00f6chtest, schau bitte auf dieser Seite vorbei.<\/p>\n\t\t\t<a href=\"\/vision-builders\"  target=\"_self\">\n\t\t\t\t\t\t\tUnterst\u00fctze die Vision\n\t\t\t\t\t<\/a>\n\n","protected":false},"excerpt":{"rendered":"<p>Spenden BAU DAS HAUS GOTTES Wir glauben, dass es eine Art ist, Gott zu ehren, wenn wir einen Teil unseres Geldes spenden. F\u00fcr uns ist das eine praktische M\u00f6glichkeit, Gott praktisch zu lieben, zu ehren und seine F\u00fcrsorge zu erleben. Jede Spende hilft uns dabei, das Haus Gottes und die Gemeinde vor Ort aufzubauen. Bank\u00fcberweisung [&hellip;]<\/p>\n","protected":false},"author":2,"featured_media":2362,"parent":0,"menu_order":0,"comment_status":"open","ping_status":"closed","template":"my-templates\/no-title-template.php","meta":{"give_campaign_id":0,"inline_featured_image":false,"_monsterinsights_skip_tracking":false,"_monsterinsights_sitenote_active":false,"_monsterinsights_sitenote_note":"","_monsterinsights_sitenote_category":0,"_genesis_hide_title":false,"_genesis_hide_breadcrumbs":false,"_genesis_hide_singular_image":false,"_genesis_hide_footer_widgets":false,"_genesis_custom_body_class":"","_genesis_custom_post_class":"","_genesis_layout":"","footnotes":""},"class_list":{"0":"post-5863","1":"page","2":"type-page","3":"status-publish","4":"has-post-thumbnail","6":"entry"},"yoast_head":"<!-- This site is optimized with the Yoast SEO plugin v27.2 - https:\/\/yoast.com\/product\/yoast-seo-wordpress\/ -->\n<title>Spenden<\/title>\n<meta name=\"description\" content=\"Jede Spende an C3 Z\u00fcrich tr\u00e4gt zum Bau des Haus Gottes und zur Kirche vor Ort bei. Wer gerne freiwillig etwas gibt, tut damit mehr als einen guten Dienst.\" \/>\n<meta name=\"robots\" content=\"index, follow, max-snippet:-1, max-image-preview:large, max-video-preview:-1\" \/>\n<link rel=\"canonical\" href=\"https:\/\/c3zurich.ch\/de\/spenden\/\" \/>\n<meta property=\"og:locale\" content=\"de_DE\" \/>\n<meta property=\"og:type\" content=\"article\" \/>\n<meta property=\"og:title\" content=\"Spenden\" \/>\n<meta property=\"og:description\" content=\"Jede Spende an C3 Z\u00fcrich tr\u00e4gt zum Bau des Haus Gottes und zur Kirche vor Ort bei. Wer gerne freiwillig etwas gibt, tut damit mehr als einen guten Dienst.\" \/>\n<meta property=\"og:url\" content=\"https:\/\/c3zurich.ch\/de\/spenden\/\" \/>\n<meta property=\"og:site_name\" content=\"C3 Z\u00fcrich\" \/>\n<meta property=\"article:publisher\" content=\"https:\/\/www.facebook.com\/C3Zurich\/\" \/>\n<meta property=\"article:modified_time\" content=\"2026-01-23T15:52:09+00:00\" \/>\n<meta property=\"og:image\" content=\"https:\/\/c3zurich.ch\/wp-content\/uploads\/2014\/12\/city.jpg\" \/>\n\t<meta property=\"og:image:width\" content=\"1024\" \/>\n\t<meta property=\"og:image:height\" content=\"576\" \/>\n\t<meta property=\"og:image:type\" content=\"image\/jpeg\" \/>\n<meta name=\"twitter:card\" content=\"summary_large_image\" \/>\n<meta name=\"twitter:site\" content=\"@c3zurich\" \/>\n<meta name=\"twitter:label1\" content=\"Gesch\u00e4tzte Lesezeit\" \/>\n\t<meta name=\"twitter:data1\" content=\"2\u00a0Minuten\" \/>\n<script type=\"application\/ld+json\" class=\"yoast-schema-graph\">{\"@context\":\"https:\/\/schema.org\",\"@graph\":[{\"@type\":\"WebPage\",\"@id\":\"https:\/\/c3zurich.ch\/de\/spenden\/\",\"url\":\"https:\/\/c3zurich.ch\/de\/spenden\/\",\"name\":\"Spenden\",\"isPartOf\":{\"@id\":\"https:\/\/c3zurich.ch\/#website\"},\"primaryImageOfPage\":{\"@id\":\"https:\/\/c3zurich.ch\/de\/spenden\/#primaryimage\"},\"image\":{\"@id\":\"https:\/\/c3zurich.ch\/de\/spenden\/#primaryimage\"},\"thumbnailUrl\":\"https:\/\/c3zurich.ch\/wp-content\/uploads\/2014\/12\/city.jpg\",\"datePublished\":\"2014-12-16T10:52:47+00:00\",\"dateModified\":\"2026-01-23T15:52:09+00:00\",\"description\":\"Jede Spende an C3 Z\u00fcrich tr\u00e4gt zum Bau des Haus Gottes und zur Kirche vor Ort bei. Wer gerne freiwillig etwas gibt, tut damit mehr als einen guten Dienst.\",\"inLanguage\":\"de-CH\",\"potentialAction\":[{\"@type\":\"ReadAction\",\"target\":[\"https:\/\/c3zurich.ch\/de\/spenden\/\"]}]},{\"@type\":\"ImageObject\",\"inLanguage\":\"de-CH\",\"@id\":\"https:\/\/c3zurich.ch\/de\/spenden\/#primaryimage\",\"url\":\"https:\/\/c3zurich.ch\/wp-content\/uploads\/2014\/12\/city.jpg\",\"contentUrl\":\"https:\/\/c3zurich.ch\/wp-content\/uploads\/2014\/12\/city.jpg\",\"width\":1024,\"height\":576},{\"@type\":\"WebSite\",\"@id\":\"https:\/\/c3zurich.ch\/#website\",\"url\":\"https:\/\/c3zurich.ch\/\",\"name\":\"C3 Zurich\",\"description\":\"Eine Glaubensgemeinschaft im Zentrum von Z\u00fcrich mit Gottesdiensten in Mundart und Englisch\",\"publisher\":{\"@id\":\"https:\/\/c3zurich.ch\/#organization\"},\"potentialAction\":[{\"@type\":\"SearchAction\",\"target\":{\"@type\":\"EntryPoint\",\"urlTemplate\":\"https:\/\/c3zurich.ch\/?s={search_term_string}\"},\"query-input\":{\"@type\":\"PropertyValueSpecification\",\"valueRequired\":true,\"valueName\":\"search_term_string\"}}],\"inLanguage\":\"de-CH\"},{\"@type\":\"Organization\",\"@id\":\"https:\/\/c3zurich.ch\/#organization\",\"name\":\"C3 Church Zurich\",\"alternateName\":\"C3 Zurich\",\"url\":\"https:\/\/c3zurich.ch\/\",\"logo\":{\"@type\":\"ImageObject\",\"inLanguage\":\"de-CH\",\"@id\":\"https:\/\/c3zurich.ch\/#\/schema\/logo\/image\/\",\"url\":\"https:\/\/c3zurich.ch\/wp-content\/uploads\/2019\/11\/Church-Worship-Scene.jpg\",\"contentUrl\":\"https:\/\/c3zurich.ch\/wp-content\/uploads\/2019\/11\/Church-Worship-Scene.jpg\",\"width\":2048,\"height\":1365,\"caption\":\"C3 Church Zurich\"},\"image\":{\"@id\":\"https:\/\/c3zurich.ch\/#\/schema\/logo\/image\/\"},\"sameAs\":[\"https:\/\/www.facebook.com\/C3Zurich\/\",\"https:\/\/x.com\/c3zurich\",\"https:\/\/www.instagram.com\/c3zurich\/\"]}]}<\/script>\n<!-- \/ Yoast SEO plugin. -->","yoast_head_json":{"title":"Spenden","description":"Jede Spende an C3 Z\u00fcrich tr\u00e4gt zum Bau des Haus Gottes und zur Kirche vor Ort bei. Wer gerne freiwillig etwas gibt, tut damit mehr als einen guten Dienst.","robots":{"index":"index","follow":"follow","max-snippet":"max-snippet:-1","max-image-preview":"max-image-preview:large","max-video-preview":"max-video-preview:-1"},"canonical":"https:\/\/c3zurich.ch\/de\/spenden\/","og_locale":"de_DE","og_type":"article","og_title":"Spenden","og_description":"Jede Spende an C3 Z\u00fcrich tr\u00e4gt zum Bau des Haus Gottes und zur Kirche vor Ort bei. Wer gerne freiwillig etwas gibt, tut damit mehr als einen guten Dienst.","og_url":"https:\/\/c3zurich.ch\/de\/spenden\/","og_site_name":"C3 Z\u00fcrich","article_publisher":"https:\/\/www.facebook.com\/C3Zurich\/","article_modified_time":"2026-01-23T15:52:09+00:00","og_image":[{"width":1024,"height":576,"url":"https:\/\/c3zurich.ch\/wp-content\/uploads\/2014\/12\/city.jpg","type":"image\/jpeg"}],"twitter_card":"summary_large_image","twitter_site":"@c3zurich","twitter_misc":{"Gesch\u00e4tzte Lesezeit":"2\u00a0Minuten"},"schema":{"@context":"https:\/\/schema.org","@graph":[{"@type":"WebPage","@id":"https:\/\/c3zurich.ch\/de\/spenden\/","url":"https:\/\/c3zurich.ch\/de\/spenden\/","name":"Spenden","isPartOf":{"@id":"https:\/\/c3zurich.ch\/#website"},"primaryImageOfPage":{"@id":"https:\/\/c3zurich.ch\/de\/spenden\/#primaryimage"},"image":{"@id":"https:\/\/c3zurich.ch\/de\/spenden\/#primaryimage"},"thumbnailUrl":"https:\/\/c3zurich.ch\/wp-content\/uploads\/2014\/12\/city.jpg","datePublished":"2014-12-16T10:52:47+00:00","dateModified":"2026-01-23T15:52:09+00:00","description":"Jede Spende an C3 Z\u00fcrich tr\u00e4gt zum Bau des Haus Gottes und zur Kirche vor Ort bei. Wer gerne freiwillig etwas gibt, tut damit mehr als einen guten Dienst.","inLanguage":"de-CH","potentialAction":[{"@type":"ReadAction","target":["https:\/\/c3zurich.ch\/de\/spenden\/"]}]},{"@type":"ImageObject","inLanguage":"de-CH","@id":"https:\/\/c3zurich.ch\/de\/spenden\/#primaryimage","url":"https:\/\/c3zurich.ch\/wp-content\/uploads\/2014\/12\/city.jpg","contentUrl":"https:\/\/c3zurich.ch\/wp-content\/uploads\/2014\/12\/city.jpg","width":1024,"height":576},{"@type":"WebSite","@id":"https:\/\/c3zurich.ch\/#website","url":"https:\/\/c3zurich.ch\/","name":"C3 Zurich","description":"Eine Glaubensgemeinschaft im Zentrum von Z\u00fcrich mit Gottesdiensten in Mundart und Englisch","publisher":{"@id":"https:\/\/c3zurich.ch\/#organization"},"potentialAction":[{"@type":"SearchAction","target":{"@type":"EntryPoint","urlTemplate":"https:\/\/c3zurich.ch\/?s={search_term_string}"},"query-input":{"@type":"PropertyValueSpecification","valueRequired":true,"valueName":"search_term_string"}}],"inLanguage":"de-CH"},{"@type":"Organization","@id":"https:\/\/c3zurich.ch\/#organization","name":"C3 Church Zurich","alternateName":"C3 Zurich","url":"https:\/\/c3zurich.ch\/","logo":{"@type":"ImageObject","inLanguage":"de-CH","@id":"https:\/\/c3zurich.ch\/#\/schema\/logo\/image\/","url":"https:\/\/c3zurich.ch\/wp-content\/uploads\/2019\/11\/Church-Worship-Scene.jpg","contentUrl":"https:\/\/c3zurich.ch\/wp-content\/uploads\/2019\/11\/Church-Worship-Scene.jpg","width":2048,"height":1365,"caption":"C3 Church Zurich"},"image":{"@id":"https:\/\/c3zurich.ch\/#\/schema\/logo\/image\/"},"sameAs":["https:\/\/www.facebook.com\/C3Zurich\/","https:\/\/x.com\/c3zurich","https:\/\/www.instagram.com\/c3zurich\/"]}]}},"campaignId":"","_links":{"self":[{"href":"https:\/\/c3zurich.ch\/de\/wp-json\/wp\/v2\/pages\/5863","targetHints":{"allow":["GET"]}}],"collection":[{"href":"https:\/\/c3zurich.ch\/de\/wp-json\/wp\/v2\/pages"}],"about":[{"href":"https:\/\/c3zurich.ch\/de\/wp-json\/wp\/v2\/types\/page"}],"author":[{"embeddable":true,"href":"https:\/\/c3zurich.ch\/de\/wp-json\/wp\/v2\/users\/2"}],"replies":[{"embeddable":true,"href":"https:\/\/c3zurich.ch\/de\/wp-json\/wp\/v2\/comments?post=5863"}],"version-history":[{"count":11,"href":"https:\/\/c3zurich.ch\/de\/wp-json\/wp\/v2\/pages\/5863\/revisions"}],"predecessor-version":[{"id":13397,"href":"https:\/\/c3zurich.ch\/de\/wp-json\/wp\/v2\/pages\/5863\/revisions\/13397"}],"wp:featuredmedia":[{"embeddable":true,"href":"https:\/\/c3zurich.ch\/de\/wp-json\/wp\/v2\/media\/2362"}],"wp:attachment":[{"href":"https:\/\/c3zurich.ch\/de\/wp-json\/wp\/v2\/media?parent=5863"}],"curies":[{"name":"wp","href":"https:\/\/api.w.org\/{rel}","templated":true}]}}