{"id":13776,"date":"2026-05-14T11:46:19","date_gmt":"2026-05-14T09:46:19","guid":{"rendered":"https:\/\/c3zurich.ch\/?page_id=13776"},"modified":"2026-05-14T12:10:16","modified_gmt":"2026-05-14T10:10:16","slug":"compassion-team-de","status":"publish","type":"page","link":"https:\/\/c3zurich.ch\/de\/compassion-team-de\/","title":{"rendered":"Compassion Team &#8211; DE"},"content":{"rendered":"\n\n\t<!-- HERO SECTION -->\n<section>\n      <h1>Compassion Team<\/h1>\n      Wir lieben Menschen in Z\u00fcrich und dar\u00fcber hinaus, indem wir ihnen dienen und Hoffnung schenken.\n      \n<\/section>\n<!-- INTRO -->\n<section>\n      Das Compassion Team der C3 Z\u00fcrich setzt sich daf\u00fcr ein, Menschen mit Gottes Liebe, Gro\u00dfz\u00fcgigkeit und praktischen Taten zu erreichen. Unser Herz ist es, unsere Stadt und die Welt durch Dienst, Outreach und langfristige Partnerschaften zu pr\u00e4gen.\n      \n<\/section>\n\t<!-- OUTREACH LOCAL -->\n<section>\n      <h2>Outreach Local<\/h2>\n      Wir dienen den Menschen in Z\u00fcrich durch tatkr\u00e4ftige Unterst\u00fctzung, Gemeinschaftsprojekte und gelebte N\u00e4chstenliebe.\n      \n<\/section>\n<section>\n  <!-- MEMBER -->\n        \n      <img decoding=\"async\" src=\"https:\/\/c3zurich.ch\/wp-content\/uploads\/2026\/05\/CrisSilviu.jpeg\" alt=\"Name\"\/>\n      <h4>Cristina &#038; Silviu Titirca<\/h4>\n      <p>Shaynah &#038; LIO<\/p>\n<\/section>\n<figure itemscope itemtype=\"https:\/\/schema.org\/ImageObject\">\n\t\t\t\t<img decoding=\"async\" src=\"https:\/\/c3zurich.ch\/wp-content\/plugins\/bb-plugin\/img\/pixel.png\" alt=\"\" onerror=\"this.style.display='none'\" loading=\"lazy\" \/>\n\t<\/figure>\n\t<!-- OUTREACH GLOBAL -->\n<section>\n      <h2>Outreach Global<\/h2>\n      \n        Wir arbeiten mit internationalen Missionen und Organisationen zusammen, um Menschen weltweit Hoffnung zu bringen und praktische Hilfe zu leisten.\n      \n<\/section>\n<section>\n        \n      <img decoding=\"async\" src=\"https:\/\/c3zurich.ch\/wp-content\/uploads\/2026\/05\/Bernd.jpeg\" alt=\"Name\"\/>\n      <h4>Bernd Zomerdijk<\/h4>\n      <p>NewHope Eurasia<\/p>\n<\/section>\n\t<!-- COMPASSION -->\n<section>\n      <h2>Compassion<\/h2>\n      \n        Wir gehen auf Bed\u00fcrfnisse innerhalb der C3 ein, indem wir F\u00fcrsorge, Gro\u00dfz\u00fcgigkeit, berufliche Beratung und Unterst\u00fctzung anbieten.\n      \n<\/section>\n<section>\n        \n      <img decoding=\"async\" src=\"https:\/\/c3zurich.ch\/wp-content\/uploads\/2026\/05\/AiM.png\" alt=\"Name\"\/>\n      <h4>AiMeng &#038; Marc Haemmig<\/h4>\n      <p>C3 Compassion Team<\/p>\n<\/section>\n<figure itemscope itemtype=\"https:\/\/schema.org\/ImageObject\">\n\t\t\t\t<img decoding=\"async\" src=\"https:\/\/c3zurich.ch\/wp-content\/uploads\/2026\/05\/Moldova-2026-1.png\" alt=\"Moldova 2026\" height=\"400\" width=\"1040\" title=\"Moldova 2026\" onerror=\"this.style.display='none'\" loading=\"lazy\" \/>\n\t<\/figure>\n<h2>\n\t\t\tJetzt handeln: Unterst\u00fctzen Sie unser Fl\u00fcchtlingscamp f\u00fcr Frauen und Kinder\t<\/h2>\n\t<p>Wir sammeln <strong>18.000 CHF<\/strong>, um <strong>das Sommer-\u201eBreakthrough Camp&#187;<\/strong> in Moldawien im Rahmen unserer diesj\u00e4hrigen Vision Builders Initiative zu unterst\u00fctzen.<\/p>\n<p>Dieses Camp ist speziell f\u00fcr gefl\u00fcchtete Frauen und Kinder konzipiert und legt den Fokus auf <strong>Heilung, Wiederherstellung <\/strong>und <strong>Erneuerung<\/strong>.<\/p>\n<p>Deine Spende unterst\u00fctzt direkt:<\/p>\n<p>&#8211; <strong>Verpflegung<\/strong> und <strong>Unterkunft<\/strong> f\u00fcr alle Teilnehmenden<\/p>\n<p>&#8211; <strong>Geschenkpakete<\/strong> mit wichtigen <strong>Hygieneartikeln<\/strong><\/p>\n<p>&#8211; <strong>Transport und Logistik<\/strong>, damit alle sicher und problemlos am Camp teilnehmen k\u00f6nnen<\/p>\n<p>&#8211; <strong>Sportausr\u00fcstung<\/strong> und <strong>Camp-Materialien<\/strong> f\u00fcr Aktivit\u00e4ten und Gemeinschaft<\/p>\n<p>&#8211; <strong>C3-Freiwillige<\/strong>, damit sie vor Ort dienen und die Teilnehmenden unterst\u00fctzen k\u00f6nnen<\/p>\n<p>Ein Teil der Spenden wird zudem verwendet, um <strong>Gemeindemitglieder bei der Teilnahme am Camp zu unterst\u00fctzen<\/strong> &#8211; besonders diejenigen, die finanzielle Einschr\u00e4nkungen haben.<\/p>\n<p>Jede Spende, unabh\u00e4ngig von ihrer H\u00f6he, tr\u00e4gt entscheidend dazu bei, dieses Camp m\u00f6glich zu machen.<\/p>\n<p>Gemeinsam k\u00f6nnen wir einen Ort schaffen, an dem Frauen und Kinder sich wertgesch\u00e4tzt, unterst\u00fctzt und gest\u00e4rkt f\u00fchlen.<\/p>\n<p><strong>Wenn du Teil dieser Mission sein m\u00f6chtest, laden wir dich herzlich ein, zu spenden oder selbst am Camp teilzunehmen.<\/strong><\/p>\n<h2>\n\t\t\tStand vom 12. Mai 2026\t<\/h2>\n\t\t\t500\n\t\t\t\t\t\t\tCHF\n<h2>\n\t\t\tVision Builders\t<\/h2>\n\t<!--ScriptorStartFragment-->\nIm Jahr 2026 steht <strong>C3 Z\u00fcrich Vision Builders<\/strong> ganz im <strong>Zeichen von Outreach<\/strong> &#8211; und wir laden dich ein, Teil von etwas Gr\u00f6\u00dferem zu sein. Gemeinsam haben wir die M\u00f6glichkeit, \u00fcber unsere eigenen Grenzen hinauszugehen, Leben zu ver\u00e4ndern und die Zukunft unserer Kirche zu gestalten.\n<strong>Werde Teil der Vision, bring dich ein und mache gemeinsam mit uns einen Unterschied.<\/strong>\n<a href=\"https:\/\/c3zurich.ch\/vision-builders\/\">Um mehr \u00fcber unsere Vision Builders Initiative 2025 zu erfahren, klicke hier.<\/a><!--ScriptorEndFragment-->\n\t<h3>Vision Builders<\/h3>\n<strong>Z\u00fcrcher Kantonalbank<\/strong><br \/>\n<strong>IBAN:<\/strong> CH52 0070 0114 8035 5423 2\n<p><img loading=\"lazy\" decoding=\"async\" src=\"https:\/\/c3zurich.ch\/wp-content\/uploads\/2024\/06\/vision_builder.png\" alt=\"\" width=\"192\" height=\"192\" \/><\/p>\n<h2>\n\t\t\tWie Sie helfen k\u00f6nnen\t<\/h2>\n\t<ol>\n<li><!--ScriptorStartFragment-->\n<strong>Bete<\/strong> &#8211; Bitte Gott, diese Erweiterung zu f\u00fchren und Herzen auf das vorzubereiten, was vor uns liegt.\n<\/li>\n<li>\n<strong>Gib<\/strong> &#8211; Jede Spende, egal wie gro\u00df oder klein, macht einen Unterschied.\n<\/li>\n<li>\n<strong>Engagiere dich<\/strong> &#8211; Wenn du dich berufen f\u00fchlst, im Bereich Missionen mitzuhelfen, w\u00fcrden wir uns freuen, von dir zu h\u00f6ren!\n<p>&nbsp;<\/p>\nUm zu spenden, kannst du ganz einfach online \u00fcber unser <strong>Vision Builders<\/strong> Konto spenden. Klicke unten, um zu spenden:<!--ScriptorEndFragment-->\n<\/li>\n<\/ol>\n\t<div class=\"give-embed-form-wrapper\" id=\"give-6a05b0caaf284\"><iframe\n\t\t\t\tname=\"give-embed-form\"\n\t\t\t\tsrc=\"https:\/\/c3zurich.ch\/de\/give\/8777-2\/?giveDonationFormInIframe=1\"\n\t\t\t\t\n\t\t\t\tdata-autoScroll=\"0\"\n\t\t\t\tonload=\"if( 'undefined' !== typeof Give ) { Give.initializeIframeResize(this) }\"\n\t\t\t\tstyle=\"border: 0;visibility: hidden;min-height: 645px;\"><\/iframe><div class=\"iframe-loader\">\n<div style=\"\n\t\theight: calc(100% - 28px);\n\t\twidth: calc(100% - 20px);\n\t\tmax-width: 552px;\n\t\tmargin: 10px auto 10px auto;\n\t\tbackground: transparent;\n\t\tborder-radius: 6px;\n\t\tdisplay: flex;\n\t\talign-items: center;\n\t\tjustify-content: center;\n\t\">\n    <div style=\"\n        pointer-events: none;\n        height: 90px;\n        width: 90px;\n        background-image: url(&quot;data:image\/svg+xml;charset=utf8,%3C?xml version='1.0' encoding='utf-8'?%3E%3C!-- Generator: Adobe Illustrator 24.1.0, SVG Export Plug-In . SVG Version: 6.00 Build 0) --%3E%3Csvg version='1.1' id='Layer_1' xmlns='http:\/\/www.w3.org\/2000\/svg' xmlns:xlink='http:\/\/www.w3.org\/1999\/xlink' x='0px' y='0px' viewBox='0 0 349 348' style='enable-background:new 0 0 349 348;' xml:space='preserve'%3E%3Cstyle type='text\/css'%3E .st0{fill:%23dabe82;} %3C\/style%3E%3Cpath class='st0' d='M25.1,204.57c-13.38,0-24.47-10.6-24.97-24.08C0.04,178.09,0,175.97,0,174C0,77.78,78.28-0.5,174.5-0.5 c13.81,0,25,11.19,25,25s-11.19,25-25,25C105.85,49.5,50,105.35,50,174c0,1.37,0.03,2.85,0.1,4.65c0.51,13.8-10.27,25.39-24.07,25.9 C25.72,204.56,25.41,204.57,25.1,204.57z'\/%3E%3Cpath class='st0' d='M174.5,348.5c-13.81,0-25-11.19-25-25c0-13.81,11.19-25,25-25c68.65,0,124.5-55.85,124.5-124.5 c0-1.38-0.03-2.85-0.1-4.65c-0.51-13.8,10.26-25.4,24.06-25.91c13.83-0.53,25.4,10.26,25.91,24.06c0.09,2.39,0.13,4.51,0.13,6.49 C349,270.22,270.72,348.5,174.5,348.5z'\/%3E%3C\/svg%3E&quot;);\n        animation: spin 0.6s linear infinite;\n        \"><\/div>\n<\/div>\n<\/div><\/div>\n\n","protected":false},"excerpt":{"rendered":"<p>Compassion Team Wir lieben Menschen in Z\u00fcrich und dar\u00fcber hinaus, indem wir ihnen dienen und Hoffnung schenken. Das Compassion Team der C3 Z\u00fcrich setzt sich daf\u00fcr ein, Menschen mit Gottes Liebe, Gro\u00dfz\u00fcgigkeit und praktischen Taten zu erreichen. Unser Herz ist es, unsere Stadt und die Welt durch Dienst, Outreach und langfristige Partnerschaften zu pr\u00e4gen. Outreach [&hellip;]<\/p>\n","protected":false},"author":22,"featured_media":0,"parent":0,"menu_order":0,"comment_status":"closed","ping_status":"closed","template":"my-templates\/no-title-template.php","meta":{"give_campaign_id":0,"inline_featured_image":false,"_monsterinsights_skip_tracking":false,"_monsterinsights_sitenote_active":false,"_monsterinsights_sitenote_note":"","_monsterinsights_sitenote_category":0,"_genesis_hide_title":false,"_genesis_hide_breadcrumbs":false,"_genesis_hide_singular_image":false,"_genesis_hide_footer_widgets":false,"_genesis_custom_body_class":"","_genesis_custom_post_class":"","_genesis_layout":"","footnotes":""},"class_list":{"0":"post-13776","1":"page","2":"type-page","3":"status-publish","5":"entry"},"yoast_head":"<!-- This site is optimized with the Yoast SEO plugin v27.2 - https:\/\/yoast.com\/product\/yoast-seo-wordpress\/ -->\n<title>Compassion Team - DE | C3 Z\u00fcrich<\/title>\n<meta name=\"robots\" content=\"index, follow, max-snippet:-1, max-image-preview:large, max-video-preview:-1\" \/>\n<link rel=\"canonical\" href=\"https:\/\/c3zurich.ch\/de\/compassion-team-de\/\" \/>\n<meta property=\"og:locale\" content=\"de_DE\" \/>\n<meta property=\"og:type\" content=\"article\" \/>\n<meta property=\"og:title\" content=\"Compassion Team - DE | C3 Z\u00fcrich\" \/>\n<meta property=\"og:description\" content=\"Compassion Team Wir lieben Menschen in Z\u00fcrich und dar\u00fcber hinaus, indem wir ihnen dienen und Hoffnung schenken. Das Compassion Team der C3 Z\u00fcrich setzt sich daf\u00fcr ein, Menschen mit Gottes Liebe, Gro\u00dfz\u00fcgigkeit und praktischen Taten zu erreichen. Unser Herz ist es, unsere Stadt und die Welt durch Dienst, Outreach und langfristige Partnerschaften zu pr\u00e4gen. Outreach [&hellip;]\" \/>\n<meta property=\"og:url\" content=\"https:\/\/c3zurich.ch\/de\/compassion-team-de\/\" \/>\n<meta property=\"og:site_name\" content=\"C3 Z\u00fcrich\" \/>\n<meta property=\"article:publisher\" content=\"https:\/\/www.facebook.com\/C3Zurich\/\" \/>\n<meta property=\"article:modified_time\" content=\"2026-05-14T10:10:16+00:00\" \/>\n<meta property=\"og:image\" content=\"https:\/\/c3zurich.ch\/wp-content\/uploads\/2026\/05\/CrisSilviu.jpeg\" \/>\n<meta name=\"twitter:card\" content=\"summary_large_image\" \/>\n<meta name=\"twitter:site\" content=\"@c3zurich\" \/>\n<meta name=\"twitter:label1\" content=\"Gesch\u00e4tzte Lesezeit\" \/>\n\t<meta name=\"twitter:data1\" content=\"4\u00a0Minuten\" \/>\n<script type=\"application\/ld+json\" class=\"yoast-schema-graph\">{\"@context\":\"https:\/\/schema.org\",\"@graph\":[{\"@type\":\"WebPage\",\"@id\":\"https:\/\/c3zurich.ch\/de\/compassion-team-de\/\",\"url\":\"https:\/\/c3zurich.ch\/de\/compassion-team-de\/\",\"name\":\"Compassion Team - DE | C3 Z\u00fcrich\",\"isPartOf\":{\"@id\":\"https:\/\/c3zurich.ch\/#website\"},\"primaryImageOfPage\":{\"@id\":\"https:\/\/c3zurich.ch\/de\/compassion-team-de\/#primaryimage\"},\"image\":{\"@id\":\"https:\/\/c3zurich.ch\/de\/compassion-team-de\/#primaryimage\"},\"thumbnailUrl\":\"https:\/\/c3zurich.ch\/wp-content\/uploads\/2026\/05\/CrisSilviu.jpeg\",\"datePublished\":\"2026-05-14T09:46:19+00:00\",\"dateModified\":\"2026-05-14T10:10:16+00:00\",\"inLanguage\":\"de-CH\",\"potentialAction\":[{\"@type\":\"ReadAction\",\"target\":[\"https:\/\/c3zurich.ch\/de\/compassion-team-de\/\"]}]},{\"@type\":\"ImageObject\",\"inLanguage\":\"de-CH\",\"@id\":\"https:\/\/c3zurich.ch\/de\/compassion-team-de\/#primaryimage\",\"url\":\"https:\/\/c3zurich.ch\/wp-content\/uploads\/2026\/05\/CrisSilviu.jpeg\",\"contentUrl\":\"https:\/\/c3zurich.ch\/wp-content\/uploads\/2026\/05\/CrisSilviu.jpeg\"},{\"@type\":\"WebSite\",\"@id\":\"https:\/\/c3zurich.ch\/#website\",\"url\":\"https:\/\/c3zurich.ch\/\",\"name\":\"C3 Zurich\",\"description\":\"Eine Glaubensgemeinschaft im Zentrum von Z\u00fcrich mit Gottesdiensten in Mundart und Englisch\",\"publisher\":{\"@id\":\"https:\/\/c3zurich.ch\/#organization\"},\"potentialAction\":[{\"@type\":\"SearchAction\",\"target\":{\"@type\":\"EntryPoint\",\"urlTemplate\":\"https:\/\/c3zurich.ch\/?s={search_term_string}\"},\"query-input\":{\"@type\":\"PropertyValueSpecification\",\"valueRequired\":true,\"valueName\":\"search_term_string\"}}],\"inLanguage\":\"de-CH\"},{\"@type\":\"Organization\",\"@id\":\"https:\/\/c3zurich.ch\/#organization\",\"name\":\"C3 Church Zurich\",\"alternateName\":\"C3 Zurich\",\"url\":\"https:\/\/c3zurich.ch\/\",\"logo\":{\"@type\":\"ImageObject\",\"inLanguage\":\"de-CH\",\"@id\":\"https:\/\/c3zurich.ch\/#\/schema\/logo\/image\/\",\"url\":\"https:\/\/c3zurich.ch\/wp-content\/uploads\/2019\/11\/Church-Worship-Scene.jpg\",\"contentUrl\":\"https:\/\/c3zurich.ch\/wp-content\/uploads\/2019\/11\/Church-Worship-Scene.jpg\",\"width\":2048,\"height\":1365,\"caption\":\"C3 Church Zurich\"},\"image\":{\"@id\":\"https:\/\/c3zurich.ch\/#\/schema\/logo\/image\/\"},\"sameAs\":[\"https:\/\/www.facebook.com\/C3Zurich\/\",\"https:\/\/x.com\/c3zurich\",\"https:\/\/www.instagram.com\/c3zurich\/\"]}]}<\/script>\n<!-- \/ Yoast SEO plugin. -->","yoast_head_json":{"title":"Compassion Team - DE | C3 Z\u00fcrich","robots":{"index":"index","follow":"follow","max-snippet":"max-snippet:-1","max-image-preview":"max-image-preview:large","max-video-preview":"max-video-preview:-1"},"canonical":"https:\/\/c3zurich.ch\/de\/compassion-team-de\/","og_locale":"de_DE","og_type":"article","og_title":"Compassion Team - DE | C3 Z\u00fcrich","og_description":"Compassion Team Wir lieben Menschen in Z\u00fcrich und dar\u00fcber hinaus, indem wir ihnen dienen und Hoffnung schenken. Das Compassion Team der C3 Z\u00fcrich setzt sich daf\u00fcr ein, Menschen mit Gottes Liebe, Gro\u00dfz\u00fcgigkeit und praktischen Taten zu erreichen. Unser Herz ist es, unsere Stadt und die Welt durch Dienst, Outreach und langfristige Partnerschaften zu pr\u00e4gen. Outreach [&hellip;]","og_url":"https:\/\/c3zurich.ch\/de\/compassion-team-de\/","og_site_name":"C3 Z\u00fcrich","article_publisher":"https:\/\/www.facebook.com\/C3Zurich\/","article_modified_time":"2026-05-14T10:10:16+00:00","og_image":[{"url":"https:\/\/c3zurich.ch\/wp-content\/uploads\/2026\/05\/CrisSilviu.jpeg","type":"","width":"","height":""}],"twitter_card":"summary_large_image","twitter_site":"@c3zurich","twitter_misc":{"Gesch\u00e4tzte Lesezeit":"4\u00a0Minuten"},"schema":{"@context":"https:\/\/schema.org","@graph":[{"@type":"WebPage","@id":"https:\/\/c3zurich.ch\/de\/compassion-team-de\/","url":"https:\/\/c3zurich.ch\/de\/compassion-team-de\/","name":"Compassion Team - DE | C3 Z\u00fcrich","isPartOf":{"@id":"https:\/\/c3zurich.ch\/#website"},"primaryImageOfPage":{"@id":"https:\/\/c3zurich.ch\/de\/compassion-team-de\/#primaryimage"},"image":{"@id":"https:\/\/c3zurich.ch\/de\/compassion-team-de\/#primaryimage"},"thumbnailUrl":"https:\/\/c3zurich.ch\/wp-content\/uploads\/2026\/05\/CrisSilviu.jpeg","datePublished":"2026-05-14T09:46:19+00:00","dateModified":"2026-05-14T10:10:16+00:00","inLanguage":"de-CH","potentialAction":[{"@type":"ReadAction","target":["https:\/\/c3zurich.ch\/de\/compassion-team-de\/"]}]},{"@type":"ImageObject","inLanguage":"de-CH","@id":"https:\/\/c3zurich.ch\/de\/compassion-team-de\/#primaryimage","url":"https:\/\/c3zurich.ch\/wp-content\/uploads\/2026\/05\/CrisSilviu.jpeg","contentUrl":"https:\/\/c3zurich.ch\/wp-content\/uploads\/2026\/05\/CrisSilviu.jpeg"},{"@type":"WebSite","@id":"https:\/\/c3zurich.ch\/#website","url":"https:\/\/c3zurich.ch\/","name":"C3 Zurich","description":"Eine Glaubensgemeinschaft im Zentrum von Z\u00fcrich mit Gottesdiensten in Mundart und Englisch","publisher":{"@id":"https:\/\/c3zurich.ch\/#organization"},"potentialAction":[{"@type":"SearchAction","target":{"@type":"EntryPoint","urlTemplate":"https:\/\/c3zurich.ch\/?s={search_term_string}"},"query-input":{"@type":"PropertyValueSpecification","valueRequired":true,"valueName":"search_term_string"}}],"inLanguage":"de-CH"},{"@type":"Organization","@id":"https:\/\/c3zurich.ch\/#organization","name":"C3 Church Zurich","alternateName":"C3 Zurich","url":"https:\/\/c3zurich.ch\/","logo":{"@type":"ImageObject","inLanguage":"de-CH","@id":"https:\/\/c3zurich.ch\/#\/schema\/logo\/image\/","url":"https:\/\/c3zurich.ch\/wp-content\/uploads\/2019\/11\/Church-Worship-Scene.jpg","contentUrl":"https:\/\/c3zurich.ch\/wp-content\/uploads\/2019\/11\/Church-Worship-Scene.jpg","width":2048,"height":1365,"caption":"C3 Church Zurich"},"image":{"@id":"https:\/\/c3zurich.ch\/#\/schema\/logo\/image\/"},"sameAs":["https:\/\/www.facebook.com\/C3Zurich\/","https:\/\/x.com\/c3zurich","https:\/\/www.instagram.com\/c3zurich\/"]}]}},"campaignId":"","_links":{"self":[{"href":"https:\/\/c3zurich.ch\/de\/wp-json\/wp\/v2\/pages\/13776","targetHints":{"allow":["GET"]}}],"collection":[{"href":"https:\/\/c3zurich.ch\/de\/wp-json\/wp\/v2\/pages"}],"about":[{"href":"https:\/\/c3zurich.ch\/de\/wp-json\/wp\/v2\/types\/page"}],"author":[{"embeddable":true,"href":"https:\/\/c3zurich.ch\/de\/wp-json\/wp\/v2\/users\/22"}],"replies":[{"embeddable":true,"href":"https:\/\/c3zurich.ch\/de\/wp-json\/wp\/v2\/comments?post=13776"}],"version-history":[{"count":6,"href":"https:\/\/c3zurich.ch\/de\/wp-json\/wp\/v2\/pages\/13776\/revisions"}],"predecessor-version":[{"id":13785,"href":"https:\/\/c3zurich.ch\/de\/wp-json\/wp\/v2\/pages\/13776\/revisions\/13785"}],"wp:attachment":[{"href":"https:\/\/c3zurich.ch\/de\/wp-json\/wp\/v2\/media?parent=13776"}],"curies":[{"name":"wp","href":"https:\/\/api.w.org\/{rel}","templated":true}]}}