{"id":13338,"date":"2026-01-17T02:40:37","date_gmt":"2026-01-17T01:40:37","guid":{"rendered":"https:\/\/c3zurich.ch\/?page_id=13338"},"modified":"2026-02-04T18:31:37","modified_gmt":"2026-02-04T17:31:37","slug":"teens","status":"publish","type":"page","link":"https:\/\/c3zurich.ch\/de\/teens\/","title":{"rendered":"Teens &#038; Jugend"},"content":{"rendered":"\n<h1>\n\t\t\tTeens &#038; Jugend\t<\/h1>\n<h2>\n\t\t\tSpannende Angebote f\u00fcr unsere Jugendliche, um im Glauben zu wachsen, Freundschaften aufzubauen und zu entdecken, wer sie in Gott sind\t<\/h2>\n\t<p><strong>Ob durch unterhaltsame Events, gemeinsames Bibellesen oder bedeutungsvolle Gespr\u00e4che &#8211; unser Herz schl\u00e4gt daf\u00fcr, einen Ort zu schaffen, an dem sich jeder Teenager gesehen, wertgesch\u00e4tzt und auf seiner Reise mit Jesus ermutigt f\u00fchlt.<\/strong><\/p>\n<p><strong>Schau dir an, was wir zu bieten haben &#8211; wir freuen uns darauf, dich kennenzulernen. <\/strong><\/p>\n<p><strong>Du kannst uns \u00fcber das Kontaktformular erreichen oder uns pers\u00f6nlich bei C3 West besuchen.<\/strong><\/p>\n\t\t\t<a href=\"#contact\"  target=\"_self\">\n\t\t\t\t\t\t\tKONTAKT\n\t\t\t\t\t<\/a>\n\t\t\t<a href=\"https:\/\/c3zurich.churchcenter.com\/calendar?view=list&#038;+Youth=&#038;+Youth=&#038;+Youth=&#038;+Youth=&#038;category=Teens%2520%2526%2520Youth\"  target=\"_blank\" rel=\"noopener\"    rel=\"noopener\">\n\t\t\t\t\t\t\tVERANSTALTUNGEN\n\t\t\t\t\t<\/a>\n<h2>\n\t\t\tUNSERE ANGEBOTE\t<\/h2>\n\t\t\t\t\t<a role=\"heading\" aria-level=\"2\" tabindex=\"-1\"  id=\"fl-accordion--label-0\">TEENS DEEPER<\/a>\n\t\t\t\t\t\t\t\t\t\t\t<button type=\"button\" id=\"fl-accordion--icon-0\" aria-expanded=\"false\" aria-controls=\"fl-accordion--panel-0\"><i>Expand<\/i><\/button>\n\t\t\t\t\t<p><em>Glaube verstehen. Gemeinsam wachsen. Leben entdecken.<\/em><\/p>\n<p><strong>Teens Deeper<\/strong> ist unser <strong>Sonntagsprogramm<\/strong> f\u00fcr alle Teenagers <strong>ab der <\/strong><strong>Oberstufe<\/strong> und findet w\u00e4hrend dem normalen Gottesdienst bei C3 West statt.<\/p>\n<p>In einer entspannten und gem\u00fctlichen Atmosph\u00e4re <strong>entdecken<\/strong> wir den Glauben, <strong>lesen <\/strong>die Bibel und <strong>diskutieren<\/strong> <strong>gemeinsam<\/strong> Fragen die uns im Leben besch\u00e4ftigen.<\/p>\n<strong>Am letzten Sonntag<\/strong> vom Monat\u00a0findet <strong>Teens Take Over<\/strong> statt, wo die Teenager im Hauptgottesdienst <strong>mithelfen<\/strong>.<br \/>\nDabei ermutigen wir die Teens verschiedene <strong>Ministries<\/strong> (Barbetrieb, Welcome Team, Projektion, etc.) <strong>auszuprobieren<\/strong> und sich in der <strong>Gemeinschaft einzubringen<\/strong>.\n<p><em>Egal, wo du gerade in deinem Glauben stehst &#8211; du bist im Teens Deeper immer willkommen.<\/em><\/p>\n<hr \/>\n<strong><br \/>\nWann:<\/strong> Sonntags, nach dem Worship des Hauptgottesdienstes bei C3 West.\n<p><strong>Wo:<\/strong> Im Teenie-Raum (Treffpunkt beim Ausgang Richtung Toiletten).<\/p>\n<p><strong>Anmeldung:<\/strong> Keine Anmeldung n\u00f6tig, sprich uns einfach vor Ort an oder nutze das Kontaktformular.<\/p>\n\t\t\t\t\t<a role=\"heading\" aria-level=\"2\" tabindex=\"-1\"  id=\"fl-accordion--label-1\">TEENS ACTIVE<\/a>\n\t\t\t\t\t\t\t\t\t\t\t<button type=\"button\" id=\"fl-accordion--icon-1\" aria-expanded=\"false\" aria-controls=\"fl-accordion--panel-1\"><i>Expand<\/i><\/button>\n\t\t\t\t\t<p><em>Action. Freundschaft. Gott erleben.<\/em><\/p>\n<p>Bist du <strong>in der Oberstufe<\/strong> (ab 12\/13 Jahren)? Hast Lust auf <strong>Spass<\/strong> und coole <strong>Aktivit\u00e4ten<\/strong>?\u00a0M\u00f6chtest du echte <strong>Freundschaften <\/strong>aufbauen und <strong>gemeinsame Abenteuer<\/strong> erleben?<\/p>\n<p>Dann ist <strong>Teens Active<\/strong> genau das Richtige f\u00fcr dich!<\/p>\nWir treffen uns <strong>samstags, etwa alle zwei Wochen<\/strong> und ob Action draussen, Challenge-, Spiel- oder Filmabend, <strong>es ist immer etwas los!<\/strong><br \/>\nMittendrin gibt&#8217;s einen inspirierenden <strong>Gedanken \u00fcber Gott und das Leben<\/strong>, der dich zum Nachdenken bringt und in deinen Alltag spricht.\n<em>Komm so wie du bist, bring deine Freunde mit und geniess die Gemeinschaft!<br \/>\nBei Teens Active ist jeder willkommen.<\/em>\n<hr \/>\n<strong><br \/>\nWann:<\/strong> Samstags von 16:00 &#8211; 20:00 Uhr\n<p><strong>Wo:<\/strong> Unsere Base ist bei <strong><a href=\"https:\/\/maps.app.goo.gl\/Xh9PgfwtAVoSi1Pw8\">C3 South<\/a><\/strong><\/p>\n<p>* Je nach Aktivit\u00e4t k\u00f6nnen ZEIT UND ORT VARIIEREN. Schau dir die Event-Details an. *<\/p>\n<strong>Anmeldung:<\/strong> Melde dich \u00fcber den WhatsApp Chat an. Kontaktiere uns, um Zugang zu erhalten.<br \/>\n<em>Wir haben einen betreuten Teens-Chat, in dem alle Details zu den kommenden Events gepostet werden, sowie einen Chat, um die Eltern auf dem Laufenden zu halten.<\/em>\n\t\t\t\t\t<a role=\"heading\" aria-level=\"2\" tabindex=\"-1\"  id=\"fl-accordion--label-2\">TEENS CONNECT GROUP<\/a>\n\t\t\t\t\t\t\t\t\t\t\t<button type=\"button\" id=\"fl-accordion--icon-2\" aria-expanded=\"false\" aria-controls=\"fl-accordion--panel-2\"><i>Expand<\/i><\/button>\n\t\t\t\t\t<p><em>Sich Treffen. Teilen. Wachsen.<\/em><\/p>\n<p>Bist du <strong>ein \u00e4lterer Teenager<\/strong> (15-19 Jahre) und suchst einen Ort, um dich in kleiner Runde mit jungen Erwachsenen auszutauschen?<\/p>\n<p>Dann ist die <strong>Teens Connect Group <\/strong>genau das richtige f\u00fcr dich!<\/p>\n<p>Wir treffen uns etwa <strong>alle zwei Wochen<\/strong> <strong>am M<\/strong><strong>ittwoch<\/strong> und jedes Mal an einem anderen Ort in der <strong>N\u00e4he von Stadelhofen<\/strong>.<\/p>\n<p>Wir holen uns etwas zu <strong>essen<\/strong>, <strong>h\u00e4ngen<\/strong> ab und <strong>reden<\/strong> \u00fcber das, was in unserem Leben und in der Welt passiert &#8211; und wie Gott in all das hineinpasst.<\/p>\n<em>Bring deine Fragen mit und wir entdecken das Leben gemeinsam.<br \/>\nDu bist herzlich eingeladen!<\/em>\n<hr \/>\n<strong><br \/>\nWann:<\/strong> Mittwochs von 18:30 &#8211; 20:30 Uhr\n<p><strong>Wo:<\/strong> Bahnhof <a href=\"https:\/\/maps.app.goo.gl\/VspvHbsg5hizfPSp8\">Stadelhofen<\/a><\/p>\n<p><strong>Anmeldung:<\/strong> \u00dcber den WhatsApp Chat. Kontaktiere uns f\u00fcr mehr Infos.<\/p>\n<h2  id=\"contact\">\n\t\t\tNeu bei C3 Z\u00fcrich oder hast du eine Frage?\t<\/h2>\n\tWenn du Fragen hast oder mehr erfahren m\u00f6chtest, melde dich einfach bei uns.<br \/>\nWir helfen dir gerne und freuen uns darauf, dich bald pers\u00f6nlich kennenzulernen.\n<p>Katrin &amp; Florian Christen und das Teens Team<\/p>\n\t<style id=\"wpforms-css-vars-13387\">\n\t\t\t\t#wpforms-13387 {\n\t\t\t\t--wpforms-container-padding: 0px;\n--wpforms-container-border-width: 1px;\n--wpforms-container-border-radius: 3px;\n--wpforms-background-color: rgba(0, 0, 0, 0);\n--wpforms-field-size-input-height: 43px;\n--wpforms-field-size-input-spacing: 15px;\n--wpforms-field-size-font-size: 16px;\n--wpforms-field-size-line-height: 19px;\n--wpforms-field-size-padding-h: 14px;\n--wpforms-field-size-checkbox-size: 16px;\n--wpforms-field-size-sublabel-spacing: 5px;\n--wpforms-field-size-icon-size: 1;\n--wpforms-label-size-font-size: 16px;\n--wpforms-label-size-line-height: 19px;\n--wpforms-label-size-sublabel-font-size: 14px;\n--wpforms-label-size-sublabel-line-height: 17px;\n--wpforms-button-size-font-size: 17px;\n--wpforms-button-size-height: 41px;\n--wpforms-button-size-padding-h: 15px;\n--wpforms-button-size-margin-top: 10px;\n--wpforms-container-shadow-size-box-shadow: none;\n\t\t\t}\n\t\t\t<\/style><div class=\"wpforms-container wpforms-container-full wpforms-render-modern\" id=\"wpforms-13387\"><form id=\"wpforms-form-13387\" class=\"wpforms-validate wpforms-form wpforms-ajax-form\" data-formid=\"13387\" method=\"post\" enctype=\"multipart\/form-data\" action=\"\/de\/wp-json\/wp\/v2\/pages\/13338\" data-token=\"919624645066e5394650b0b77704165e\" data-token-time=\"1776607205\"><noscript class=\"wpforms-error-noscript\">Bitte aktivieren Sie JavaScript in Ihrem Browser, um dieses Formular fertigzustellen.<\/noscript><div id=\"wpforms-error-noscript\" style=\"display: none;\">Bitte aktivieren Sie JavaScript in Ihrem Browser, um dieses Formular fertigzustellen.<\/div><div class=\"wpforms-field-container\"><div id=\"wpforms-13387-field_1-container\" class=\"wpforms-field wpforms-field-name\" data-field-id=\"1\"><label class=\"wpforms-field-label\" for=\"wpforms-13387-field_1\">Name <span class=\"wpforms-required-label\" aria-hidden=\"true\">*<\/span><\/label><input type=\"text\" id=\"wpforms-13387-field_1\" class=\"wpforms-field-medium wpforms-field-required\" name=\"wpforms[fields][1]\" aria-errormessage=\"wpforms-13387-field_1-error\" required><\/div><div id=\"wpforms-13387-field_2-container\" class=\"wpforms-field wpforms-field-email\" data-field-id=\"2\"><label class=\"wpforms-field-label\" for=\"wpforms-13387-field_2\">Email <span class=\"wpforms-required-label\" aria-hidden=\"true\">*<\/span><\/label><input type=\"email\" id=\"wpforms-13387-field_2\" class=\"wpforms-field-medium wpforms-field-required\" name=\"wpforms[fields][2]\" spellcheck=\"false\" aria-errormessage=\"wpforms-13387-field_2-error\" required><\/div><div id=\"wpforms-13387-field_4-container\" class=\"wpforms-field wpforms-field-number\" data-field-id=\"4\"><label class=\"wpforms-field-label\" for=\"wpforms-13387-field_4\">Telefonnummer<\/label><input type=\"number\" id=\"wpforms-13387-field_4\" class=\"wpforms-field-medium\" name=\"wpforms[fields][4]\" step=\"any\" aria-errormessage=\"wpforms-13387-field_4-error\" ><\/div>\t\t<div id=\"wpforms-13387-field_5-container\"\n\t\t\tclass=\"wpforms-field wpforms-field-text\"\n\t\t\tdata-field-type=\"text\"\n\t\t\tdata-field-id=\"5\"\n\t\t\t>\n\t\t\t<label class=\"wpforms-field-label\" for=\"wpforms-13387-field_5\" >Telefonnummer Ich besuche<\/label>\n\t\t\t<input type=\"text\" id=\"wpforms-13387-field_5\" class=\"wpforms-field-medium\" name=\"wpforms[fields][5]\" >\n\t\t<\/div>\n\t\t<div id=\"wpforms-13387-field_8-container\" class=\"wpforms-field wpforms-field-radio\" data-field-id=\"8\"><fieldset><legend class=\"wpforms-field-label\">Ich besuche derzeit... <span class=\"wpforms-required-label\" aria-hidden=\"true\">*<\/span><\/legend><ul id=\"wpforms-13387-field_8\" class=\"wpforms-field-required\"><li class=\"choice-1 depth-1\"><input type=\"radio\" id=\"wpforms-13387-field_8_1\" name=\"wpforms[fields][8]\" value=\"C3 Zurich West (Kreis 5)\" aria-errormessage=\"wpforms-13387-field_8_1-error\" required ><label class=\"wpforms-field-label-inline\" for=\"wpforms-13387-field_8_1\">C3 Zurich West (Kreis 5)<\/label><\/li><li class=\"choice-2 depth-1\"><input type=\"radio\" id=\"wpforms-13387-field_8_2\" name=\"wpforms[fields][8]\" value=\"C3 Zurich South (Enge)\" aria-errormessage=\"wpforms-13387-field_8_2-error\" required ><label class=\"wpforms-field-label-inline\" for=\"wpforms-13387-field_8_2\">C3 Zurich South (Enge)<\/label><\/li><li class=\"choice-3 depth-1\"><input type=\"radio\" id=\"wpforms-13387-field_8_3\" name=\"wpforms[fields][8]\" value=\"C3 Zurich Online\" aria-errormessage=\"wpforms-13387-field_8_3-error\" required ><label class=\"wpforms-field-label-inline\" for=\"wpforms-13387-field_8_3\">C3 Zurich Online<\/label><\/li><li class=\"choice-4 depth-1\"><input type=\"radio\" id=\"wpforms-13387-field_8_4\" name=\"wpforms[fields][8]\" value=\"Noch keine, ich bin nur daran interessiert, Kontakt aufzunehmen\" aria-errormessage=\"wpforms-13387-field_8_4-error\" required ><label class=\"wpforms-field-label-inline\" for=\"wpforms-13387-field_8_4\">Noch keine, ich bin nur daran interessiert, Kontakt aufzunehmen<\/label><\/li><\/ul><\/fieldset><\/div><div id=\"wpforms-13387-field_3-container\" class=\"wpforms-field wpforms-field-textarea\" data-field-id=\"3\"><label class=\"wpforms-field-label\" for=\"wpforms-13387-field_3\">Kommentar oder Nachricht<\/label><textarea id=\"wpforms-13387-field_3\" class=\"wpforms-field-medium\" name=\"wpforms[fields][3]\" aria-errormessage=\"wpforms-13387-field_3-error\" ><\/textarea><\/div><script>\n\t\t\t\t( function() {\n\t\t\t\t\tconst style = document.createElement( 'style' );\n\t\t\t\t\tstyle.appendChild( document.createTextNode( '#wpforms-13387-field_5-container { position: absolute !important; overflow: hidden !important; display: inline !important; height: 1px !important; width: 1px !important; z-index: -1000 !important; padding: 0 !important; } #wpforms-13387-field_5-container input { visibility: hidden; } #wpforms-conversational-form-page #wpforms-13387-field_5-container label { counter-increment: none; }' ) );\n\t\t\t\t\tdocument.head.appendChild( style );\n\t\t\t\t\tdocument.currentScript?.remove();\n\t\t\t\t} )();\n\t\t\t<\/script><\/div><!-- .wpforms-field-container --><div class=\"wpforms-submit-container\" ><input type=\"hidden\" name=\"wpforms[id]\" value=\"13387\"><input type=\"hidden\" name=\"page_title\" value=\"\"><input type=\"hidden\" name=\"page_url\" value=\"https:\/\/c3zurich.ch\/de\/wp-json\/wp\/v2\/pages\/13338\"><input type=\"hidden\" name=\"url_referer\" value=\"\"><button type=\"submit\" name=\"wpforms[submit]\" id=\"wpforms-submit-13387\" class=\"wpforms-submit\" data-alt-text=\"Sending...\" data-submit-text=\"Submit\" aria-live=\"assertive\" value=\"wpforms-submit\">Submit<\/button><img loading=\"lazy\" decoding=\"async\" src=\"https:\/\/c3zurich.ch\/wp-content\/plugins\/wpforms-lite\/assets\/images\/submit-spin.svg\" class=\"wpforms-submit-spinner\" style=\"display: none;\" width=\"26\" height=\"26\" alt=\"Wird geladen\"><\/div><\/form><\/div>  <!-- .wpforms-container -->\n\n","protected":false},"excerpt":{"rendered":"<p>Teens &#038; Jugend Spannende Angebote f\u00fcr unsere Jugendliche, um im Glauben zu wachsen, Freundschaften aufzubauen und zu entdecken, wer sie in Gott sind Ob durch unterhaltsame Events, gemeinsames Bibellesen oder bedeutungsvolle Gespr\u00e4che &#8211; unser Herz schl\u00e4gt daf\u00fcr, einen Ort zu schaffen, an dem sich jeder Teenager gesehen, wertgesch\u00e4tzt und auf seiner Reise mit Jesus ermutigt [&hellip;]<\/p>\n","protected":false},"author":16,"featured_media":13433,"parent":0,"menu_order":0,"comment_status":"closed","ping_status":"closed","template":"my-templates\/no-title-template.php","meta":{"give_campaign_id":0,"inline_featured_image":false,"_monsterinsights_skip_tracking":false,"_monsterinsights_sitenote_active":false,"_monsterinsights_sitenote_note":"","_monsterinsights_sitenote_category":0,"_genesis_hide_title":false,"_genesis_hide_breadcrumbs":false,"_genesis_hide_singular_image":false,"_genesis_hide_footer_widgets":false,"_genesis_custom_body_class":"","_genesis_custom_post_class":"","_genesis_layout":"","footnotes":""},"class_list":{"0":"post-13338","1":"page","2":"type-page","3":"status-publish","4":"has-post-thumbnail","6":"entry"},"yoast_head":"<!-- This site is optimized with the Yoast SEO plugin v27.2 - https:\/\/yoast.com\/product\/yoast-seo-wordpress\/ -->\n<title>C3 Z\u00fcrich Teens und Jugend<\/title>\n<meta name=\"description\" content=\"Jugendprogramm der C3 Z\u00fcrich f\u00fcr alle von 12 bis 19 Jahren.\" \/>\n<meta name=\"robots\" content=\"index, follow, max-snippet:-1, max-image-preview:large, max-video-preview:-1\" \/>\n<link rel=\"canonical\" href=\"https:\/\/c3zurich.ch\/de\/teens\/\" \/>\n<meta property=\"og:locale\" content=\"de_DE\" \/>\n<meta property=\"og:type\" content=\"article\" \/>\n<meta property=\"og:title\" content=\"C3 Z\u00fcrich Teens und Jugend\" \/>\n<meta property=\"og:description\" content=\"Jugendprogramm der C3 Z\u00fcrich f\u00fcr alle von 12 bis 19 Jahren.\" \/>\n<meta property=\"og:url\" content=\"https:\/\/c3zurich.ch\/de\/teens\/\" \/>\n<meta property=\"og:site_name\" content=\"C3 Z\u00fcrich\" \/>\n<meta property=\"article:publisher\" content=\"https:\/\/www.facebook.com\/C3Zurich\/\" \/>\n<meta property=\"article:modified_time\" content=\"2026-02-04T17:31:37+00:00\" \/>\n<meta property=\"og:image\" content=\"https:\/\/c3zurich.ch\/wp-content\/uploads\/2026\/01\/TA-TD-Logo-Border-scaled.jpg\" \/>\n\t<meta property=\"og:image:width\" content=\"2560\" \/>\n\t<meta property=\"og:image:height\" content=\"2560\" \/>\n\t<meta property=\"og:image:type\" content=\"image\/jpeg\" \/>\n<meta name=\"twitter:card\" content=\"summary_large_image\" \/>\n<meta name=\"twitter:site\" content=\"@c3zurich\" \/>\n<meta name=\"twitter:label1\" content=\"Gesch\u00e4tzte Lesezeit\" \/>\n\t<meta name=\"twitter:data1\" content=\"5\u00a0Minuten\" \/>\n<script type=\"application\/ld+json\" class=\"yoast-schema-graph\">{\"@context\":\"https:\/\/schema.org\",\"@graph\":[{\"@type\":\"WebPage\",\"@id\":\"https:\/\/c3zurich.ch\/de\/teens\/\",\"url\":\"https:\/\/c3zurich.ch\/de\/teens\/\",\"name\":\"C3 Z\u00fcrich Teens und Jugend\",\"isPartOf\":{\"@id\":\"https:\/\/c3zurich.ch\/#website\"},\"primaryImageOfPage\":{\"@id\":\"https:\/\/c3zurich.ch\/de\/teens\/#primaryimage\"},\"image\":{\"@id\":\"https:\/\/c3zurich.ch\/de\/teens\/#primaryimage\"},\"thumbnailUrl\":\"https:\/\/c3zurich.ch\/wp-content\/uploads\/2026\/01\/TA-TD-Logo-Border-scaled.jpg\",\"datePublished\":\"2026-01-17T01:40:37+00:00\",\"dateModified\":\"2026-02-04T17:31:37+00:00\",\"description\":\"Jugendprogramm der C3 Z\u00fcrich f\u00fcr alle von 12 bis 19 Jahren.\",\"inLanguage\":\"de-CH\",\"potentialAction\":[{\"@type\":\"ReadAction\",\"target\":[\"https:\/\/c3zurich.ch\/de\/teens\/\"]}]},{\"@type\":\"ImageObject\",\"inLanguage\":\"de-CH\",\"@id\":\"https:\/\/c3zurich.ch\/de\/teens\/#primaryimage\",\"url\":\"https:\/\/c3zurich.ch\/wp-content\/uploads\/2026\/01\/TA-TD-Logo-Border-scaled.jpg\",\"contentUrl\":\"https:\/\/c3zurich.ch\/wp-content\/uploads\/2026\/01\/TA-TD-Logo-Border-scaled.jpg\",\"width\":2560,\"height\":2560},{\"@type\":\"WebSite\",\"@id\":\"https:\/\/c3zurich.ch\/#website\",\"url\":\"https:\/\/c3zurich.ch\/\",\"name\":\"C3 Zurich\",\"description\":\"Eine Glaubensgemeinschaft im Zentrum von Z\u00fcrich mit Gottesdiensten in Mundart und Englisch\",\"publisher\":{\"@id\":\"https:\/\/c3zurich.ch\/#organization\"},\"potentialAction\":[{\"@type\":\"SearchAction\",\"target\":{\"@type\":\"EntryPoint\",\"urlTemplate\":\"https:\/\/c3zurich.ch\/?s={search_term_string}\"},\"query-input\":{\"@type\":\"PropertyValueSpecification\",\"valueRequired\":true,\"valueName\":\"search_term_string\"}}],\"inLanguage\":\"de-CH\"},{\"@type\":\"Organization\",\"@id\":\"https:\/\/c3zurich.ch\/#organization\",\"name\":\"C3 Church Zurich\",\"alternateName\":\"C3 Zurich\",\"url\":\"https:\/\/c3zurich.ch\/\",\"logo\":{\"@type\":\"ImageObject\",\"inLanguage\":\"de-CH\",\"@id\":\"https:\/\/c3zurich.ch\/#\/schema\/logo\/image\/\",\"url\":\"https:\/\/c3zurich.ch\/wp-content\/uploads\/2019\/11\/Church-Worship-Scene.jpg\",\"contentUrl\":\"https:\/\/c3zurich.ch\/wp-content\/uploads\/2019\/11\/Church-Worship-Scene.jpg\",\"width\":2048,\"height\":1365,\"caption\":\"C3 Church Zurich\"},\"image\":{\"@id\":\"https:\/\/c3zurich.ch\/#\/schema\/logo\/image\/\"},\"sameAs\":[\"https:\/\/www.facebook.com\/C3Zurich\/\",\"https:\/\/x.com\/c3zurich\",\"https:\/\/www.instagram.com\/c3zurich\/\"]}]}<\/script>\n<!-- \/ Yoast SEO plugin. -->","yoast_head_json":{"title":"C3 Z\u00fcrich Teens und Jugend","description":"Jugendprogramm der C3 Z\u00fcrich f\u00fcr alle von 12 bis 19 Jahren.","robots":{"index":"index","follow":"follow","max-snippet":"max-snippet:-1","max-image-preview":"max-image-preview:large","max-video-preview":"max-video-preview:-1"},"canonical":"https:\/\/c3zurich.ch\/de\/teens\/","og_locale":"de_DE","og_type":"article","og_title":"C3 Z\u00fcrich Teens und Jugend","og_description":"Jugendprogramm der C3 Z\u00fcrich f\u00fcr alle von 12 bis 19 Jahren.","og_url":"https:\/\/c3zurich.ch\/de\/teens\/","og_site_name":"C3 Z\u00fcrich","article_publisher":"https:\/\/www.facebook.com\/C3Zurich\/","article_modified_time":"2026-02-04T17:31:37+00:00","og_image":[{"width":2560,"height":2560,"url":"https:\/\/c3zurich.ch\/wp-content\/uploads\/2026\/01\/TA-TD-Logo-Border-scaled.jpg","type":"image\/jpeg"}],"twitter_card":"summary_large_image","twitter_site":"@c3zurich","twitter_misc":{"Gesch\u00e4tzte Lesezeit":"5\u00a0Minuten"},"schema":{"@context":"https:\/\/schema.org","@graph":[{"@type":"WebPage","@id":"https:\/\/c3zurich.ch\/de\/teens\/","url":"https:\/\/c3zurich.ch\/de\/teens\/","name":"C3 Z\u00fcrich Teens und Jugend","isPartOf":{"@id":"https:\/\/c3zurich.ch\/#website"},"primaryImageOfPage":{"@id":"https:\/\/c3zurich.ch\/de\/teens\/#primaryimage"},"image":{"@id":"https:\/\/c3zurich.ch\/de\/teens\/#primaryimage"},"thumbnailUrl":"https:\/\/c3zurich.ch\/wp-content\/uploads\/2026\/01\/TA-TD-Logo-Border-scaled.jpg","datePublished":"2026-01-17T01:40:37+00:00","dateModified":"2026-02-04T17:31:37+00:00","description":"Jugendprogramm der C3 Z\u00fcrich f\u00fcr alle von 12 bis 19 Jahren.","inLanguage":"de-CH","potentialAction":[{"@type":"ReadAction","target":["https:\/\/c3zurich.ch\/de\/teens\/"]}]},{"@type":"ImageObject","inLanguage":"de-CH","@id":"https:\/\/c3zurich.ch\/de\/teens\/#primaryimage","url":"https:\/\/c3zurich.ch\/wp-content\/uploads\/2026\/01\/TA-TD-Logo-Border-scaled.jpg","contentUrl":"https:\/\/c3zurich.ch\/wp-content\/uploads\/2026\/01\/TA-TD-Logo-Border-scaled.jpg","width":2560,"height":2560},{"@type":"WebSite","@id":"https:\/\/c3zurich.ch\/#website","url":"https:\/\/c3zurich.ch\/","name":"C3 Zurich","description":"Eine Glaubensgemeinschaft im Zentrum von Z\u00fcrich mit Gottesdiensten in Mundart und Englisch","publisher":{"@id":"https:\/\/c3zurich.ch\/#organization"},"potentialAction":[{"@type":"SearchAction","target":{"@type":"EntryPoint","urlTemplate":"https:\/\/c3zurich.ch\/?s={search_term_string}"},"query-input":{"@type":"PropertyValueSpecification","valueRequired":true,"valueName":"search_term_string"}}],"inLanguage":"de-CH"},{"@type":"Organization","@id":"https:\/\/c3zurich.ch\/#organization","name":"C3 Church Zurich","alternateName":"C3 Zurich","url":"https:\/\/c3zurich.ch\/","logo":{"@type":"ImageObject","inLanguage":"de-CH","@id":"https:\/\/c3zurich.ch\/#\/schema\/logo\/image\/","url":"https:\/\/c3zurich.ch\/wp-content\/uploads\/2019\/11\/Church-Worship-Scene.jpg","contentUrl":"https:\/\/c3zurich.ch\/wp-content\/uploads\/2019\/11\/Church-Worship-Scene.jpg","width":2048,"height":1365,"caption":"C3 Church Zurich"},"image":{"@id":"https:\/\/c3zurich.ch\/#\/schema\/logo\/image\/"},"sameAs":["https:\/\/www.facebook.com\/C3Zurich\/","https:\/\/x.com\/c3zurich","https:\/\/www.instagram.com\/c3zurich\/"]}]}},"campaignId":"","_links":{"self":[{"href":"https:\/\/c3zurich.ch\/de\/wp-json\/wp\/v2\/pages\/13338","targetHints":{"allow":["GET"]}}],"collection":[{"href":"https:\/\/c3zurich.ch\/de\/wp-json\/wp\/v2\/pages"}],"about":[{"href":"https:\/\/c3zurich.ch\/de\/wp-json\/wp\/v2\/types\/page"}],"author":[{"embeddable":true,"href":"https:\/\/c3zurich.ch\/de\/wp-json\/wp\/v2\/users\/16"}],"replies":[{"embeddable":true,"href":"https:\/\/c3zurich.ch\/de\/wp-json\/wp\/v2\/comments?post=13338"}],"version-history":[{"count":11,"href":"https:\/\/c3zurich.ch\/de\/wp-json\/wp\/v2\/pages\/13338\/revisions"}],"predecessor-version":[{"id":13485,"href":"https:\/\/c3zurich.ch\/de\/wp-json\/wp\/v2\/pages\/13338\/revisions\/13485"}],"wp:featuredmedia":[{"embeddable":true,"href":"https:\/\/c3zurich.ch\/de\/wp-json\/wp\/v2\/media\/13433"}],"wp:attachment":[{"href":"https:\/\/c3zurich.ch\/de\/wp-json\/wp\/v2\/media?parent=13338"}],"curies":[{"name":"wp","href":"https:\/\/api.w.org\/{rel}","templated":true}]}}