{"id":13329,"date":"2026-01-16T17:14:19","date_gmt":"2026-01-16T16:14:19","guid":{"rendered":"https:\/\/c3zurich.ch\/?page_id=13329"},"modified":"2026-01-16T17:18:34","modified_gmt":"2026-01-16T16:18:34","slug":"bank-transfer","status":"publish","type":"page","link":"https:\/\/c3zurich.ch\/de\/bank-transfer\/","title":{"rendered":"Bank Transfer"},"content":{"rendered":"\n<h2>\n\t\t\tBank Transfer\t<\/h2>\n\t<p>Hier findest du die Bankverbindungen der C3 Z\u00fcrich Standorte, an die du eine Spende \u00fcberweisen oder einen Dauerauftrag einrichten kannst.<\/p>\n<h2>\n\t\t\tC3 Zurich West\t<\/h2>\n<p>Scanne den QR Code wie einen Einzahlungschein in deiner Banking-App.<\/p>\n<figure itemscope itemtype=\"https:\/\/schema.org\/ImageObject\">\n\t\t\t\t<img decoding=\"async\" src=\"https:\/\/c3zurich.ch\/wp-content\/uploads\/2026\/01\/regular_tithing_new.png\" alt=\"regular_tithing_new\" height=\"348\" width=\"347\" title=\"regular_tithing_new\" onerror=\"this.style.display='none'\" loading=\"lazy\" \/>\n\t<\/figure>\n\tC3 Zurich<br \/>\nLessingstrasse 5<br \/>\n8005 Z\u00fcrich\n<strong>Z\u00fcrcher Kantonalbank<\/strong><br \/>\n<strong>IBAN:<\/strong>\u00a0CH06 0070 0110 0037 6788 6\n<p><strong>SWIFT address (BIC):<\/strong> ZKBKCHZZ80A<\/p>\nZ\u00fcrcher Kantonalbank<br \/>\nPostfach<br \/>\n8010 Z\u00fcrich\n<h2>\n\t\t\tC3 Zurich South\t<\/h2>\n\t<p>Scanne den QR Code wie einen Einzahlungschein in deiner Banking-App.<\/p>\n<figure itemscope itemtype=\"https:\/\/schema.org\/ImageObject\">\n\t\t\t\t<img decoding=\"async\" src=\"https:\/\/c3zurich.ch\/wp-content\/uploads\/2026\/01\/C3-Zurich-South-Bank-QR-Code.png\" alt=\"C3 Zurich South Bank QR Code\" height=\"358\" width=\"358\" title=\"C3 Zurich South Bank QR Code\" onerror=\"this.style.display='none'\" loading=\"lazy\" \/>\n\t<\/figure>\n\tC3 Zurich<br \/>\nLessingstrasse 5<br \/>\n8005 Z\u00fcrich\n<strong>Z\u00fcrcher Kantonalbank<\/strong><br \/>\n<strong>IBAN:<\/strong> CH79 0070 0114 9047 6897 8\n<p><strong>SWIFT address (BIC):<\/strong> ZKBKCHZZ80A<\/p>\nZ\u00fcrcher Kantonalbank<br \/>\nPostfach<br \/>\n8010 Z\u00fcrich\n\n","protected":false},"excerpt":{"rendered":"<p>Bank Transfer Hier findest du die Bankverbindungen der C3 Z\u00fcrich Standorte, an die du eine Spende \u00fcberweisen oder einen Dauerauftrag einrichten kannst. C3 Zurich West Scanne den QR Code wie einen Einzahlungschein in deiner Banking-App. C3 Zurich Lessingstrasse 5 8005 Z\u00fcrich Z\u00fcrcher Kantonalbank IBAN:\u00a0CH06 0070 0110 0037 6788 6 SWIFT address (BIC): ZKBKCHZZ80A Z\u00fcrcher Kantonalbank [&hellip;]<\/p>\n","protected":false},"author":10,"featured_media":0,"parent":0,"menu_order":0,"comment_status":"closed","ping_status":"closed","template":"","meta":{"give_campaign_id":0,"inline_featured_image":false,"_monsterinsights_skip_tracking":false,"_monsterinsights_sitenote_active":false,"_monsterinsights_sitenote_note":"","_monsterinsights_sitenote_category":0,"_genesis_hide_title":true,"_genesis_hide_breadcrumbs":false,"_genesis_hide_singular_image":false,"_genesis_hide_footer_widgets":false,"_genesis_custom_body_class":"","_genesis_custom_post_class":"","_genesis_layout":"","footnotes":""},"class_list":{"0":"post-13329","1":"page","2":"type-page","3":"status-publish","5":"entry","6":"has-post-thumbnail"},"yoast_head":"<!-- This site is optimized with the Yoast SEO plugin v27.2 - https:\/\/yoast.com\/product\/yoast-seo-wordpress\/ -->\n<title>Bank Transfer | C3 Z\u00fcrich<\/title>\n<meta name=\"robots\" content=\"index, follow, max-snippet:-1, max-image-preview:large, max-video-preview:-1\" \/>\n<link rel=\"canonical\" href=\"https:\/\/c3zurich.ch\/de\/bank-transfer\/\" \/>\n<meta property=\"og:locale\" content=\"de_DE\" \/>\n<meta property=\"og:type\" content=\"article\" \/>\n<meta property=\"og:title\" content=\"Bank Transfer | C3 Z\u00fcrich\" \/>\n<meta property=\"og:description\" content=\"Bank Transfer Hier findest du die Bankverbindungen der C3 Z\u00fcrich Standorte, an die du eine Spende \u00fcberweisen oder einen Dauerauftrag einrichten kannst. C3 Zurich West Scanne den QR Code wie einen Einzahlungschein in deiner Banking-App. C3 Zurich Lessingstrasse 5 8005 Z\u00fcrich Z\u00fcrcher Kantonalbank IBAN:\u00a0CH06 0070 0110 0037 6788 6 SWIFT address (BIC): ZKBKCHZZ80A Z\u00fcrcher Kantonalbank [&hellip;]\" \/>\n<meta property=\"og:url\" content=\"https:\/\/c3zurich.ch\/de\/bank-transfer\/\" \/>\n<meta property=\"og:site_name\" content=\"C3 Z\u00fcrich\" \/>\n<meta property=\"article:publisher\" content=\"https:\/\/www.facebook.com\/C3Zurich\/\" \/>\n<meta property=\"article:modified_time\" content=\"2026-01-16T16:18:34+00:00\" \/>\n<meta property=\"og:image\" content=\"https:\/\/c3zurich.ch\/wp-content\/uploads\/2026\/01\/regular_tithing_new.png\" \/>\n<meta name=\"twitter:card\" content=\"summary_large_image\" \/>\n<meta name=\"twitter:site\" content=\"@c3zurich\" \/>\n<meta name=\"twitter:label1\" content=\"Gesch\u00e4tzte Lesezeit\" \/>\n\t<meta name=\"twitter:data1\" content=\"1\u00a0Minute\" \/>\n<script type=\"application\/ld+json\" class=\"yoast-schema-graph\">{\"@context\":\"https:\/\/schema.org\",\"@graph\":[{\"@type\":\"WebPage\",\"@id\":\"https:\/\/c3zurich.ch\/de\/bank-transfer\/\",\"url\":\"https:\/\/c3zurich.ch\/de\/bank-transfer\/\",\"name\":\"Bank Transfer | C3 Z\u00fcrich\",\"isPartOf\":{\"@id\":\"https:\/\/c3zurich.ch\/#website\"},\"primaryImageOfPage\":{\"@id\":\"https:\/\/c3zurich.ch\/de\/bank-transfer\/#primaryimage\"},\"image\":{\"@id\":\"https:\/\/c3zurich.ch\/de\/bank-transfer\/#primaryimage\"},\"thumbnailUrl\":\"https:\/\/c3zurich.ch\/wp-content\/uploads\/2026\/01\/regular_tithing_new.png\",\"datePublished\":\"2026-01-16T16:14:19+00:00\",\"dateModified\":\"2026-01-16T16:18:34+00:00\",\"inLanguage\":\"de-CH\",\"potentialAction\":[{\"@type\":\"ReadAction\",\"target\":[\"https:\/\/c3zurich.ch\/de\/bank-transfer\/\"]}]},{\"@type\":\"ImageObject\",\"inLanguage\":\"de-CH\",\"@id\":\"https:\/\/c3zurich.ch\/de\/bank-transfer\/#primaryimage\",\"url\":\"https:\/\/c3zurich.ch\/wp-content\/uploads\/2026\/01\/regular_tithing_new.png\",\"contentUrl\":\"https:\/\/c3zurich.ch\/wp-content\/uploads\/2026\/01\/regular_tithing_new.png\"},{\"@type\":\"WebSite\",\"@id\":\"https:\/\/c3zurich.ch\/#website\",\"url\":\"https:\/\/c3zurich.ch\/\",\"name\":\"C3 Zurich\",\"description\":\"Eine Glaubensgemeinschaft im Zentrum von Z\u00fcrich mit Gottesdiensten in Mundart und Englisch\",\"publisher\":{\"@id\":\"https:\/\/c3zurich.ch\/#organization\"},\"potentialAction\":[{\"@type\":\"SearchAction\",\"target\":{\"@type\":\"EntryPoint\",\"urlTemplate\":\"https:\/\/c3zurich.ch\/?s={search_term_string}\"},\"query-input\":{\"@type\":\"PropertyValueSpecification\",\"valueRequired\":true,\"valueName\":\"search_term_string\"}}],\"inLanguage\":\"de-CH\"},{\"@type\":\"Organization\",\"@id\":\"https:\/\/c3zurich.ch\/#organization\",\"name\":\"C3 Church Zurich\",\"alternateName\":\"C3 Zurich\",\"url\":\"https:\/\/c3zurich.ch\/\",\"logo\":{\"@type\":\"ImageObject\",\"inLanguage\":\"de-CH\",\"@id\":\"https:\/\/c3zurich.ch\/#\/schema\/logo\/image\/\",\"url\":\"https:\/\/c3zurich.ch\/wp-content\/uploads\/2019\/11\/Church-Worship-Scene.jpg\",\"contentUrl\":\"https:\/\/c3zurich.ch\/wp-content\/uploads\/2019\/11\/Church-Worship-Scene.jpg\",\"width\":2048,\"height\":1365,\"caption\":\"C3 Church Zurich\"},\"image\":{\"@id\":\"https:\/\/c3zurich.ch\/#\/schema\/logo\/image\/\"},\"sameAs\":[\"https:\/\/www.facebook.com\/C3Zurich\/\",\"https:\/\/x.com\/c3zurich\",\"https:\/\/www.instagram.com\/c3zurich\/\"]}]}<\/script>\n<!-- \/ Yoast SEO plugin. -->","yoast_head_json":{"title":"Bank Transfer | C3 Z\u00fcrich","robots":{"index":"index","follow":"follow","max-snippet":"max-snippet:-1","max-image-preview":"max-image-preview:large","max-video-preview":"max-video-preview:-1"},"canonical":"https:\/\/c3zurich.ch\/de\/bank-transfer\/","og_locale":"de_DE","og_type":"article","og_title":"Bank Transfer | C3 Z\u00fcrich","og_description":"Bank Transfer Hier findest du die Bankverbindungen der C3 Z\u00fcrich Standorte, an die du eine Spende \u00fcberweisen oder einen Dauerauftrag einrichten kannst. C3 Zurich West Scanne den QR Code wie einen Einzahlungschein in deiner Banking-App. C3 Zurich Lessingstrasse 5 8005 Z\u00fcrich Z\u00fcrcher Kantonalbank IBAN:\u00a0CH06 0070 0110 0037 6788 6 SWIFT address (BIC): ZKBKCHZZ80A Z\u00fcrcher Kantonalbank [&hellip;]","og_url":"https:\/\/c3zurich.ch\/de\/bank-transfer\/","og_site_name":"C3 Z\u00fcrich","article_publisher":"https:\/\/www.facebook.com\/C3Zurich\/","article_modified_time":"2026-01-16T16:18:34+00:00","og_image":[{"url":"https:\/\/c3zurich.ch\/wp-content\/uploads\/2026\/01\/regular_tithing_new.png","type":"","width":"","height":""}],"twitter_card":"summary_large_image","twitter_site":"@c3zurich","twitter_misc":{"Gesch\u00e4tzte Lesezeit":"1\u00a0Minute"},"schema":{"@context":"https:\/\/schema.org","@graph":[{"@type":"WebPage","@id":"https:\/\/c3zurich.ch\/de\/bank-transfer\/","url":"https:\/\/c3zurich.ch\/de\/bank-transfer\/","name":"Bank Transfer | C3 Z\u00fcrich","isPartOf":{"@id":"https:\/\/c3zurich.ch\/#website"},"primaryImageOfPage":{"@id":"https:\/\/c3zurich.ch\/de\/bank-transfer\/#primaryimage"},"image":{"@id":"https:\/\/c3zurich.ch\/de\/bank-transfer\/#primaryimage"},"thumbnailUrl":"https:\/\/c3zurich.ch\/wp-content\/uploads\/2026\/01\/regular_tithing_new.png","datePublished":"2026-01-16T16:14:19+00:00","dateModified":"2026-01-16T16:18:34+00:00","inLanguage":"de-CH","potentialAction":[{"@type":"ReadAction","target":["https:\/\/c3zurich.ch\/de\/bank-transfer\/"]}]},{"@type":"ImageObject","inLanguage":"de-CH","@id":"https:\/\/c3zurich.ch\/de\/bank-transfer\/#primaryimage","url":"https:\/\/c3zurich.ch\/wp-content\/uploads\/2026\/01\/regular_tithing_new.png","contentUrl":"https:\/\/c3zurich.ch\/wp-content\/uploads\/2026\/01\/regular_tithing_new.png"},{"@type":"WebSite","@id":"https:\/\/c3zurich.ch\/#website","url":"https:\/\/c3zurich.ch\/","name":"C3 Zurich","description":"Eine Glaubensgemeinschaft im Zentrum von Z\u00fcrich mit Gottesdiensten in Mundart und Englisch","publisher":{"@id":"https:\/\/c3zurich.ch\/#organization"},"potentialAction":[{"@type":"SearchAction","target":{"@type":"EntryPoint","urlTemplate":"https:\/\/c3zurich.ch\/?s={search_term_string}"},"query-input":{"@type":"PropertyValueSpecification","valueRequired":true,"valueName":"search_term_string"}}],"inLanguage":"de-CH"},{"@type":"Organization","@id":"https:\/\/c3zurich.ch\/#organization","name":"C3 Church Zurich","alternateName":"C3 Zurich","url":"https:\/\/c3zurich.ch\/","logo":{"@type":"ImageObject","inLanguage":"de-CH","@id":"https:\/\/c3zurich.ch\/#\/schema\/logo\/image\/","url":"https:\/\/c3zurich.ch\/wp-content\/uploads\/2019\/11\/Church-Worship-Scene.jpg","contentUrl":"https:\/\/c3zurich.ch\/wp-content\/uploads\/2019\/11\/Church-Worship-Scene.jpg","width":2048,"height":1365,"caption":"C3 Church Zurich"},"image":{"@id":"https:\/\/c3zurich.ch\/#\/schema\/logo\/image\/"},"sameAs":["https:\/\/www.facebook.com\/C3Zurich\/","https:\/\/x.com\/c3zurich","https:\/\/www.instagram.com\/c3zurich\/"]}]}},"campaignId":"0","_links":{"self":[{"href":"https:\/\/c3zurich.ch\/de\/wp-json\/wp\/v2\/pages\/13329","targetHints":{"allow":["GET"]}}],"collection":[{"href":"https:\/\/c3zurich.ch\/de\/wp-json\/wp\/v2\/pages"}],"about":[{"href":"https:\/\/c3zurich.ch\/de\/wp-json\/wp\/v2\/types\/page"}],"author":[{"embeddable":true,"href":"https:\/\/c3zurich.ch\/de\/wp-json\/wp\/v2\/users\/10"}],"replies":[{"embeddable":true,"href":"https:\/\/c3zurich.ch\/de\/wp-json\/wp\/v2\/comments?post=13329"}],"version-history":[{"count":4,"href":"https:\/\/c3zurich.ch\/de\/wp-json\/wp\/v2\/pages\/13329\/revisions"}],"predecessor-version":[{"id":13336,"href":"https:\/\/c3zurich.ch\/de\/wp-json\/wp\/v2\/pages\/13329\/revisions\/13336"}],"wp:attachment":[{"href":"https:\/\/c3zurich.ch\/de\/wp-json\/wp\/v2\/media?parent=13329"}],"curies":[{"name":"wp","href":"https:\/\/api.w.org\/{rel}","templated":true}]}}