{"id":12416,"date":"2025-03-25T14:50:45","date_gmt":"2025-03-25T13:50:45","guid":{"rendered":"https:\/\/c3zurich.ch\/?page_id=12416"},"modified":"2025-04-14T10:51:19","modified_gmt":"2025-04-14T08:51:19","slug":"vision-builders","status":"publish","type":"page","link":"https:\/\/c3zurich.ch\/de\/vision-builders\/","title":{"rendered":"Vision Builders"},"content":{"rendered":"\n<h2>\n\t\tVision Builders 2025\n\t<\/h2>\n\t\t\t<a href=\"\/de\/vision-builders#vb-give-form-de\" target=\"_self\">\n\t\t\t\t\t\t\tSpende jetzt\n\t\t\t\t\t<\/a>\n<h2>\n\t\tWir wachsen&#8230; zusammen\n\t<\/h2>\n\t<iframe loading=\"lazy\" width=\"560\" height=\"315\" src=\"https:\/\/www.youtube.com\/embed\/y6WcpL06yGo?si=9-s67pN_VU6N1UFD\" title=\"YouTube video player\" frameborder=\"0\" allow=\"accelerometer; autoplay; clipboard-write; encrypted-media; gyroscope; picture-in-picture; web-share\" referrerpolicy=\"strict-origin-when-cross-origin\" allowfullscreen><\/iframe>\n\t<p>In den letzten f\u00fcnf Jahren hatten wir eine Vision: eine Kirche mit mehreren Standorten in Z\u00fcrich zu sein &#8211; und dabei immer pers\u00f6nlich zu bleiben. Eine Kirche, in der niemand in der Menge untergeht, sondern jeder Mensch gekannt, gesehen und wertgesch\u00e4tzt wird.<\/p>\n<p>C3 Z\u00fcrich ist an unserem aktuellen Standort gewachsen und wir stossen an unsere Kapazit\u00e4tsgrenzen. Doch wollen wir nicht stehen bleiben. Wir m\u00f6chten weiterhin das Evangelium verbreiten, mehr Menschen die M\u00f6glichkeit geben, Jesus zu begegnen, und unsere Gemeinschaft stark und eng verbunden halten. Deshalb starten wir <strong>C3 Z\u00fcrich S\u00fcd<\/strong>.<\/p>\n<p>Dies ist keine Kirchenspaltung, sondern eine Erweiterung unserer Vision.\u00a0 <strong>Eine Kirche<\/strong>, <strong>eine Gemeinschaft<\/strong>, <strong>ein Herz<\/strong> &#8211; jetzt an <strong>zwei Standorten<\/strong>.<\/p>\n<h2>\n\t\tWarum ein zweiter Standort?\n\t<\/h2>\n\t<p>Wir glauben, dass sich die Kirche wie ein Zuhause anf\u00fchlen sollte. Und wenn ein Zuhause voll wird, quetscht man nicht einfach mehr Menschen hinein, sondern man schafft mehr Platz.<\/p>\n<p>Die Er\u00f6ffnung eines zweiten Standorts in <strong>Enge\/Sihlcity<\/strong> erm\u00f6glicht es uns, weiterhin eine lebendige Gemeinschaft aufzubauen, ohne das enge und vertraute Miteinander zu verlieren, das C3 Z\u00fcrich so sehr auszeichnet. Unser Herz schl\u00e4gt daf\u00fcr, dass Menschen in der ganzen Stadt Gottes Liebe erleben &#8211; und dies ist der n\u00e4chste Schritt, um genau das m\u00f6glich zu machen.<\/p>\n<p>Dieser Ort wird auch das Zuhause f\u00fcr unser <strong>B\u00fcro, Worship Nights, Bandproben und Team-Events<\/strong> sein. Es ist nicht nur ein weiterer Veranstaltungsort &#8211; es ist eine Investition in unsere Zukunft.<\/p>\n<h2>\n\t\tEinige Impressionen\n\t<\/h2>\n\t\t\t\t<img loading=\"lazy\" decoding=\"async\" src=\"https:\/\/c3zurich.ch\/wp-content\/uploads\/2025\/03\/Main-Service-Room.jpg\" alt=\"Main Service Room\" itemprop=\"image\" height=\"666\" width=\"1000\" title=\"Main Service Room\" onerror=\"this.style.display='none'\"  \/>\n\t\t\t\t<img loading=\"lazy\" decoding=\"async\" src=\"https:\/\/c3zurich.ch\/wp-content\/uploads\/2025\/03\/Office-Welcome-Area.jpg\" alt=\"Office Welcome Area\" itemprop=\"image\" height=\"666\" width=\"1000\" title=\"Office Welcome Area\" onerror=\"this.style.display='none'\"  \/>\n\t\t\t\t<img loading=\"lazy\" decoding=\"async\" src=\"https:\/\/c3zurich.ch\/wp-content\/uploads\/2025\/03\/Front-Room.jpg\" alt=\"Front Room\" itemprop=\"image\" height=\"666\" width=\"1000\" title=\"Front Room\" onerror=\"this.style.display='none'\"  \/>\n<h2>\n\t\tWas brauchen wir? \n\t<\/h2>\n\t<p>Um diese Vision zu erm\u00f6glichen, ben\u00f6tigen wir <strong>200&#8217;000 CHF.<\/strong><\/p>\n<ul>\n<li>Dieser obige Betrag ist nicht f\u00fcr die Renovierung &#8211; daf\u00fcr haben wir dank eurer Grossz\u00fcgigkeit breites Mittel.<\/li>\n<li>Es handelt sich um <strong>eine einmalige Spendenaktion<\/strong>, um die Mietkosten f\u00fcr die n\u00e4chsten <strong>5 Jahre<\/strong> zu sichern.<\/li>\n<li>Damit k\u00f6nnen wir im Glauben vorangeben, in dem Wissen, dass dieser Ort finanziert ist.<\/li>\n<\/ul>\n<p>Gott hat uns bereit so viel bereitgestellt, und nun laden wir Dich ein, Teil dieses n\u00e4chstens Schrittes zu sein.<\/p>\n<h2>\n\t\tWie kannst Du helfen?\n\t<\/h2>\n\t<p>&nbsp;<\/p>\n<ol>\n<li><strong>Bete &#8211;<\/strong> Bitte Gott, Dir Inspiration zu geben und dein Herz f\u00fcr das vorzubereiten, was kommen wird.<\/li>\n<li><strong>Gib &#8211;<\/strong> Jede Spende, egal in welcher H\u00f6he, macht einen Unterschied.<\/li>\n<li><strong>Engagiere dich &#8211;<\/strong> Wenn du dich berufen f\u00fchlst, beim Start von C3 Z\u00fcrich S\u00fcd mitzuwirken, w\u00fcrden wir uns freuen, von dir zu h\u00f6ren!<\/li>\n<\/ol>\n<p>Um zu spenden, kannst du online \u00fcber unser spezielles\u00a0<strong>Vision Builders-Konto<\/strong> geben. Klicke unten, um zu spenden:<\/p>\n\t<div class=\"give-embed-form-wrapper\" id=\"give-69f2f84b88f90\"><iframe\n\t\t\t\tname=\"give-embed-form\"\n\t\t\t\tsrc=\"https:\/\/c3zurich.ch\/de\/give\/8777-2\/?giveDonationFormInIframe=1\"\n\t\t\t\t\n\t\t\t\tdata-autoScroll=\"0\"\n\t\t\t\tonload=\"if( 'undefined' !== typeof Give ) { Give.initializeIframeResize(this) }\"\n\t\t\t\tstyle=\"border: 0;visibility: hidden;min-height: 645px;\"><\/iframe><div class=\"iframe-loader\">\n<div style=\"\n\t\theight: calc(100% - 28px);\n\t\twidth: calc(100% - 20px);\n\t\tmax-width: 552px;\n\t\tmargin: 10px auto 10px auto;\n\t\tbackground: transparent;\n\t\tborder-radius: 6px;\n\t\tdisplay: flex;\n\t\talign-items: center;\n\t\tjustify-content: center;\n\t\">\n    <div style=\"\n        pointer-events: none;\n        height: 90px;\n        width: 90px;\n        background-image: url(&quot;data:image\/svg+xml;charset=utf8,%3C?xml version='1.0' encoding='utf-8'?%3E%3C!-- Generator: Adobe Illustrator 24.1.0, SVG Export Plug-In . SVG Version: 6.00 Build 0) --%3E%3Csvg version='1.1' id='Layer_1' xmlns='http:\/\/www.w3.org\/2000\/svg' xmlns:xlink='http:\/\/www.w3.org\/1999\/xlink' x='0px' y='0px' viewBox='0 0 349 348' style='enable-background:new 0 0 349 348;' xml:space='preserve'%3E%3Cstyle type='text\/css'%3E .st0{fill:%23dabe82;} %3C\/style%3E%3Cpath class='st0' d='M25.1,204.57c-13.38,0-24.47-10.6-24.97-24.08C0.04,178.09,0,175.97,0,174C0,77.78,78.28-0.5,174.5-0.5 c13.81,0,25,11.19,25,25s-11.19,25-25,25C105.85,49.5,50,105.35,50,174c0,1.37,0.03,2.85,0.1,4.65c0.51,13.8-10.27,25.39-24.07,25.9 C25.72,204.56,25.41,204.57,25.1,204.57z'\/%3E%3Cpath class='st0' d='M174.5,348.5c-13.81,0-25-11.19-25-25c0-13.81,11.19-25,25-25c68.65,0,124.5-55.85,124.5-124.5 c0-1.38-0.03-2.85-0.1-4.65c-0.51-13.8,10.26-25.4,24.06-25.91c13.83-0.53,25.4,10.26,25.91,24.06c0.09,2.39,0.13,4.51,0.13,6.49 C349,270.22,270.72,348.5,174.5,348.5z'\/%3E%3C\/svg%3E&quot;);\n        animation: spin 0.6s linear infinite;\n        \"><\/div>\n<\/div>\n<\/div><\/div>\n<h2>\n\t\tVision Builders\n\t<\/h2>\n\t<p>During the year we run our Vision Builders campaign specifically to support the Commission Team projects &amp; a new building for C3 Zurich. <a href=\"https:\/\/c3zurich.ch\/vision-builders\/\">To find out more about Vision Builders, click here.<\/a><\/p>\n\t<h3>Vision Builders<\/h3>\n<strong>Z\u00fcrcher Kantonalbank<\/strong><br \/>\n<strong>IBAN:<\/strong> CH52 0070 0114 8035 5423 2\n<p><img loading=\"lazy\" decoding=\"async\" src=\"https:\/\/c3zurich.ch\/wp-content\/uploads\/2024\/06\/vision_builder.png\" alt=\"\" width=\"192\" height=\"192\" \/><\/p>\n<h2>\n\t\tUntenstehend siehst Du, wie viel Geld wir schon gesammelt haben\n\t<\/h2>\n\t<p>Jede Woche werden wir Updates geben, wie viel bereits gesammelt wurde, Geschichten aus unserer Church-Family erz\u00e4hlen und M\u00f6glichkeiten aufzeigen, wie du dich einbringen kannst. Bleib dran \u00fcber:<\/p>\n<ul>\n<li><strong>Gottesdienst<\/strong> (Videos, Q&amp;A Sessions sowie Updates).<\/li>\n<li><strong>Social Media<\/strong> (Inspirierende Beitr\u00e4ge &amp; Updates).<\/li>\n<li><strong>Unsere Webseite<\/strong> (ein Live-Tracker, der dir Zeit, wie nah wir unserem Ziel sind.<\/li>\n<\/ul>\n<p>Lass uns dies gemeinsam angehen&#8230; Lass uns <strong>Wege bereiten, Raum schaffen und im Glauben voranschreiten.<\/strong><\/p>\n<h2>\n\t\tStatus vom 14. Apr 2025\n\t<\/h2>\n\t\t\t209,600\n\t\t\t\t\t\t\tCHF\n\n","protected":false},"excerpt":{"rendered":"<p>Vision Builders 2025 Spende jetzt Wir wachsen&#8230; zusammen In den letzten f\u00fcnf Jahren hatten wir eine Vision: eine Kirche mit mehreren Standorten in Z\u00fcrich zu sein &#8211; und dabei immer pers\u00f6nlich zu bleiben. Eine Kirche, in der niemand in der Menge untergeht, sondern jeder Mensch gekannt, gesehen und wertgesch\u00e4tzt wird. C3 Z\u00fcrich ist an unserem [&hellip;]<\/p>\n","protected":false},"author":10,"featured_media":0,"parent":0,"menu_order":0,"comment_status":"closed","ping_status":"closed","template":"my-templates\/no-title-template.php","meta":{"give_campaign_id":0,"inline_featured_image":false,"_monsterinsights_skip_tracking":false,"_monsterinsights_sitenote_active":false,"_monsterinsights_sitenote_note":"","_monsterinsights_sitenote_category":0,"_genesis_hide_title":false,"_genesis_hide_breadcrumbs":false,"_genesis_hide_singular_image":false,"_genesis_hide_footer_widgets":false,"_genesis_custom_body_class":"","_genesis_custom_post_class":"","_genesis_layout":"","footnotes":""},"class_list":{"0":"post-12416","1":"page","2":"type-page","3":"status-publish","5":"entry","6":"has-post-thumbnail"},"yoast_head":"<!-- This site is optimized with the Yoast SEO plugin v27.2 - https:\/\/yoast.com\/product\/yoast-seo-wordpress\/ -->\n<title>Vision Builders | C3 Z\u00fcrich<\/title>\n<meta name=\"robots\" content=\"index, follow, max-snippet:-1, max-image-preview:large, max-video-preview:-1\" \/>\n<link rel=\"canonical\" href=\"https:\/\/c3zurich.ch\/de\/vision-builders\/\" \/>\n<meta property=\"og:locale\" content=\"de_DE\" \/>\n<meta property=\"og:type\" content=\"article\" \/>\n<meta property=\"og:title\" content=\"Vision Builders | C3 Z\u00fcrich\" \/>\n<meta property=\"og:description\" content=\"Vision Builders 2025 Spende jetzt Wir wachsen&#8230; zusammen In den letzten f\u00fcnf Jahren hatten wir eine Vision: eine Kirche mit mehreren Standorten in Z\u00fcrich zu sein &#8211; und dabei immer pers\u00f6nlich zu bleiben. Eine Kirche, in der niemand in der Menge untergeht, sondern jeder Mensch gekannt, gesehen und wertgesch\u00e4tzt wird. C3 Z\u00fcrich ist an unserem [&hellip;]\" \/>\n<meta property=\"og:url\" content=\"https:\/\/c3zurich.ch\/de\/vision-builders\/\" \/>\n<meta property=\"og:site_name\" content=\"C3 Z\u00fcrich\" \/>\n<meta property=\"article:publisher\" content=\"https:\/\/www.facebook.com\/C3Zurich\/\" \/>\n<meta property=\"article:modified_time\" content=\"2025-04-14T08:51:19+00:00\" \/>\n<meta property=\"og:image\" content=\"https:\/\/c3zurich.ch\/wp-content\/uploads\/2025\/03\/Main-Service-Room.jpg\" \/>\n<meta name=\"twitter:card\" content=\"summary_large_image\" \/>\n<meta name=\"twitter:site\" content=\"@c3zurich\" \/>\n<meta name=\"twitter:label1\" content=\"Gesch\u00e4tzte Lesezeit\" \/>\n\t<meta name=\"twitter:data1\" content=\"3\u00a0Minuten\" \/>\n<script type=\"application\/ld+json\" class=\"yoast-schema-graph\">{\"@context\":\"https:\/\/schema.org\",\"@graph\":[{\"@type\":\"WebPage\",\"@id\":\"https:\/\/c3zurich.ch\/de\/vision-builders\/\",\"url\":\"https:\/\/c3zurich.ch\/de\/vision-builders\/\",\"name\":\"Vision Builders | C3 Z\u00fcrich\",\"isPartOf\":{\"@id\":\"https:\/\/c3zurich.ch\/#website\"},\"primaryImageOfPage\":{\"@id\":\"https:\/\/c3zurich.ch\/de\/vision-builders\/#primaryimage\"},\"image\":{\"@id\":\"https:\/\/c3zurich.ch\/de\/vision-builders\/#primaryimage\"},\"thumbnailUrl\":\"https:\/\/c3zurich.ch\/wp-content\/uploads\/2025\/03\/Main-Service-Room.jpg\",\"datePublished\":\"2025-03-25T13:50:45+00:00\",\"dateModified\":\"2025-04-14T08:51:19+00:00\",\"inLanguage\":\"de-CH\",\"potentialAction\":[{\"@type\":\"ReadAction\",\"target\":[\"https:\/\/c3zurich.ch\/de\/vision-builders\/\"]}]},{\"@type\":\"ImageObject\",\"inLanguage\":\"de-CH\",\"@id\":\"https:\/\/c3zurich.ch\/de\/vision-builders\/#primaryimage\",\"url\":\"https:\/\/c3zurich.ch\/wp-content\/uploads\/2025\/03\/Main-Service-Room.jpg\",\"contentUrl\":\"https:\/\/c3zurich.ch\/wp-content\/uploads\/2025\/03\/Main-Service-Room.jpg\"},{\"@type\":\"WebSite\",\"@id\":\"https:\/\/c3zurich.ch\/#website\",\"url\":\"https:\/\/c3zurich.ch\/\",\"name\":\"C3 Zurich\",\"description\":\"Eine Glaubensgemeinschaft im Zentrum von Z\u00fcrich mit Gottesdiensten in Mundart und Englisch\",\"publisher\":{\"@id\":\"https:\/\/c3zurich.ch\/#organization\"},\"potentialAction\":[{\"@type\":\"SearchAction\",\"target\":{\"@type\":\"EntryPoint\",\"urlTemplate\":\"https:\/\/c3zurich.ch\/?s={search_term_string}\"},\"query-input\":{\"@type\":\"PropertyValueSpecification\",\"valueRequired\":true,\"valueName\":\"search_term_string\"}}],\"inLanguage\":\"de-CH\"},{\"@type\":\"Organization\",\"@id\":\"https:\/\/c3zurich.ch\/#organization\",\"name\":\"C3 Church Zurich\",\"alternateName\":\"C3 Zurich\",\"url\":\"https:\/\/c3zurich.ch\/\",\"logo\":{\"@type\":\"ImageObject\",\"inLanguage\":\"de-CH\",\"@id\":\"https:\/\/c3zurich.ch\/#\/schema\/logo\/image\/\",\"url\":\"https:\/\/c3zurich.ch\/wp-content\/uploads\/2019\/11\/Church-Worship-Scene.jpg\",\"contentUrl\":\"https:\/\/c3zurich.ch\/wp-content\/uploads\/2019\/11\/Church-Worship-Scene.jpg\",\"width\":2048,\"height\":1365,\"caption\":\"C3 Church Zurich\"},\"image\":{\"@id\":\"https:\/\/c3zurich.ch\/#\/schema\/logo\/image\/\"},\"sameAs\":[\"https:\/\/www.facebook.com\/C3Zurich\/\",\"https:\/\/x.com\/c3zurich\",\"https:\/\/www.instagram.com\/c3zurich\/\"]}]}<\/script>\n<!-- \/ Yoast SEO plugin. -->","yoast_head_json":{"title":"Vision Builders | C3 Z\u00fcrich","robots":{"index":"index","follow":"follow","max-snippet":"max-snippet:-1","max-image-preview":"max-image-preview:large","max-video-preview":"max-video-preview:-1"},"canonical":"https:\/\/c3zurich.ch\/de\/vision-builders\/","og_locale":"de_DE","og_type":"article","og_title":"Vision Builders | C3 Z\u00fcrich","og_description":"Vision Builders 2025 Spende jetzt Wir wachsen&#8230; zusammen In den letzten f\u00fcnf Jahren hatten wir eine Vision: eine Kirche mit mehreren Standorten in Z\u00fcrich zu sein &#8211; und dabei immer pers\u00f6nlich zu bleiben. Eine Kirche, in der niemand in der Menge untergeht, sondern jeder Mensch gekannt, gesehen und wertgesch\u00e4tzt wird. C3 Z\u00fcrich ist an unserem [&hellip;]","og_url":"https:\/\/c3zurich.ch\/de\/vision-builders\/","og_site_name":"C3 Z\u00fcrich","article_publisher":"https:\/\/www.facebook.com\/C3Zurich\/","article_modified_time":"2025-04-14T08:51:19+00:00","og_image":[{"url":"https:\/\/c3zurich.ch\/wp-content\/uploads\/2025\/03\/Main-Service-Room.jpg","type":"","width":"","height":""}],"twitter_card":"summary_large_image","twitter_site":"@c3zurich","twitter_misc":{"Gesch\u00e4tzte Lesezeit":"3\u00a0Minuten"},"schema":{"@context":"https:\/\/schema.org","@graph":[{"@type":"WebPage","@id":"https:\/\/c3zurich.ch\/de\/vision-builders\/","url":"https:\/\/c3zurich.ch\/de\/vision-builders\/","name":"Vision Builders | C3 Z\u00fcrich","isPartOf":{"@id":"https:\/\/c3zurich.ch\/#website"},"primaryImageOfPage":{"@id":"https:\/\/c3zurich.ch\/de\/vision-builders\/#primaryimage"},"image":{"@id":"https:\/\/c3zurich.ch\/de\/vision-builders\/#primaryimage"},"thumbnailUrl":"https:\/\/c3zurich.ch\/wp-content\/uploads\/2025\/03\/Main-Service-Room.jpg","datePublished":"2025-03-25T13:50:45+00:00","dateModified":"2025-04-14T08:51:19+00:00","inLanguage":"de-CH","potentialAction":[{"@type":"ReadAction","target":["https:\/\/c3zurich.ch\/de\/vision-builders\/"]}]},{"@type":"ImageObject","inLanguage":"de-CH","@id":"https:\/\/c3zurich.ch\/de\/vision-builders\/#primaryimage","url":"https:\/\/c3zurich.ch\/wp-content\/uploads\/2025\/03\/Main-Service-Room.jpg","contentUrl":"https:\/\/c3zurich.ch\/wp-content\/uploads\/2025\/03\/Main-Service-Room.jpg"},{"@type":"WebSite","@id":"https:\/\/c3zurich.ch\/#website","url":"https:\/\/c3zurich.ch\/","name":"C3 Zurich","description":"Eine Glaubensgemeinschaft im Zentrum von Z\u00fcrich mit Gottesdiensten in Mundart und Englisch","publisher":{"@id":"https:\/\/c3zurich.ch\/#organization"},"potentialAction":[{"@type":"SearchAction","target":{"@type":"EntryPoint","urlTemplate":"https:\/\/c3zurich.ch\/?s={search_term_string}"},"query-input":{"@type":"PropertyValueSpecification","valueRequired":true,"valueName":"search_term_string"}}],"inLanguage":"de-CH"},{"@type":"Organization","@id":"https:\/\/c3zurich.ch\/#organization","name":"C3 Church Zurich","alternateName":"C3 Zurich","url":"https:\/\/c3zurich.ch\/","logo":{"@type":"ImageObject","inLanguage":"de-CH","@id":"https:\/\/c3zurich.ch\/#\/schema\/logo\/image\/","url":"https:\/\/c3zurich.ch\/wp-content\/uploads\/2019\/11\/Church-Worship-Scene.jpg","contentUrl":"https:\/\/c3zurich.ch\/wp-content\/uploads\/2019\/11\/Church-Worship-Scene.jpg","width":2048,"height":1365,"caption":"C3 Church Zurich"},"image":{"@id":"https:\/\/c3zurich.ch\/#\/schema\/logo\/image\/"},"sameAs":["https:\/\/www.facebook.com\/C3Zurich\/","https:\/\/x.com\/c3zurich","https:\/\/www.instagram.com\/c3zurich\/"]}]}},"campaignId":"","_links":{"self":[{"href":"https:\/\/c3zurich.ch\/de\/wp-json\/wp\/v2\/pages\/12416","targetHints":{"allow":["GET"]}}],"collection":[{"href":"https:\/\/c3zurich.ch\/de\/wp-json\/wp\/v2\/pages"}],"about":[{"href":"https:\/\/c3zurich.ch\/de\/wp-json\/wp\/v2\/types\/page"}],"author":[{"embeddable":true,"href":"https:\/\/c3zurich.ch\/de\/wp-json\/wp\/v2\/users\/10"}],"replies":[{"embeddable":true,"href":"https:\/\/c3zurich.ch\/de\/wp-json\/wp\/v2\/comments?post=12416"}],"version-history":[{"count":18,"href":"https:\/\/c3zurich.ch\/de\/wp-json\/wp\/v2\/pages\/12416\/revisions"}],"predecessor-version":[{"id":12554,"href":"https:\/\/c3zurich.ch\/de\/wp-json\/wp\/v2\/pages\/12416\/revisions\/12554"}],"wp:attachment":[{"href":"https:\/\/c3zurich.ch\/de\/wp-json\/wp\/v2\/media?parent=12416"}],"curies":[{"name":"wp","href":"https:\/\/api.w.org\/{rel}","templated":true}]}}