{"id":11131,"date":"2023-10-16T09:43:42","date_gmt":"2023-10-16T07:43:42","guid":{"rendered":"https:\/\/c3zurich.ch\/?page_id=11131"},"modified":"2024-06-14T12:57:07","modified_gmt":"2024-06-14T10:57:07","slug":"was-wir-glauben","status":"publish","type":"page","link":"https:\/\/c3zurich.ch\/de\/was-wir-glauben\/","title":{"rendered":"Was wir glauben"},"content":{"rendered":"\n\n\t<h1>Was wir glauben<\/h1>\n\t<h3>Wir leben nach unseren \u00dcberzeugungen, den Kernwerten, die uns ausmachen. Die Bibel ist unser Lebensratgeber, nicht nur, weil sie gut ist, sondern weil sie wahr ist.<\/h3>\n\t<p><strong>1. Wir glauben, dass es einen Gott gibt, der ewig existiert und aus drei Personen besteht: Gott der Vater, Gott der Sohn und Gott der Heilige Geist.<\/strong><\/p>\n<p><strong>2. Wir glauben an Gott den Vater, den Allm\u00e4chtigen, den Sch\u00f6pfer des Himmels und der Erde, aller sichtbaren und unsichtbaren Dinge.<\/strong><\/p>\n<p><strong>3. Wir glauben, dass Gott der Sohn, Jesus Christus, der Herr ist.<\/strong> Wir glauben an seine jungfr\u00e4uliche Geburt, sein s\u00fcndenloses Leben, seinen siegreichen und s\u00fchnenden Tod, seine leibliche Auferstehung, seine Himmelfahrt zur Rechten des Vaters, sein st\u00e4ndiges Eintreten f\u00fcr sein Volk und an seine baldige Wiederkehr und ewige Herrschaft.<\/p>\n<p><strong>4. Wir glauben an Gott, den Heiligen Geist, der die Gegenwart und Kraft Gottes auf der Erde ist.<\/strong> Er offenbart Christus den Menschen. Er wohnt in den Gl\u00e4ubigen und verwandelt ihr Leben. Wir glauben an seine fortw\u00e4hrende Rolle, das christliche Leben zu st\u00e4rken.<\/p>\n<p><strong>5. Wir glauben an die Existenz einer unsichtbaren geistlichen Welt und geistlicher Wesen, einschlie\u00dflich des gro\u00dfen Feindes Gottes und des Menschen, Satan, der einen Aufstand gegen Gott f\u00fchrte und bis heute gegen Ihn und die Menschheit k\u00e4mpft.<\/strong> Wir glauben, dass Christus \u00fcber die Dunkelheit triumphiert hat und dieser Sieg bis in die Ewigkeit sichtbar sein wird.<\/p>\n<p><strong>6. Wir glauben, dass aufgrund der S\u00fcnde alle Menschen spirituell verloren sind und Erl\u00f6sung ben\u00f6tigen, die Gott durch Gnade durch den Glauben an Jesus Christus schenkt.<\/strong> Wir bekennen die Auferstehung der Toten, sowohl der Geretteten als auch der Verlorenen, die ersten zum ewigen Leben und die letzteren zur ewigen Trennung von Gott.<\/p>\n<p><strong>7. Wir glauben, dass die Bibel das unfehlbare Wort Gottes ist, lebendig und wirksam.<\/strong> Sie ist Gottes Offenbarung an die Menschheit, inspiriert durch den Heiligen Geist. Sie ist autoritative, zeitlose Wahrheit und bildet die Grundlage aller christlichen Lehre.<\/p>\n<p><strong>8. Wir glauben, dass die christliche Ehe von Gott eingesetzt, von Jesus best\u00e4tigt und zwischen einem Mann und einer Frau ist.<\/strong> Wir glauben, dass Sex ein Geschenk Gottes ist, das f\u00fcr Intimit\u00e4t und Fortpflanzung innerhalb der Ehe bestimmt ist.<\/p>\n<p><strong>9. Wir glauben, dass die Kirche der Leib Christi ist.<\/strong> Wir glauben, dass Gottes Volk sich regelm\u00e4\u00dfig versammeln soll, um anzubeten, zu beten, Lehre aus dem Wort Gottes zu empfangen und das Abendmahl zu feiern.<\/p>\n<p><strong>10. Wir sind eine Pfingstbewegung.<\/strong> Wir glauben an die Wirksamkeit geistlicher Gaben, die den Gl\u00e4ubigen zur Auferbauung der Kirche gegeben sind. Dazu geh\u00f6rt die Gabe der Zungenrede. Wir glauben, dass alle Christen erwarten k\u00f6nnen, im Heiligen Geist getauft zu werden und unz\u00e4hlige Male mit dem Heiligen Geist erf\u00fcllt zu werden.<\/p>\n\n","protected":false},"excerpt":{"rendered":"<p>Was wir glauben Wir leben nach unseren \u00dcberzeugungen, den Kernwerten, die uns ausmachen. Die Bibel ist unser Lebensratgeber, nicht nur, weil sie gut ist, sondern weil sie wahr ist. 1. Wir glauben, dass es einen Gott gibt, der ewig existiert und aus drei Personen besteht: Gott der Vater, Gott der Sohn und Gott der Heilige [&hellip;]<\/p>\n","protected":false},"author":14,"featured_media":0,"parent":0,"menu_order":0,"comment_status":"closed","ping_status":"closed","template":"my-templates\/no-title-template.php","meta":{"give_campaign_id":0,"inline_featured_image":false,"_monsterinsights_skip_tracking":false,"_monsterinsights_sitenote_active":false,"_monsterinsights_sitenote_note":"","_monsterinsights_sitenote_category":0,"_genesis_hide_title":false,"_genesis_hide_breadcrumbs":false,"_genesis_hide_singular_image":false,"_genesis_hide_footer_widgets":false,"_genesis_custom_body_class":"","_genesis_custom_post_class":"","_genesis_layout":"","footnotes":""},"class_list":{"0":"post-11131","1":"page","2":"type-page","3":"status-publish","5":"entry"},"yoast_head":"<!-- This site is optimized with the Yoast SEO plugin v27.2 - https:\/\/yoast.com\/product\/yoast-seo-wordpress\/ -->\n<title>Was wir glauben | C3 Z\u00fcrich<\/title>\n<meta name=\"description\" content=\"Wir leben nach unseren \u00dcberzeugungen, den Kernwerten, die uns ausmachen. Die Bibel ist unser Lebensratgeber, nicht nur, weil sie gut ist, sondern weil sie wahr ist.\" \/>\n<meta name=\"robots\" content=\"index, follow, max-snippet:-1, max-image-preview:large, max-video-preview:-1\" \/>\n<link rel=\"canonical\" href=\"https:\/\/c3zurich.ch\/de\/was-wir-glauben\/\" \/>\n<meta property=\"og:locale\" content=\"de_DE\" \/>\n<meta property=\"og:type\" content=\"article\" \/>\n<meta property=\"og:title\" content=\"Was wir glauben | C3 Z\u00fcrich\" \/>\n<meta property=\"og:description\" content=\"Wir leben nach unseren \u00dcberzeugungen, den Kernwerten, die uns ausmachen. Die Bibel ist unser Lebensratgeber, nicht nur, weil sie gut ist, sondern weil sie wahr ist.\" \/>\n<meta property=\"og:url\" content=\"https:\/\/c3zurich.ch\/de\/was-wir-glauben\/\" \/>\n<meta property=\"og:site_name\" content=\"C3 Z\u00fcrich\" \/>\n<meta property=\"article:publisher\" content=\"https:\/\/www.facebook.com\/C3Zurich\/\" \/>\n<meta property=\"article:modified_time\" content=\"2024-06-14T10:57:07+00:00\" \/>\n<meta property=\"og:image\" content=\"https:\/\/c3zurich.ch\/wp-content\/uploads\/2019\/11\/Community-Picture.jpg\" \/>\n\t<meta property=\"og:image:width\" content=\"2048\" \/>\n\t<meta property=\"og:image:height\" content=\"1365\" \/>\n\t<meta property=\"og:image:type\" content=\"image\/jpeg\" \/>\n<meta name=\"twitter:card\" content=\"summary_large_image\" \/>\n<meta name=\"twitter:site\" content=\"@c3zurich\" \/>\n<meta name=\"twitter:label1\" content=\"Gesch\u00e4tzte Lesezeit\" \/>\n\t<meta name=\"twitter:data1\" content=\"2\u00a0Minuten\" \/>\n<script type=\"application\/ld+json\" class=\"yoast-schema-graph\">{\"@context\":\"https:\/\/schema.org\",\"@graph\":[{\"@type\":\"WebPage\",\"@id\":\"https:\/\/c3zurich.ch\/de\/was-wir-glauben\/\",\"url\":\"https:\/\/c3zurich.ch\/de\/was-wir-glauben\/\",\"name\":\"Was wir glauben | C3 Z\u00fcrich\",\"isPartOf\":{\"@id\":\"https:\/\/c3zurich.ch\/#website\"},\"datePublished\":\"2023-10-16T07:43:42+00:00\",\"dateModified\":\"2024-06-14T10:57:07+00:00\",\"description\":\"Wir leben nach unseren \u00dcberzeugungen, den Kernwerten, die uns ausmachen. Die Bibel ist unser Lebensratgeber, nicht nur, weil sie gut ist, sondern weil sie wahr ist.\",\"inLanguage\":\"de-CH\",\"potentialAction\":[{\"@type\":\"ReadAction\",\"target\":[\"https:\/\/c3zurich.ch\/de\/was-wir-glauben\/\"]}]},{\"@type\":\"WebSite\",\"@id\":\"https:\/\/c3zurich.ch\/#website\",\"url\":\"https:\/\/c3zurich.ch\/\",\"name\":\"C3 Zurich\",\"description\":\"Eine Glaubensgemeinschaft im Zentrum von Z\u00fcrich mit Gottesdiensten in Mundart und Englisch\",\"publisher\":{\"@id\":\"https:\/\/c3zurich.ch\/#organization\"},\"potentialAction\":[{\"@type\":\"SearchAction\",\"target\":{\"@type\":\"EntryPoint\",\"urlTemplate\":\"https:\/\/c3zurich.ch\/?s={search_term_string}\"},\"query-input\":{\"@type\":\"PropertyValueSpecification\",\"valueRequired\":true,\"valueName\":\"search_term_string\"}}],\"inLanguage\":\"de-CH\"},{\"@type\":\"Organization\",\"@id\":\"https:\/\/c3zurich.ch\/#organization\",\"name\":\"C3 Church Zurich\",\"alternateName\":\"C3 Zurich\",\"url\":\"https:\/\/c3zurich.ch\/\",\"logo\":{\"@type\":\"ImageObject\",\"inLanguage\":\"de-CH\",\"@id\":\"https:\/\/c3zurich.ch\/#\/schema\/logo\/image\/\",\"url\":\"https:\/\/c3zurich.ch\/wp-content\/uploads\/2019\/11\/Church-Worship-Scene.jpg\",\"contentUrl\":\"https:\/\/c3zurich.ch\/wp-content\/uploads\/2019\/11\/Church-Worship-Scene.jpg\",\"width\":2048,\"height\":1365,\"caption\":\"C3 Church Zurich\"},\"image\":{\"@id\":\"https:\/\/c3zurich.ch\/#\/schema\/logo\/image\/\"},\"sameAs\":[\"https:\/\/www.facebook.com\/C3Zurich\/\",\"https:\/\/x.com\/c3zurich\",\"https:\/\/www.instagram.com\/c3zurich\/\"]}]}<\/script>\n<!-- \/ Yoast SEO plugin. -->","yoast_head_json":{"title":"Was wir glauben | C3 Z\u00fcrich","description":"Wir leben nach unseren \u00dcberzeugungen, den Kernwerten, die uns ausmachen. Die Bibel ist unser Lebensratgeber, nicht nur, weil sie gut ist, sondern weil sie wahr ist.","robots":{"index":"index","follow":"follow","max-snippet":"max-snippet:-1","max-image-preview":"max-image-preview:large","max-video-preview":"max-video-preview:-1"},"canonical":"https:\/\/c3zurich.ch\/de\/was-wir-glauben\/","og_locale":"de_DE","og_type":"article","og_title":"Was wir glauben | C3 Z\u00fcrich","og_description":"Wir leben nach unseren \u00dcberzeugungen, den Kernwerten, die uns ausmachen. Die Bibel ist unser Lebensratgeber, nicht nur, weil sie gut ist, sondern weil sie wahr ist.","og_url":"https:\/\/c3zurich.ch\/de\/was-wir-glauben\/","og_site_name":"C3 Z\u00fcrich","article_publisher":"https:\/\/www.facebook.com\/C3Zurich\/","article_modified_time":"2024-06-14T10:57:07+00:00","og_image":[{"width":2048,"height":1365,"url":"https:\/\/c3zurich.ch\/wp-content\/uploads\/2019\/11\/Community-Picture.jpg","type":"image\/jpeg"}],"twitter_card":"summary_large_image","twitter_site":"@c3zurich","twitter_misc":{"Gesch\u00e4tzte Lesezeit":"2\u00a0Minuten"},"schema":{"@context":"https:\/\/schema.org","@graph":[{"@type":"WebPage","@id":"https:\/\/c3zurich.ch\/de\/was-wir-glauben\/","url":"https:\/\/c3zurich.ch\/de\/was-wir-glauben\/","name":"Was wir glauben | C3 Z\u00fcrich","isPartOf":{"@id":"https:\/\/c3zurich.ch\/#website"},"datePublished":"2023-10-16T07:43:42+00:00","dateModified":"2024-06-14T10:57:07+00:00","description":"Wir leben nach unseren \u00dcberzeugungen, den Kernwerten, die uns ausmachen. Die Bibel ist unser Lebensratgeber, nicht nur, weil sie gut ist, sondern weil sie wahr ist.","inLanguage":"de-CH","potentialAction":[{"@type":"ReadAction","target":["https:\/\/c3zurich.ch\/de\/was-wir-glauben\/"]}]},{"@type":"WebSite","@id":"https:\/\/c3zurich.ch\/#website","url":"https:\/\/c3zurich.ch\/","name":"C3 Zurich","description":"Eine Glaubensgemeinschaft im Zentrum von Z\u00fcrich mit Gottesdiensten in Mundart und Englisch","publisher":{"@id":"https:\/\/c3zurich.ch\/#organization"},"potentialAction":[{"@type":"SearchAction","target":{"@type":"EntryPoint","urlTemplate":"https:\/\/c3zurich.ch\/?s={search_term_string}"},"query-input":{"@type":"PropertyValueSpecification","valueRequired":true,"valueName":"search_term_string"}}],"inLanguage":"de-CH"},{"@type":"Organization","@id":"https:\/\/c3zurich.ch\/#organization","name":"C3 Church Zurich","alternateName":"C3 Zurich","url":"https:\/\/c3zurich.ch\/","logo":{"@type":"ImageObject","inLanguage":"de-CH","@id":"https:\/\/c3zurich.ch\/#\/schema\/logo\/image\/","url":"https:\/\/c3zurich.ch\/wp-content\/uploads\/2019\/11\/Church-Worship-Scene.jpg","contentUrl":"https:\/\/c3zurich.ch\/wp-content\/uploads\/2019\/11\/Church-Worship-Scene.jpg","width":2048,"height":1365,"caption":"C3 Church Zurich"},"image":{"@id":"https:\/\/c3zurich.ch\/#\/schema\/logo\/image\/"},"sameAs":["https:\/\/www.facebook.com\/C3Zurich\/","https:\/\/x.com\/c3zurich","https:\/\/www.instagram.com\/c3zurich\/"]}]}},"campaignId":"","_links":{"self":[{"href":"https:\/\/c3zurich.ch\/de\/wp-json\/wp\/v2\/pages\/11131","targetHints":{"allow":["GET"]}}],"collection":[{"href":"https:\/\/c3zurich.ch\/de\/wp-json\/wp\/v2\/pages"}],"about":[{"href":"https:\/\/c3zurich.ch\/de\/wp-json\/wp\/v2\/types\/page"}],"author":[{"embeddable":true,"href":"https:\/\/c3zurich.ch\/de\/wp-json\/wp\/v2\/users\/14"}],"replies":[{"embeddable":true,"href":"https:\/\/c3zurich.ch\/de\/wp-json\/wp\/v2\/comments?post=11131"}],"version-history":[{"count":8,"href":"https:\/\/c3zurich.ch\/de\/wp-json\/wp\/v2\/pages\/11131\/revisions"}],"predecessor-version":[{"id":11658,"href":"https:\/\/c3zurich.ch\/de\/wp-json\/wp\/v2\/pages\/11131\/revisions\/11658"}],"wp:attachment":[{"href":"https:\/\/c3zurich.ch\/de\/wp-json\/wp\/v2\/media?parent=11131"}],"curies":[{"name":"wp","href":"https:\/\/api.w.org\/{rel}","templated":true}]}}